{"id":17846,"date":"2022-07-01T09:40:57","date_gmt":"2022-07-01T09:40:57","guid":{"rendered":"https:\/\/onevet.pt\/seixal\/?page_id=17846"},"modified":"2023-07-17T15:41:40","modified_gmt":"2023-07-17T15:41:40","slug":"instalacoes","status":"publish","type":"page","link":"https:\/\/onevetgroup.pt\/seixal\/instalacoes\/","title":{"rendered":"Instala\u00e7\u00f5es"},"content":{"rendered":"\t\t<div data-elementor-type=\"wp-page\" data-elementor-id=\"17846\" class=\"elementor elementor-17846\" data-elementor-post-type=\"page\">\n\t\t\t\t\t\t<section class=\"elementor-section elementor-top-section elementor-element elementor-element-54cf215 pad-top-0 elementor-section-boxed elementor-section-height-default elementor-section-height-default\" data-id=\"54cf215\" data-element_type=\"section\" id=\"main-sec\" data-settings=\"{&quot;background_background&quot;:&quot;classic&quot;}\">\n\t\t\t\t\t\t<div class=\"elementor-container elementor-column-gap-wide\">\n\t\t\t\t\t<div class=\"elementor-column elementor-col-100 elementor-top-column elementor-element elementor-element-d926441\" data-id=\"d926441\" data-element_type=\"column\">\n\t\t\t<div class=\"elementor-widget-wrap elementor-element-populated\">\n\t\t\t\t\t\t<div class=\"elementor-element elementor-element-ac5c964 elementor-widget elementor-widget-text-editor\" data-id=\"ac5c964\" data-element_type=\"widget\" data-widget_type=\"text-editor.default\">\n\t\t\t\t<div class=\"elementor-widget-container\">\n\t\t\t\t\t\t\t\t\t<p>Contamos com uma equipa multidisciplinar e experiente em todas as \u00e1reas da medicina veterin\u00e1ria e do melhor equipamento e instala\u00e7\u00f5es para prestar o melhor servi\u00e7o e cuidado que o seu animal de estima\u00e7\u00e3o necessita.<\/p>\t\t\t\t\t\t\t\t<\/div>\n\t\t\t\t<\/div>\n\t\t\t\t<section class=\"elementor-section elementor-inner-section elementor-element elementor-element-98275a1 elementor-section-boxed elementor-section-height-default elementor-section-height-default\" data-id=\"98275a1\" data-element_type=\"section\">\n\t\t\t\t\t\t<div class=\"elementor-container elementor-column-gap-default\">\n\t\t\t\t\t<div class=\"elementor-column elementor-col-50 elementor-inner-column elementor-element elementor-element-07b222c\" data-id=\"07b222c\" data-element_type=\"column\">\n\t\t\t<div class=\"elementor-widget-wrap elementor-element-populated\">\n\t\t\t\t\t\t<div class=\"elementor-element elementor-element-44b52f4 elementor-widget elementor-widget-image\" data-id=\"44b52f4\" data-element_type=\"widget\" data-widget_type=\"image.default\">\n\t\t\t\t<div class=\"elementor-widget-container\">\n\t\t\t\t\t\t\t\t\t\t\t\t\t\t\t<img fetchpriority=\"high\" width=\"2048\" height=\"1365\" class=\"attachment-2048x2048 size-2048x2048 wp-image-19451 lazy\" alt=\"\" data-src=\"https:\/\/onevetgroup.pt\/seixal\/wp-content\/uploads\/sites\/33\/2023\/07\/DSC_3294-2048x1365.jpg\" data-lazy=\"https:\/\/onevetgroup.pt\/seixal\/wp-content\/uploads\/sites\/33\/2023\/07\/DSC_3294-2048x1365.jpg\" \/>\t\t\t\t\t\t\t\t\t\t\t\t\t\t\t<\/div>\n\t\t\t\t<\/div>\n\t\t\t\t\t<\/div>\n\t\t<\/div>\n\t\t\t\t<div class=\"elementor-column elementor-col-50 elementor-inner-column elementor-element elementor-element-e32254f\" data-id=\"e32254f\" data-element_type=\"column\">\n\t\t\t<div class=\"elementor-widget-wrap elementor-element-populated\">\n\t\t\t\t\t\t<div class=\"elementor-element elementor-element-6494dd8 elementor-widget elementor-widget-text-editor\" data-id=\"6494dd8\" data-element_type=\"widget\" data-widget_type=\"text-editor.default\">\n\t\t\t\t<div class=\"elementor-widget-container\">\n\t\t\t\t\t\t\t\t\t<p>Dispomos de amplas instala\u00e7\u00f5es dedicadas \u00e0 medicina veterin\u00e1ria de onde disponibilizamos 1 consult\u00f3rio exclusivo para gatos e 2 consult\u00f3rios para c\u00e3es, ecografia, eletrocardiografia, radiografia, cuidados intensivos, laborat\u00f3rio interno e sala de cirurgia.<\/p><p>Oferecemos os cuidados necess\u00e1rios no servi\u00e7o de internamento, onde os nossos pacientes s\u00e3o atendidos 24 horas por dia, pela nossa equipa.<\/p><p>Todos com um objetivo em comum: o amor que sentimos por todos os animais.<\/p><p>O nosso Hospital \u00e9 de f\u00e1cil acesso e com parque de estacionamento dedicado.<\/p>\t\t\t\t\t\t\t\t<\/div>\n\t\t\t\t<\/div>\n\t\t\t\t\t<\/div>\n\t\t<\/div>\n\t\t\t\t\t<\/div>\n\t\t<\/section>\n\t\t\t\t<section class=\"elementor-section elementor-inner-section elementor-element elementor-element-dde928b elementor-section-boxed elementor-section-height-default elementor-section-height-default\" data-id=\"dde928b\" data-element_type=\"section\">\n\t\t\t\t\t\t<div class=\"elementor-container elementor-column-gap-default\">\n\t\t\t\t\t<div class=\"elementor-column elementor-col-50 elementor-inner-column elementor-element elementor-element-cc2bfd3\" data-id=\"cc2bfd3\" data-element_type=\"column\">\n\t\t\t<div class=\"elementor-widget-wrap elementor-element-populated\">\n\t\t\t\t\t\t<div class=\"elementor-element elementor-element-ad87997 elementor-align-center elementor-widget elementor-widget-button\" data-id=\"ad87997\" data-element_type=\"widget\" data-widget_type=\"button.default\">\n\t\t\t\t<div class=\"elementor-widget-container\">\n\t\t\t\t\t\t\t\t\t<div class=\"elementor-button-wrapper\">\n\t\t\t\t\t<a class=\"elementor-button elementor-button-link elementor-size-sm\" href=\"\/seixal\/a-nossa-equipa\/\">\n\t\t\t\t\t\t<span class=\"elementor-button-content-wrapper\">\n\t\t\t\t\t\t\t\t\t<span class=\"elementor-button-text\">A Nossa Equipa<\/span>\n\t\t\t\t\t<\/span>\n\t\t\t\t\t<\/a>\n\t\t\t\t<\/div>\n\t\t\t\t\t\t\t\t<\/div>\n\t\t\t\t<\/div>\n\t\t\t\t\t<\/div>\n\t\t<\/div>\n\t\t\t\t<div class=\"elementor-column elementor-col-50 elementor-inner-column elementor-element elementor-element-5abf707\" data-id=\"5abf707\" data-element_type=\"column\">\n\t\t\t<div class=\"elementor-widget-wrap elementor-element-populated\">\n\t\t\t\t\t\t<div class=\"elementor-element elementor-element-48e57d7 elementor-align-center elementor-widget elementor-widget-button\" data-id=\"48e57d7\" data-element_type=\"widget\" data-widget_type=\"button.default\">\n\t\t\t\t<div class=\"elementor-widget-container\">\n\t\t\t\t\t\t\t\t\t<div class=\"elementor-button-wrapper\">\n\t\t\t\t\t<a class=\"elementor-button elementor-button-link elementor-size-sm\" href=\"\/seixal\/servicos-veterinarios\/\">\n\t\t\t\t\t\t<span class=\"elementor-button-content-wrapper\">\n\t\t\t\t\t\t\t\t\t<span class=\"elementor-button-text\">Servi\u00e7os Veterin\u00e1rios<\/span>\n\t\t\t\t\t<\/span>\n\t\t\t\t\t<\/a>\n\t\t\t\t<\/div>\n\t\t\t\t\t\t\t\t<\/div>\n\t\t\t\t<\/div>\n\t\t\t\t\t<\/div>\n\t\t<\/div>\n\t\t\t\t\t<\/div>\n\t\t<\/section>\n\t\t\t\t\t<\/div>\n\t\t<\/div>\n\t\t\t\t\t<\/div>\n\t\t<\/section>\n\t\t\t\t<section class=\"elementor-section elementor-top-section elementor-element elementor-element-461daec elementor-section-boxed elementor-section-height-default elementor-section-height-default\" data-id=\"461daec\" data-element_type=\"section\">\n\t\t\t\t\t\t<div class=\"elementor-container elementor-column-gap-default\">\n\t\t\t\t\t<div class=\"elementor-column elementor-col-100 elementor-top-column elementor-element elementor-element-5f2bdae\" data-id=\"5f2bdae\" data-element_type=\"column\">\n\t\t\t<div class=\"elementor-widget-wrap elementor-element-populated\">\n\t\t\t\t\t\t<div class=\"elementor-element elementor-element-0f54842 elementor-widget elementor-widget-gallery\" data-id=\"0f54842\" data-element_type=\"widget\" data-settings=\"{&quot;columns&quot;:&quot;3&quot;,&quot;aspect_ratio&quot;:&quot;1:1&quot;,&quot;lazyload&quot;:&quot;yes&quot;,&quot;gallery_layout&quot;:&quot;grid&quot;,&quot;columns_tablet&quot;:2,&quot;columns_mobile&quot;:1,&quot;gap&quot;:{&quot;unit&quot;:&quot;px&quot;,&quot;size&quot;:10,&quot;sizes&quot;:[]},&quot;gap_tablet&quot;:{&quot;unit&quot;:&quot;px&quot;,&quot;size&quot;:10,&quot;sizes&quot;:[]},&quot;gap_mobile&quot;:{&quot;unit&quot;:&quot;px&quot;,&quot;size&quot;:10,&quot;sizes&quot;:[]},&quot;link_to&quot;:&quot;file&quot;,&quot;overlay_background&quot;:&quot;yes&quot;,&quot;content_hover_animation&quot;:&quot;fade-in&quot;}\" data-widget_type=\"gallery.default\">\n\t\t\t\t<div class=\"elementor-widget-container\">\n\t\t\t\t\t\t\t<div class=\"elementor-gallery__container\">\n\t\t\t\t\t\t\t<a class=\"e-gallery-item elementor-gallery-item elementor-animated-content\" href=\"https:\/\/onevetgroup.pt\/seixal\/wp-content\/uploads\/sites\/33\/2023\/07\/DSC_3269-scaled.jpg\" data-elementor-open-lightbox=\"yes\" data-elementor-lightbox-slideshow=\"0f54842\" data-elementor-lightbox-title=\"DSC_3269\" data-e-action-hash=\"#elementor-action%3Aaction%3Dlightbox%26settings%3DeyJpZCI6MTk0MzMsInVybCI6Imh0dHBzOlwvXC9vbmV2ZXRncm91cC5wdFwvc2VpeGFsXC93cC1jb250ZW50XC91cGxvYWRzXC9zaXRlc1wvMzNcLzIwMjNcLzA3XC9EU0NfMzI2OS1zY2FsZWQuanBnIiwic2xpZGVzaG93IjoiMGY1NDg0MiJ9\">\n\t\t\t\t\t<div class=\"e-gallery-image elementor-gallery-item__image\" data-thumbnail=\"https:\/\/onevetgroup.pt\/seixal\/wp-content\/uploads\/sites\/33\/2023\/07\/DSC_3269-1024x683.jpg\" data-width=\"724\" data-height=\"483\" aria-label=\"\" role=\"img\" ><\/div>\n\t\t\t\t\t\t\t\t\t\t\t<div class=\"elementor-gallery-item__overlay\"><\/div>\n\t\t\t\t\t\t\t\t\t\t\t\t\t\t<\/a>\n\t\t\t\t\t\t\t<a class=\"e-gallery-item elementor-gallery-item elementor-animated-content\" href=\"https:\/\/onevetgroup.pt\/seixal\/wp-content\/uploads\/sites\/33\/2023\/07\/OVGP-Hospital-Veterinario-Seixal-Grooming-1-scaled.jpg\" data-elementor-open-lightbox=\"yes\" data-elementor-lightbox-slideshow=\"0f54842\" data-elementor-lightbox-title=\"OVGP Hospital Veterinario Seixal Grooming\" data-e-action-hash=\"#elementor-action%3Aaction%3Dlightbox%26settings%3DeyJpZCI6MTk0ODksInVybCI6Imh0dHBzOlwvXC9vbmV2ZXRncm91cC5wdFwvc2VpeGFsXC93cC1jb250ZW50XC91cGxvYWRzXC9zaXRlc1wvMzNcLzIwMjNcLzA3XC9PVkdQLUhvc3BpdGFsLVZldGVyaW5hcmlvLVNlaXhhbC1Hcm9vbWluZy0xLXNjYWxlZC5qcGciLCJzbGlkZXNob3ciOiIwZjU0ODQyIn0%3D\">\n\t\t\t\t\t<div class=\"e-gallery-image elementor-gallery-item__image\" data-thumbnail=\"https:\/\/onevetgroup.pt\/seixal\/wp-content\/uploads\/sites\/33\/2023\/07\/OVGP-Hospital-Veterinario-Seixal-Grooming-1-1024x683.jpg\" data-width=\"724\" data-height=\"483\" aria-label=\"\" role=\"img\" ><\/div>\n\t\t\t\t\t\t\t\t\t\t\t<div class=\"elementor-gallery-item__overlay\"><\/div>\n\t\t\t\t\t\t\t\t\t\t\t\t\t\t<\/a>\n\t\t\t\t\t\t\t<a class=\"e-gallery-item elementor-gallery-item elementor-animated-content\" href=\"https:\/\/onevetgroup.pt\/seixal\/wp-content\/uploads\/sites\/33\/2023\/07\/DSC_3211-scaled.jpg\" data-elementor-open-lightbox=\"yes\" data-elementor-lightbox-slideshow=\"0f54842\" data-elementor-lightbox-title=\"DSC_3211\" data-e-action-hash=\"#elementor-action%3Aaction%3Dlightbox%26settings%3DeyJpZCI6MTk0OTMsInVybCI6Imh0dHBzOlwvXC9vbmV2ZXRncm91cC5wdFwvc2VpeGFsXC93cC1jb250ZW50XC91cGxvYWRzXC9zaXRlc1wvMzNcLzIwMjNcLzA3XC9EU0NfMzIxMS1zY2FsZWQuanBnIiwic2xpZGVzaG93IjoiMGY1NDg0MiJ9\">\n\t\t\t\t\t<div class=\"e-gallery-image elementor-gallery-item__image\" data-thumbnail=\"https:\/\/onevetgroup.pt\/seixal\/wp-content\/uploads\/sites\/33\/2023\/07\/DSC_3211-1024x683.jpg\" data-width=\"724\" data-height=\"483\" aria-label=\"\" role=\"img\" ><\/div>\n\t\t\t\t\t\t\t\t\t\t\t<div class=\"elementor-gallery-item__overlay\"><\/div>\n\t\t\t\t\t\t\t\t\t\t\t\t\t\t<\/a>\n\t\t\t\t\t\t\t<a class=\"e-gallery-item elementor-gallery-item elementor-animated-content\" href=\"https:\/\/onevetgroup.pt\/seixal\/wp-content\/uploads\/sites\/33\/2023\/07\/DSC_3212-scaled-e1689608139699.jpg\" data-elementor-open-lightbox=\"yes\" data-elementor-lightbox-slideshow=\"0f54842\" data-elementor-lightbox-title=\"DSC_3212\" data-e-action-hash=\"#elementor-action%3Aaction%3Dlightbox%26settings%3DeyJpZCI6MTk0NTcsInVybCI6Imh0dHBzOlwvXC9vbmV2ZXRncm91cC5wdFwvc2VpeGFsXC93cC1jb250ZW50XC91cGxvYWRzXC9zaXRlc1wvMzNcLzIwMjNcLzA3XC9EU0NfMzIxMi1zY2FsZWQtZTE2ODk2MDgxMzk2OTkuanBnIiwic2xpZGVzaG93IjoiMGY1NDg0MiJ9\">\n\t\t\t\t\t<div class=\"e-gallery-image elementor-gallery-item__image\" data-thumbnail=\"https:\/\/onevetgroup.pt\/seixal\/wp-content\/uploads\/sites\/33\/2023\/07\/DSC_3212-scaled-e1689608139699-1024x873.jpg\" data-width=\"724\" data-height=\"617\" aria-label=\"\" role=\"img\" ><\/div>\n\t\t\t\t\t\t\t\t\t\t\t<div class=\"elementor-gallery-item__overlay\"><\/div>\n\t\t\t\t\t\t\t\t\t\t\t\t\t\t<\/a>\n\t\t\t\t\t\t\t<a class=\"e-gallery-item elementor-gallery-item elementor-animated-content\" href=\"https:\/\/onevetgroup.pt\/seixal\/wp-content\/uploads\/sites\/33\/2023\/07\/DSC_3224-scaled.jpg\" data-elementor-open-lightbox=\"yes\" data-elementor-lightbox-slideshow=\"0f54842\" data-elementor-lightbox-title=\"DSC_3224\" data-e-action-hash=\"#elementor-action%3Aaction%3Dlightbox%26settings%3DeyJpZCI6MTk0NTUsInVybCI6Imh0dHBzOlwvXC9vbmV2ZXRncm91cC5wdFwvc2VpeGFsXC93cC1jb250ZW50XC91cGxvYWRzXC9zaXRlc1wvMzNcLzIwMjNcLzA3XC9EU0NfMzIyNC1zY2FsZWQuanBnIiwic2xpZGVzaG93IjoiMGY1NDg0MiJ9\">\n\t\t\t\t\t<div class=\"e-gallery-image elementor-gallery-item__image\" data-thumbnail=\"https:\/\/onevetgroup.pt\/seixal\/wp-content\/uploads\/sites\/33\/2023\/07\/DSC_3224-1024x683.jpg\" data-width=\"724\" data-height=\"483\" aria-label=\"\" role=\"img\" ><\/div>\n\t\t\t\t\t\t\t\t\t\t\t<div class=\"elementor-gallery-item__overlay\"><\/div>\n\t\t\t\t\t\t\t\t\t\t\t\t\t\t<\/a>\n\t\t\t\t\t\t\t<a class=\"e-gallery-item elementor-gallery-item elementor-animated-content\" href=\"https:\/\/onevetgroup.pt\/seixal\/wp-content\/uploads\/sites\/33\/2023\/07\/DSC_3315-scaled.jpg\" data-elementor-open-lightbox=\"yes\" data-elementor-lightbox-slideshow=\"0f54842\" data-elementor-lightbox-title=\"DSC_3315\" data-e-action-hash=\"#elementor-action%3Aaction%3Dlightbox%26settings%3DeyJpZCI6MTk0NTMsInVybCI6Imh0dHBzOlwvXC9vbmV2ZXRncm91cC5wdFwvc2VpeGFsXC93cC1jb250ZW50XC91cGxvYWRzXC9zaXRlc1wvMzNcLzIwMjNcLzA3XC9EU0NfMzMxNS1zY2FsZWQuanBnIiwic2xpZGVzaG93IjoiMGY1NDg0MiJ9\">\n\t\t\t\t\t<div class=\"e-gallery-image elementor-gallery-item__image\" data-thumbnail=\"https:\/\/onevetgroup.pt\/seixal\/wp-content\/uploads\/sites\/33\/2023\/07\/DSC_3315-1024x683.jpg\" data-width=\"724\" data-height=\"483\" aria-label=\"\" role=\"img\" ><\/div>\n\t\t\t\t\t\t\t\t\t\t\t<div class=\"elementor-gallery-item__overlay\"><\/div>\n\t\t\t\t\t\t\t\t\t\t\t\t\t\t<\/a>\n\t\t\t\t\t\t\t<a class=\"e-gallery-item elementor-gallery-item elementor-animated-content\" href=\"https:\/\/onevetgroup.pt\/seixal\/wp-content\/uploads\/sites\/33\/2022\/07\/2-2.jpg\" data-elementor-open-lightbox=\"yes\" data-elementor-lightbox-slideshow=\"0f54842\" data-elementor-lightbox-title=\"2\" data-e-action-hash=\"#elementor-action%3Aaction%3Dlightbox%26settings%3DeyJpZCI6MTkyOTksInVybCI6Imh0dHBzOlwvXC9vbmV2ZXRncm91cC5wdFwvc2VpeGFsXC93cC1jb250ZW50XC91cGxvYWRzXC9zaXRlc1wvMzNcLzIwMjJcLzA3XC8yLTIuanBnIiwic2xpZGVzaG93IjoiMGY1NDg0MiJ9\">\n\t\t\t\t\t<div class=\"e-gallery-image elementor-gallery-item__image\" data-thumbnail=\"https:\/\/onevetgroup.pt\/seixal\/wp-content\/uploads\/sites\/33\/2022\/07\/2-2.jpg\" data-width=\"724\" data-height=\"535\" aria-label=\"\" role=\"img\" ><\/div>\n\t\t\t\t\t\t\t\t\t\t\t<div class=\"elementor-gallery-item__overlay\"><\/div>\n\t\t\t\t\t\t\t\t\t\t\t\t\t\t<\/a>\n\t\t\t\t\t\t\t<a class=\"e-gallery-item elementor-gallery-item elementor-animated-content\" href=\"https:\/\/onevetgroup.pt\/seixal\/wp-content\/uploads\/sites\/33\/2023\/07\/DSC_3384-scaled.jpg\" data-elementor-open-lightbox=\"yes\" data-elementor-lightbox-slideshow=\"0f54842\" data-elementor-lightbox-title=\"DSC_3384\" data-e-action-hash=\"#elementor-action%3Aaction%3Dlightbox%26settings%3DeyJpZCI6MTk0MzUsInVybCI6Imh0dHBzOlwvXC9vbmV2ZXRncm91cC5wdFwvc2VpeGFsXC93cC1jb250ZW50XC91cGxvYWRzXC9zaXRlc1wvMzNcLzIwMjNcLzA3XC9EU0NfMzM4NC1zY2FsZWQuanBnIiwic2xpZGVzaG93IjoiMGY1NDg0MiJ9\">\n\t\t\t\t\t<div class=\"e-gallery-image elementor-gallery-item__image\" data-thumbnail=\"https:\/\/onevetgroup.pt\/seixal\/wp-content\/uploads\/sites\/33\/2023\/07\/DSC_3384-1024x683.jpg\" data-width=\"724\" data-height=\"483\" aria-label=\"\" role=\"img\" ><\/div>\n\t\t\t\t\t\t\t\t\t\t\t<div class=\"elementor-gallery-item__overlay\"><\/div>\n\t\t\t\t\t\t\t\t\t\t\t\t\t\t<\/a>\n\t\t\t\t\t\t\t<a class=\"e-gallery-item elementor-gallery-item elementor-animated-content\" href=\"https:\/\/onevetgroup.pt\/seixal\/wp-content\/uploads\/sites\/33\/2022\/07\/8.jpg\" data-elementor-open-lightbox=\"yes\" data-elementor-lightbox-slideshow=\"0f54842\" data-elementor-lightbox-title=\"8\" data-e-action-hash=\"#elementor-action%3Aaction%3Dlightbox%26settings%3DeyJpZCI6MTkyOTEsInVybCI6Imh0dHBzOlwvXC9vbmV2ZXRncm91cC5wdFwvc2VpeGFsXC93cC1jb250ZW50XC91cGxvYWRzXC9zaXRlc1wvMzNcLzIwMjJcLzA3XC84LmpwZyIsInNsaWRlc2hvdyI6IjBmNTQ4NDIifQ%3D%3D\">\n\t\t\t\t\t<div class=\"e-gallery-image elementor-gallery-item__image\" data-thumbnail=\"https:\/\/onevetgroup.pt\/seixal\/wp-content\/uploads\/sites\/33\/2022\/07\/8.jpg\" data-width=\"724\" data-height=\"482\" aria-label=\"\" role=\"img\" ><\/div>\n\t\t\t\t\t\t\t\t\t\t\t<div class=\"elementor-gallery-item__overlay\"><\/div>\n\t\t\t\t\t\t\t\t\t\t\t\t\t\t<\/a>\n\t\t\t\t\t<\/div>\n\t\t\t\t\t<\/div>\n\t\t\t\t<\/div>\n\t\t\t\t\t<\/div>\n\t\t<\/div>\n\t\t\t\t\t<\/div>\n\t\t<\/section>\n\t\t\t\t<\/div>\n\t\t","protected":false},"excerpt":{"rendered":"<p>Contamos com uma equipa multidisciplinar e experiente em todas as \u00e1reas da medicina veterin\u00e1ria e do melhor equipamento e instala\u00e7\u00f5es para prestar o melhor servi\u00e7o e cuidado que o seu animal de estima\u00e7\u00e3o necessita. Dispomos de amplas instala\u00e7\u00f5es dedicadas \u00e0 medicina veterin\u00e1ria de onde disponibilizamos 1 consult\u00f3rio exclusivo para gatos e 2 consult\u00f3rios para c\u00e3es, &hellip; <\/p>\n","protected":false},"author":61,"featured_media":0,"parent":0,"menu_order":0,"comment_status":"closed","ping_status":"closed","template":"page-fullwidth.php","meta":{"_acf_changed":false,"content-type":"","footnotes":""},"class_list":["post-17846","page","type-page","status-publish","hentry"],"acf":[],"yoast_head":"<!-- This site is optimized with the Yoast SEO plugin v26.2 - https:\/\/yoast.com\/wordpress\/plugins\/seo\/ -->\n<title>Instala\u00e7\u00f5es - Seixal<\/title>\n<meta name=\"robots\" content=\"index, follow, max-snippet:-1, max-image-preview:large, max-video-preview:-1\" \/>\n<link rel=\"canonical\" href=\"https:\/\/onevetgroup.pt\/seixal\/instalacoes\/\" \/>\n<meta property=\"og:locale\" content=\"pt_PT\" \/>\n<meta property=\"og:type\" content=\"article\" \/>\n<meta property=\"og:title\" content=\"Instala\u00e7\u00f5es - Seixal\" \/>\n<meta property=\"og:description\" content=\"Contamos com uma equipa multidisciplinar e experiente em todas as \u00e1reas da medicina veterin\u00e1ria e do melhor equipamento e instala\u00e7\u00f5es para prestar o melhor servi\u00e7o e cuidado que o seu animal de estima\u00e7\u00e3o necessita. Dispomos de amplas instala\u00e7\u00f5es dedicadas \u00e0 medicina veterin\u00e1ria de onde disponibilizamos 1 consult\u00f3rio exclusivo para gatos e 2 consult\u00f3rios para c\u00e3es, &hellip;\" \/>\n<meta property=\"og:url\" content=\"https:\/\/onevetgroup.pt\/seixal\/instalacoes\/\" \/>\n<meta property=\"og:site_name\" content=\"Seixal\" \/>\n<meta property=\"article:modified_time\" content=\"2023-07-17T15:41:40+00:00\" \/>\n<meta property=\"og:image\" content=\"https:\/\/onevet.pt\/seixal\/wp-content\/uploads\/sites\/33\/2023\/07\/DSC_3294-2048x1365.jpg\" \/>\n<meta name=\"twitter:card\" content=\"summary_large_image\" \/>\n<meta name=\"twitter:label1\" content=\"Tempo estimado de leitura\" \/>\n\t<meta name=\"twitter:data1\" content=\"1 minuto\" \/>\n<script type=\"application\/ld+json\" class=\"yoast-schema-graph\">{\"@context\":\"https:\/\/schema.org\",\"@graph\":[{\"@type\":\"WebPage\",\"@id\":\"https:\/\/onevetgroup.pt\/seixal\/instalacoes\/\",\"url\":\"https:\/\/onevetgroup.pt\/seixal\/instalacoes\/\",\"name\":\"Instala\u00e7\u00f5es - Seixal\",\"isPartOf\":{\"@id\":\"https:\/\/onevetgroup.pt\/seixal\/#website\"},\"primaryImageOfPage\":{\"@id\":\"https:\/\/onevetgroup.pt\/seixal\/instalacoes\/#primaryimage\"},\"image\":{\"@id\":\"https:\/\/onevetgroup.pt\/seixal\/instalacoes\/#primaryimage\"},\"thumbnailUrl\":\"https:\/\/onevet.pt\/seixal\/wp-content\/uploads\/sites\/33\/2023\/07\/DSC_3294-2048x1365.jpg\",\"datePublished\":\"2022-07-01T09:40:57+00:00\",\"dateModified\":\"2023-07-17T15:41:40+00:00\",\"breadcrumb\":{\"@id\":\"https:\/\/onevetgroup.pt\/seixal\/instalacoes\/#breadcrumb\"},\"inLanguage\":\"pt-PT\",\"potentialAction\":[{\"@type\":\"ReadAction\",\"target\":[\"https:\/\/onevetgroup.pt\/seixal\/instalacoes\/\"]}]},{\"@type\":\"ImageObject\",\"inLanguage\":\"pt-PT\",\"@id\":\"https:\/\/onevetgroup.pt\/seixal\/instalacoes\/#primaryimage\",\"url\":\"https:\/\/onevet.pt\/seixal\/wp-content\/uploads\/sites\/33\/2023\/07\/DSC_3294-2048x1365.jpg\",\"contentUrl\":\"https:\/\/onevet.pt\/seixal\/wp-content\/uploads\/sites\/33\/2023\/07\/DSC_3294-2048x1365.jpg\"},{\"@type\":\"BreadcrumbList\",\"@id\":\"https:\/\/onevetgroup.pt\/seixal\/instalacoes\/#breadcrumb\",\"itemListElement\":[{\"@type\":\"ListItem\",\"position\":1,\"name\":\"Home\",\"item\":\"https:\/\/onevetgroup.pt\/seixal\/\"},{\"@type\":\"ListItem\",\"position\":2,\"name\":\"Instala\u00e7\u00f5es\"}]},{\"@type\":\"WebSite\",\"@id\":\"https:\/\/onevetgroup.pt\/seixal\/#website\",\"url\":\"https:\/\/onevetgroup.pt\/seixal\/\",\"name\":\"Seixal\",\"description\":\"Your Pets in Good Hands\",\"publisher\":{\"@id\":\"https:\/\/onevetgroup.pt\/seixal\/#organization\"},\"potentialAction\":[{\"@type\":\"SearchAction\",\"target\":{\"@type\":\"EntryPoint\",\"urlTemplate\":\"https:\/\/onevetgroup.pt\/seixal\/?s={search_term_string}\"},\"query-input\":{\"@type\":\"PropertyValueSpecification\",\"valueRequired\":true,\"valueName\":\"search_term_string\"}}],\"inLanguage\":\"pt-PT\"},{\"@type\":\"Organization\",\"@id\":\"https:\/\/onevetgroup.pt\/seixal\/#organization\",\"name\":\"Seixal\",\"url\":\"https:\/\/onevetgroup.pt\/seixal\/\",\"logo\":{\"@type\":\"ImageObject\",\"inLanguage\":\"pt-PT\",\"@id\":\"https:\/\/onevetgroup.pt\/seixal\/#\/schema\/logo\/image\/\",\"url\":\"https:\/\/onevetgroup.pt\/seixal\/wp-content\/uploads\/sites\/33\/2023\/07\/cropped-onevet_hvseixal_horizontal-e1689068441503.png\",\"contentUrl\":\"https:\/\/onevetgroup.pt\/seixal\/wp-content\/uploads\/sites\/33\/2023\/07\/cropped-onevet_hvseixal_horizontal-e1689068441503.png\",\"width\":242,\"height\":70,\"caption\":\"Seixal\"},\"image\":{\"@id\":\"https:\/\/onevetgroup.pt\/seixal\/#\/schema\/logo\/image\/\"}}]}<\/script>\n<!-- \/ Yoast SEO plugin. -->","yoast_head_json":{"title":"Instala\u00e7\u00f5es - Seixal","robots":{"index":"index","follow":"follow","max-snippet":"max-snippet:-1","max-image-preview":"max-image-preview:large","max-video-preview":"max-video-preview:-1"},"canonical":"https:\/\/onevetgroup.pt\/seixal\/instalacoes\/","og_locale":"pt_PT","og_type":"article","og_title":"Instala\u00e7\u00f5es - Seixal","og_description":"Contamos com uma equipa multidisciplinar e experiente em todas as \u00e1reas da medicina veterin\u00e1ria e do melhor equipamento e instala\u00e7\u00f5es para prestar o melhor servi\u00e7o e cuidado que o seu animal de estima\u00e7\u00e3o necessita. Dispomos de amplas instala\u00e7\u00f5es dedicadas \u00e0 medicina veterin\u00e1ria de onde disponibilizamos 1 consult\u00f3rio exclusivo para gatos e 2 consult\u00f3rios para c\u00e3es, &hellip;","og_url":"https:\/\/onevetgroup.pt\/seixal\/instalacoes\/","og_site_name":"Seixal","article_modified_time":"2023-07-17T15:41:40+00:00","og_image":[{"url":"https:\/\/onevet.pt\/seixal\/wp-content\/uploads\/sites\/33\/2023\/07\/DSC_3294-2048x1365.jpg","type":"","width":"","height":""}],"twitter_card":"summary_large_image","twitter_misc":{"Tempo estimado de leitura":"1 minuto"},"schema":{"@context":"https:\/\/schema.org","@graph":[{"@type":"WebPage","@id":"https:\/\/onevetgroup.pt\/seixal\/instalacoes\/","url":"https:\/\/onevetgroup.pt\/seixal\/instalacoes\/","name":"Instala\u00e7\u00f5es - Seixal","isPartOf":{"@id":"https:\/\/onevetgroup.pt\/seixal\/#website"},"primaryImageOfPage":{"@id":"https:\/\/onevetgroup.pt\/seixal\/instalacoes\/#primaryimage"},"image":{"@id":"https:\/\/onevetgroup.pt\/seixal\/instalacoes\/#primaryimage"},"thumbnailUrl":"https:\/\/onevet.pt\/seixal\/wp-content\/uploads\/sites\/33\/2023\/07\/DSC_3294-2048x1365.jpg","datePublished":"2022-07-01T09:40:57+00:00","dateModified":"2023-07-17T15:41:40+00:00","breadcrumb":{"@id":"https:\/\/onevetgroup.pt\/seixal\/instalacoes\/#breadcrumb"},"inLanguage":"pt-PT","potentialAction":[{"@type":"ReadAction","target":["https:\/\/onevetgroup.pt\/seixal\/instalacoes\/"]}]},{"@type":"ImageObject","inLanguage":"pt-PT","@id":"https:\/\/onevetgroup.pt\/seixal\/instalacoes\/#primaryimage","url":"https:\/\/onevet.pt\/seixal\/wp-content\/uploads\/sites\/33\/2023\/07\/DSC_3294-2048x1365.jpg","contentUrl":"https:\/\/onevet.pt\/seixal\/wp-content\/uploads\/sites\/33\/2023\/07\/DSC_3294-2048x1365.jpg"},{"@type":"BreadcrumbList","@id":"https:\/\/onevetgroup.pt\/seixal\/instalacoes\/#breadcrumb","itemListElement":[{"@type":"ListItem","position":1,"name":"Home","item":"https:\/\/onevetgroup.pt\/seixal\/"},{"@type":"ListItem","position":2,"name":"Instala\u00e7\u00f5es"}]},{"@type":"WebSite","@id":"https:\/\/onevetgroup.pt\/seixal\/#website","url":"https:\/\/onevetgroup.pt\/seixal\/","name":"Seixal","description":"Your Pets in Good Hands","publisher":{"@id":"https:\/\/onevetgroup.pt\/seixal\/#organization"},"potentialAction":[{"@type":"SearchAction","target":{"@type":"EntryPoint","urlTemplate":"https:\/\/onevetgroup.pt\/seixal\/?s={search_term_string}"},"query-input":{"@type":"PropertyValueSpecification","valueRequired":true,"valueName":"search_term_string"}}],"inLanguage":"pt-PT"},{"@type":"Organization","@id":"https:\/\/onevetgroup.pt\/seixal\/#organization","name":"Seixal","url":"https:\/\/onevetgroup.pt\/seixal\/","logo":{"@type":"ImageObject","inLanguage":"pt-PT","@id":"https:\/\/onevetgroup.pt\/seixal\/#\/schema\/logo\/image\/","url":"https:\/\/onevetgroup.pt\/seixal\/wp-content\/uploads\/sites\/33\/2023\/07\/cropped-onevet_hvseixal_horizontal-e1689068441503.png","contentUrl":"https:\/\/onevetgroup.pt\/seixal\/wp-content\/uploads\/sites\/33\/2023\/07\/cropped-onevet_hvseixal_horizontal-e1689068441503.png","width":242,"height":70,"caption":"Seixal"},"image":{"@id":"https:\/\/onevetgroup.pt\/seixal\/#\/schema\/logo\/image\/"}}]}},"_links":{"self":[{"href":"https:\/\/onevetgroup.pt\/seixal\/wp-json\/wp\/v2\/pages\/17846","targetHints":{"allow":["GET"]}}],"collection":[{"href":"https:\/\/onevetgroup.pt\/seixal\/wp-json\/wp\/v2\/pages"}],"about":[{"href":"https:\/\/onevetgroup.pt\/seixal\/wp-json\/wp\/v2\/types\/page"}],"author":[{"embeddable":true,"href":"https:\/\/onevetgroup.pt\/seixal\/wp-json\/wp\/v2\/users\/61"}],"replies":[{"embeddable":true,"href":"https:\/\/onevetgroup.pt\/seixal\/wp-json\/wp\/v2\/comments?post=17846"}],"version-history":[{"count":0,"href":"https:\/\/onevetgroup.pt\/seixal\/wp-json\/wp\/v2\/pages\/17846\/revisions"}],"wp:attachment":[{"href":"https:\/\/onevetgroup.pt\/seixal\/wp-json\/wp\/v2\/media?parent=17846"}],"curies":[{"name":"wp","href":"https:\/\/api.w.org\/{rel}","templated":true}]}}