{"id":268,"date":"2020-10-03T06:32:57","date_gmt":"2020-10-03T06:32:57","guid":{"rendered":"http:\/\/onevet.pt\/cabrils\/?page_id=268"},"modified":"2025-07-25T09:30:51","modified_gmt":"2025-07-25T09:30:51","slug":"about-us","status":"publish","type":"page","link":"https:\/\/onevetgroup.pt\/tras-os-montes\/en\/about-us\/","title":{"rendered":"About Us"},"content":{"rendered":"\t\t<div data-elementor-type=\"wp-page\" data-elementor-id=\"268\" class=\"elementor elementor-268\" data-elementor-post-type=\"page\">\n\t\t\t\t\t\t<section class=\"elementor-section elementor-top-section elementor-element elementor-element-54cf215 pad-top-0 elementor-section-boxed elementor-section-height-default elementor-section-height-default\" data-id=\"54cf215\" data-element_type=\"section\" id=\"main-sec\" data-settings=\"{&quot;background_background&quot;:&quot;classic&quot;}\">\n\t\t\t\t\t\t<div class=\"elementor-container elementor-column-gap-default\">\n\t\t\t\t\t<div class=\"elementor-column elementor-col-100 elementor-top-column elementor-element elementor-element-d926441\" data-id=\"d926441\" data-element_type=\"column\">\n\t\t\t<div class=\"elementor-widget-wrap elementor-element-populated\">\n\t\t\t\t\t\t<div class=\"elementor-element elementor-element-9725bcd elementor-widget elementor-widget-section_titleleft\" data-id=\"9725bcd\" data-element_type=\"widget\" data-widget_type=\"section_titleleft.default\">\n\t\t\t\t<div class=\"elementor-widget-container\">\n\t\t\t\t\t        <div class=\"ab_text-title fl-wrap\">\r\n            <h3>Onevet Veterinary Hospital Tr\u00e1s-os-Montes with 24-hour emergency service.<\/h3><h4>For 18 years, our Veterinary Hospital has been growing professionally in the field of companion animals. <\/h4><span class=\"section-separator fl-sec-sep\"><\/span>        <\/div>\r\n        \t\t\t\t<\/div>\n\t\t\t\t<\/div>\n\t\t\t\t<section class=\"elementor-section elementor-inner-section elementor-element elementor-element-35814f4 elementor-section-full_width elementor-section-height-default elementor-section-height-default\" data-id=\"35814f4\" data-element_type=\"section\">\n\t\t\t\t\t\t<div class=\"elementor-container elementor-column-gap-wide\">\n\t\t\t\t\t<div class=\"elementor-column elementor-col-50 elementor-inner-column elementor-element elementor-element-7fa3f34\" data-id=\"7fa3f34\" data-element_type=\"column\">\n\t\t\t<div class=\"elementor-widget-wrap elementor-element-populated\">\n\t\t\t\t\t\t<div class=\"elementor-element elementor-element-9e79898 elementor-widget elementor-widget-image\" data-id=\"9e79898\" data-element_type=\"widget\" data-widget_type=\"image.default\">\n\t\t\t\t<div class=\"elementor-widget-container\">\n\t\t\t\t\t\t\t\t\t\t\t\t\t\t\t<img fetchpriority=\"high\" width=\"786\" height=\"524\" class=\"attachment-townhub-single-image size-townhub-single-image wp-image-20183 lazy\" alt=\"\" data-src=\"https:\/\/onevetgroup.pt\/tras-os-montes\/wp-content\/uploads\/sites\/67\/2025\/07\/DSC_3084-786x524-1.jpg\" data-lazy=\"https:\/\/onevetgroup.pt\/tras-os-montes\/wp-content\/uploads\/sites\/67\/2025\/07\/DSC_3084-786x524-1.jpg\" \/>\t\t\t\t\t\t\t\t\t\t\t\t\t\t\t<\/div>\n\t\t\t\t<\/div>\n\t\t\t\t\t<\/div>\n\t\t<\/div>\n\t\t\t\t<div class=\"elementor-column elementor-col-50 elementor-inner-column elementor-element elementor-element-202374d\" data-id=\"202374d\" data-element_type=\"column\">\n\t\t\t<div class=\"elementor-widget-wrap elementor-element-populated\">\n\t\t\t\t\t\t<div class=\"elementor-element elementor-element-3b393ce about-wrap elementor-widget elementor-widget-text-editor\" data-id=\"3b393ce\" data-element_type=\"widget\" data-widget_type=\"text-editor.default\">\n\t\t\t\t<div class=\"elementor-widget-container\">\n\t\t\t\t\t\t\t\t\t<div class=\"ewa-rteLine\">The Tr\u00e1s-os-Montes Veterinary Hospital (HVTM) in Vila Real opened new facilities in 2013, built from scratch with modern architecture, continuing the project that began in 2002. In 2015, it joined the Onevet Group, becoming part of a network of veterinary clinics and hospitals throughout the country.<br \/><br \/>The HVTM operates 24 hours a day, 365 days a year, offering an emergency service with a permanent veterinarian on duty.<br \/>We are a multidisciplinary team of veterinarians with experience in all areas of companion animal medicine, equipped with the latest technology at our disposal.<br \/>We believe that sharing information with the animal&#8217;s owner, our availability and proximity are fundamental pillars in the practice of veterinary medicine.We are committed to preventive medicine in order to provide a better and longer life for your animal.<\/div>\t\t\t\t\t\t\t\t<\/div>\n\t\t\t\t<\/div>\n\t\t\t\t\t<\/div>\n\t\t<\/div>\n\t\t\t\t\t<\/div>\n\t\t<\/section>\n\t\t\t\t<section class=\"elementor-section elementor-inner-section elementor-element elementor-element-b095b00 elementor-section-boxed elementor-section-height-default elementor-section-height-default\" data-id=\"b095b00\" data-element_type=\"section\">\n\t\t\t\t\t\t<div class=\"elementor-container elementor-column-gap-default\">\n\t\t\t\t\t<div class=\"elementor-column elementor-col-50 elementor-inner-column elementor-element elementor-element-a93ff44\" data-id=\"a93ff44\" data-element_type=\"column\">\n\t\t\t<div class=\"elementor-widget-wrap elementor-element-populated\">\n\t\t\t\t\t\t<div class=\"elementor-element elementor-element-389e224 elementor-align-center elementor-widget elementor-widget-button\" data-id=\"389e224\" data-element_type=\"widget\" data-widget_type=\"button.default\">\n\t\t\t\t<div class=\"elementor-widget-container\">\n\t\t\t\t\t\t\t\t\t<div class=\"elementor-button-wrapper\">\n\t\t\t\t\t<a class=\"elementor-button elementor-button-link elementor-size-sm\" href=\"\/porto\/en\/facilities\/\">\n\t\t\t\t\t\t<span class=\"elementor-button-content-wrapper\">\n\t\t\t\t\t\t\t\t\t<span class=\"elementor-button-text\">Facilities<\/span>\n\t\t\t\t\t<\/span>\n\t\t\t\t\t<\/a>\n\t\t\t\t<\/div>\n\t\t\t\t\t\t\t\t<\/div>\n\t\t\t\t<\/div>\n\t\t\t\t\t<\/div>\n\t\t<\/div>\n\t\t\t\t<div class=\"elementor-column elementor-col-50 elementor-inner-column elementor-element elementor-element-90cbc20\" data-id=\"90cbc20\" data-element_type=\"column\">\n\t\t\t<div class=\"elementor-widget-wrap elementor-element-populated\">\n\t\t\t\t\t\t<div class=\"elementor-element elementor-element-754629b elementor-align-center elementor-widget elementor-widget-button\" data-id=\"754629b\" data-element_type=\"widget\" data-widget_type=\"button.default\">\n\t\t\t\t<div class=\"elementor-widget-container\">\n\t\t\t\t\t\t\t\t\t<div class=\"elementor-button-wrapper\">\n\t\t\t\t\t<a class=\"elementor-button elementor-button-link elementor-size-sm\" href=\"\/porto\/en\/our-team\/\">\n\t\t\t\t\t\t<span class=\"elementor-button-content-wrapper\">\n\t\t\t\t\t\t\t\t\t<span class=\"elementor-button-text\">Meet Our Team<\/span>\n\t\t\t\t\t<\/span>\n\t\t\t\t\t<\/a>\n\t\t\t\t<\/div>\n\t\t\t\t\t\t\t\t<\/div>\n\t\t\t\t<\/div>\n\t\t\t\t\t<\/div>\n\t\t<\/div>\n\t\t\t\t\t<\/div>\n\t\t<\/section>\n\t\t\t\t\t<\/div>\n\t\t<\/div>\n\t\t\t\t\t<\/div>\n\t\t<\/section>\n\t\t\t\t<section class=\"elementor-section elementor-top-section elementor-element elementor-element-095c184 elementor-section-boxed elementor-section-height-default elementor-section-height-default\" data-id=\"095c184\" data-element_type=\"section\">\n\t\t\t\t\t\t<div class=\"elementor-container elementor-column-gap-default\">\n\t\t\t\t\t<div class=\"elementor-column elementor-col-100 elementor-top-column elementor-element elementor-element-73530c0\" data-id=\"73530c0\" data-element_type=\"column\">\n\t\t\t<div class=\"elementor-widget-wrap elementor-element-populated\">\n\t\t\t\t\t\t<div class=\"elementor-element elementor-element-7c6209e elementor-widget elementor-widget-gallery\" data-id=\"7c6209e\" data-element_type=\"widget\" data-settings=\"{&quot;columns&quot;:&quot;3&quot;,&quot;aspect_ratio&quot;:&quot;1:1&quot;,&quot;lazyload&quot;:&quot;yes&quot;,&quot;gallery_layout&quot;:&quot;grid&quot;,&quot;columns_tablet&quot;:2,&quot;columns_mobile&quot;:1,&quot;gap&quot;:{&quot;unit&quot;:&quot;px&quot;,&quot;size&quot;:10,&quot;sizes&quot;:[]},&quot;gap_tablet&quot;:{&quot;unit&quot;:&quot;px&quot;,&quot;size&quot;:10,&quot;sizes&quot;:[]},&quot;gap_mobile&quot;:{&quot;unit&quot;:&quot;px&quot;,&quot;size&quot;:10,&quot;sizes&quot;:[]},&quot;link_to&quot;:&quot;file&quot;,&quot;overlay_background&quot;:&quot;yes&quot;,&quot;content_hover_animation&quot;:&quot;fade-in&quot;}\" data-widget_type=\"gallery.default\">\n\t\t\t\t<div class=\"elementor-widget-container\">\n\t\t\t\t\t\t\t<div class=\"elementor-gallery__container\">\n\t\t\t\t\t\t\t<a class=\"e-gallery-item elementor-gallery-item elementor-animated-content\" href=\"https:\/\/onevetgroup.pt\/tras-os-montes\/wp-content\/uploads\/sites\/67\/2025\/07\/1.jpg\" data-elementor-open-lightbox=\"yes\" data-elementor-lightbox-slideshow=\"7c6209e\" data-elementor-lightbox-title=\"1\" data-e-action-hash=\"#elementor-action%3Aaction%3Dlightbox%26settings%3DeyJpZCI6MjAxODgsInVybCI6Imh0dHBzOlwvXC9vbmV2ZXRncm91cC5wdFwvdHJhcy1vcy1tb250ZXNcL3dwLWNvbnRlbnRcL3VwbG9hZHNcL3NpdGVzXC82N1wvMjAyNVwvMDdcLzEuanBnIiwic2xpZGVzaG93IjoiN2M2MjA5ZSJ9\">\n\t\t\t\t\t<div class=\"e-gallery-image elementor-gallery-item__image\" data-thumbnail=\"https:\/\/onevetgroup.pt\/tras-os-montes\/wp-content\/uploads\/sites\/67\/2025\/07\/1-771x1024.jpg\" data-width=\"724\" data-height=\"962\" aria-label=\"\" role=\"img\" ><\/div>\n\t\t\t\t\t\t\t\t\t\t\t<div class=\"elementor-gallery-item__overlay\"><\/div>\n\t\t\t\t\t\t\t\t\t\t\t\t\t\t<\/a>\n\t\t\t\t\t\t\t<a class=\"e-gallery-item elementor-gallery-item elementor-animated-content\" href=\"https:\/\/onevetgroup.pt\/tras-os-montes\/wp-content\/uploads\/sites\/67\/2025\/07\/2.jpg\" data-elementor-open-lightbox=\"yes\" data-elementor-lightbox-slideshow=\"7c6209e\" data-elementor-lightbox-title=\"2\" data-e-action-hash=\"#elementor-action%3Aaction%3Dlightbox%26settings%3DeyJpZCI6MjAxOTAsInVybCI6Imh0dHBzOlwvXC9vbmV2ZXRncm91cC5wdFwvdHJhcy1vcy1tb250ZXNcL3dwLWNvbnRlbnRcL3VwbG9hZHNcL3NpdGVzXC82N1wvMjAyNVwvMDdcLzIuanBnIiwic2xpZGVzaG93IjoiN2M2MjA5ZSJ9\">\n\t\t\t\t\t<div class=\"e-gallery-image elementor-gallery-item__image\" data-thumbnail=\"https:\/\/onevetgroup.pt\/tras-os-montes\/wp-content\/uploads\/sites\/67\/2025\/07\/2.jpg\" data-width=\"724\" data-height=\"485\" aria-label=\"\" role=\"img\" ><\/div>\n\t\t\t\t\t\t\t\t\t\t\t<div class=\"elementor-gallery-item__overlay\"><\/div>\n\t\t\t\t\t\t\t\t\t\t\t\t\t\t<\/a>\n\t\t\t\t\t\t\t<a class=\"e-gallery-item elementor-gallery-item elementor-animated-content\" href=\"https:\/\/onevetgroup.pt\/tras-os-montes\/wp-content\/uploads\/sites\/67\/2025\/07\/3.jpg\" data-elementor-open-lightbox=\"yes\" data-elementor-lightbox-slideshow=\"7c6209e\" data-elementor-lightbox-title=\"3\" data-e-action-hash=\"#elementor-action%3Aaction%3Dlightbox%26settings%3DeyJpZCI6MjAxOTIsInVybCI6Imh0dHBzOlwvXC9vbmV2ZXRncm91cC5wdFwvdHJhcy1vcy1tb250ZXNcL3dwLWNvbnRlbnRcL3VwbG9hZHNcL3NpdGVzXC82N1wvMjAyNVwvMDdcLzMuanBnIiwic2xpZGVzaG93IjoiN2M2MjA5ZSJ9\">\n\t\t\t\t\t<div class=\"e-gallery-image elementor-gallery-item__image\" data-thumbnail=\"https:\/\/onevetgroup.pt\/tras-os-montes\/wp-content\/uploads\/sites\/67\/2025\/07\/3-742x1024.jpg\" data-width=\"724\" data-height=\"999\" aria-label=\"\" role=\"img\" ><\/div>\n\t\t\t\t\t\t\t\t\t\t\t<div class=\"elementor-gallery-item__overlay\"><\/div>\n\t\t\t\t\t\t\t\t\t\t\t\t\t\t<\/a>\n\t\t\t\t\t\t\t<a class=\"e-gallery-item elementor-gallery-item elementor-animated-content\" href=\"https:\/\/onevetgroup.pt\/tras-os-montes\/wp-content\/uploads\/sites\/67\/2025\/07\/4.jpg\" data-elementor-open-lightbox=\"yes\" data-elementor-lightbox-slideshow=\"7c6209e\" data-elementor-lightbox-title=\"4\" data-e-action-hash=\"#elementor-action%3Aaction%3Dlightbox%26settings%3DeyJpZCI6MjAxOTQsInVybCI6Imh0dHBzOlwvXC9vbmV2ZXRncm91cC5wdFwvdHJhcy1vcy1tb250ZXNcL3dwLWNvbnRlbnRcL3VwbG9hZHNcL3NpdGVzXC82N1wvMjAyNVwvMDdcLzQuanBnIiwic2xpZGVzaG93IjoiN2M2MjA5ZSJ9\">\n\t\t\t\t\t<div class=\"e-gallery-image elementor-gallery-item__image\" data-thumbnail=\"https:\/\/onevetgroup.pt\/tras-os-montes\/wp-content\/uploads\/sites\/67\/2025\/07\/4.jpg\" data-width=\"385\" data-height=\"522\" aria-label=\"\" role=\"img\" ><\/div>\n\t\t\t\t\t\t\t\t\t\t\t<div class=\"elementor-gallery-item__overlay\"><\/div>\n\t\t\t\t\t\t\t\t\t\t\t\t\t\t<\/a>\n\t\t\t\t\t\t\t<a class=\"e-gallery-item elementor-gallery-item elementor-animated-content\" href=\"https:\/\/onevetgroup.pt\/tras-os-montes\/wp-content\/uploads\/sites\/67\/2025\/07\/5.jpg\" data-elementor-open-lightbox=\"yes\" data-elementor-lightbox-slideshow=\"7c6209e\" data-elementor-lightbox-title=\"5\" data-e-action-hash=\"#elementor-action%3Aaction%3Dlightbox%26settings%3DeyJpZCI6MjAxOTYsInVybCI6Imh0dHBzOlwvXC9vbmV2ZXRncm91cC5wdFwvdHJhcy1vcy1tb250ZXNcL3dwLWNvbnRlbnRcL3VwbG9hZHNcL3NpdGVzXC82N1wvMjAyNVwvMDdcLzUuanBnIiwic2xpZGVzaG93IjoiN2M2MjA5ZSJ9\">\n\t\t\t\t\t<div class=\"e-gallery-image elementor-gallery-item__image\" data-thumbnail=\"https:\/\/onevetgroup.pt\/tras-os-montes\/wp-content\/uploads\/sites\/67\/2025\/07\/5-764x1024.jpg\" data-width=\"724\" data-height=\"970\" aria-label=\"\" role=\"img\" ><\/div>\n\t\t\t\t\t\t\t\t\t\t\t<div class=\"elementor-gallery-item__overlay\"><\/div>\n\t\t\t\t\t\t\t\t\t\t\t\t\t\t<\/a>\n\t\t\t\t\t\t\t<a class=\"e-gallery-item elementor-gallery-item elementor-animated-content\" href=\"https:\/\/onevetgroup.pt\/tras-os-montes\/wp-content\/uploads\/sites\/67\/2025\/07\/6.jpg\" data-elementor-open-lightbox=\"yes\" data-elementor-lightbox-slideshow=\"7c6209e\" data-elementor-lightbox-title=\"6\" data-e-action-hash=\"#elementor-action%3Aaction%3Dlightbox%26settings%3DeyJpZCI6MjAxOTgsInVybCI6Imh0dHBzOlwvXC9vbmV2ZXRncm91cC5wdFwvdHJhcy1vcy1tb250ZXNcL3dwLWNvbnRlbnRcL3VwbG9hZHNcL3NpdGVzXC82N1wvMjAyNVwvMDdcLzYuanBnIiwic2xpZGVzaG93IjoiN2M2MjA5ZSJ9\">\n\t\t\t\t\t<div class=\"e-gallery-image elementor-gallery-item__image\" data-thumbnail=\"https:\/\/onevetgroup.pt\/tras-os-montes\/wp-content\/uploads\/sites\/67\/2025\/07\/6-1024x682.jpg\" data-width=\"724\" data-height=\"482\" aria-label=\"\" role=\"img\" ><\/div>\n\t\t\t\t\t\t\t\t\t\t\t<div class=\"elementor-gallery-item__overlay\"><\/div>\n\t\t\t\t\t\t\t\t\t\t\t\t\t\t<\/a>\n\t\t\t\t\t<\/div>\n\t\t\t\t\t<\/div>\n\t\t\t\t<\/div>\n\t\t\t\t\t<\/div>\n\t\t<\/div>\n\t\t\t\t\t<\/div>\n\t\t<\/section>\n\t\t\t\t<\/div>\n\t\t","protected":false},"excerpt":{"rendered":"<p>Onevet Veterinary Hospital Tr\u00e1s-os-Montes with 24-hour emergency service. For 18 years, our Veterinary Hospital has been growing professionally in the field of companion animals. The Tr\u00e1s-os-Montes Veterinary Hospital (HVTM) in Vila Real opened new facilities in 2013, built from scratch with modern architecture, continuing the project that began in 2002. In 2015, it joined the &hellip; <\/p>\n","protected":false},"author":1,"featured_media":0,"parent":0,"menu_order":0,"comment_status":"closed","ping_status":"closed","template":"page-fullwidth.php","meta":{"_acf_changed":false,"content-type":"","footnotes":""},"class_list":["post-268","page","type-page","status-publish","hentry"],"acf":[],"yoast_head":"<!-- This site is optimized with the Yoast SEO plugin v26.2 - https:\/\/yoast.com\/wordpress\/plugins\/seo\/ -->\n<title>About Us - Hospital Veterin\u00e1rio Tr\u00e1s-os-Montes<\/title>\n<meta name=\"robots\" content=\"index, follow, max-snippet:-1, max-image-preview:large, max-video-preview:-1\" \/>\n<link rel=\"canonical\" href=\"https:\/\/onevetgroup.pt\/tras-os-montes\/en\/about-us\/\" \/>\n<meta property=\"og:locale\" content=\"en_US\" \/>\n<meta property=\"og:type\" content=\"article\" \/>\n<meta property=\"og:title\" content=\"About Us - Hospital Veterin\u00e1rio Tr\u00e1s-os-Montes\" \/>\n<meta property=\"og:description\" content=\"Onevet Veterinary Hospital Tr\u00e1s-os-Montes with 24-hour emergency service. For 18 years, our Veterinary Hospital has been growing professionally in the field of companion animals. The Tr\u00e1s-os-Montes Veterinary Hospital (HVTM) in Vila Real opened new facilities in 2013, built from scratch with modern architecture, continuing the project that began in 2002. In 2015, it joined the &hellip;\" \/>\n<meta property=\"og:url\" content=\"https:\/\/onevetgroup.pt\/tras-os-montes\/en\/about-us\/\" \/>\n<meta property=\"og:site_name\" content=\"Hospital Veterin\u00e1rio Tr\u00e1s-os-Montes\" \/>\n<meta property=\"article:modified_time\" content=\"2025-07-25T09:30:51+00:00\" \/>\n<meta property=\"og:image\" content=\"https:\/\/onevetgroup.pt\/hvtrasosmontes\/wp-content\/uploads\/sites\/67\/2025\/07\/DSC_3084-786x524-1.jpg\" \/>\n<meta name=\"twitter:card\" content=\"summary_large_image\" \/>\n<meta name=\"twitter:label1\" content=\"Est. reading time\" \/>\n\t<meta name=\"twitter:data1\" content=\"1 minute\" \/>\n<script type=\"application\/ld+json\" class=\"yoast-schema-graph\">{\"@context\":\"https:\/\/schema.org\",\"@graph\":[{\"@type\":\"WebPage\",\"@id\":\"https:\/\/onevetgroup.pt\/tras-os-montes\/en\/about-us\/\",\"url\":\"https:\/\/onevetgroup.pt\/tras-os-montes\/en\/about-us\/\",\"name\":\"About Us - Hospital Veterin\u00e1rio Tr\u00e1s-os-Montes\",\"isPartOf\":{\"@id\":\"https:\/\/onevetgroup.pt\/tras-os-montes\/en\/#website\"},\"primaryImageOfPage\":{\"@id\":\"https:\/\/onevetgroup.pt\/tras-os-montes\/en\/about-us\/#primaryimage\"},\"image\":{\"@id\":\"https:\/\/onevetgroup.pt\/tras-os-montes\/en\/about-us\/#primaryimage\"},\"thumbnailUrl\":\"https:\/\/onevetgroup.pt\/hvtrasosmontes\/wp-content\/uploads\/sites\/67\/2025\/07\/DSC_3084-786x524-1.jpg\",\"datePublished\":\"2020-10-03T06:32:57+00:00\",\"dateModified\":\"2025-07-25T09:30:51+00:00\",\"breadcrumb\":{\"@id\":\"https:\/\/onevetgroup.pt\/tras-os-montes\/en\/about-us\/#breadcrumb\"},\"inLanguage\":\"en-US\",\"potentialAction\":[{\"@type\":\"ReadAction\",\"target\":[\"https:\/\/onevetgroup.pt\/tras-os-montes\/en\/about-us\/\"]}]},{\"@type\":\"ImageObject\",\"inLanguage\":\"en-US\",\"@id\":\"https:\/\/onevetgroup.pt\/tras-os-montes\/en\/about-us\/#primaryimage\",\"url\":\"https:\/\/onevetgroup.pt\/hvtrasosmontes\/wp-content\/uploads\/sites\/67\/2025\/07\/DSC_3084-786x524-1.jpg\",\"contentUrl\":\"https:\/\/onevetgroup.pt\/hvtrasosmontes\/wp-content\/uploads\/sites\/67\/2025\/07\/DSC_3084-786x524-1.jpg\"},{\"@type\":\"BreadcrumbList\",\"@id\":\"https:\/\/onevetgroup.pt\/tras-os-montes\/en\/about-us\/#breadcrumb\",\"itemListElement\":[{\"@type\":\"ListItem\",\"position\":1,\"name\":\"Home\",\"item\":\"https:\/\/onevetgroup.pt\/tras-os-montes\/en\/\"},{\"@type\":\"ListItem\",\"position\":2,\"name\":\"About Us\"}]},{\"@type\":\"WebSite\",\"@id\":\"https:\/\/onevetgroup.pt\/tras-os-montes\/en\/#website\",\"url\":\"https:\/\/onevetgroup.pt\/tras-os-montes\/en\/\",\"name\":\"Hospital Veterin\u00e1rio Tr\u00e1s-os-Montes\",\"description\":\"Your Pets in Good Hands\",\"publisher\":{\"@id\":\"https:\/\/onevetgroup.pt\/tras-os-montes\/en\/#organization\"},\"potentialAction\":[{\"@type\":\"SearchAction\",\"target\":{\"@type\":\"EntryPoint\",\"urlTemplate\":\"https:\/\/onevetgroup.pt\/tras-os-montes\/en\/?s={search_term_string}\"},\"query-input\":{\"@type\":\"PropertyValueSpecification\",\"valueRequired\":true,\"valueName\":\"search_term_string\"}}],\"inLanguage\":\"en-US\"},{\"@type\":\"Organization\",\"@id\":\"https:\/\/onevetgroup.pt\/tras-os-montes\/en\/#organization\",\"name\":\"Hospital Veterin\u00e1rio Tr\u00e1s-os-Montes\",\"url\":\"https:\/\/onevetgroup.pt\/tras-os-montes\/en\/\",\"logo\":{\"@type\":\"ImageObject\",\"inLanguage\":\"en-US\",\"@id\":\"https:\/\/onevetgroup.pt\/tras-os-montes\/en\/#\/schema\/logo\/image\/\",\"url\":\"https:\/\/onevetgroup.pt\/tras-os-montes\/wp-content\/uploads\/sites\/67\/2025\/07\/cropped-onevet_hvtrasosmontes_horizontal.png\",\"contentUrl\":\"https:\/\/onevetgroup.pt\/tras-os-montes\/wp-content\/uploads\/sites\/67\/2025\/07\/cropped-onevet_hvtrasosmontes_horizontal.png\",\"width\":2139,\"height\":619,\"caption\":\"Hospital Veterin\u00e1rio Tr\u00e1s-os-Montes\"},\"image\":{\"@id\":\"https:\/\/onevetgroup.pt\/tras-os-montes\/en\/#\/schema\/logo\/image\/\"}}]}<\/script>\n<!-- \/ Yoast SEO plugin. -->","yoast_head_json":{"title":"About Us - Hospital Veterin\u00e1rio Tr\u00e1s-os-Montes","robots":{"index":"index","follow":"follow","max-snippet":"max-snippet:-1","max-image-preview":"max-image-preview:large","max-video-preview":"max-video-preview:-1"},"canonical":"https:\/\/onevetgroup.pt\/tras-os-montes\/en\/about-us\/","og_locale":"en_US","og_type":"article","og_title":"About Us - Hospital Veterin\u00e1rio Tr\u00e1s-os-Montes","og_description":"Onevet Veterinary Hospital Tr\u00e1s-os-Montes with 24-hour emergency service. For 18 years, our Veterinary Hospital has been growing professionally in the field of companion animals. The Tr\u00e1s-os-Montes Veterinary Hospital (HVTM) in Vila Real opened new facilities in 2013, built from scratch with modern architecture, continuing the project that began in 2002. In 2015, it joined the &hellip;","og_url":"https:\/\/onevetgroup.pt\/tras-os-montes\/en\/about-us\/","og_site_name":"Hospital Veterin\u00e1rio Tr\u00e1s-os-Montes","article_modified_time":"2025-07-25T09:30:51+00:00","og_image":[{"url":"https:\/\/onevetgroup.pt\/hvtrasosmontes\/wp-content\/uploads\/sites\/67\/2025\/07\/DSC_3084-786x524-1.jpg","type":"","width":"","height":""}],"twitter_card":"summary_large_image","twitter_misc":{"Est. reading time":"1 minute"},"schema":{"@context":"https:\/\/schema.org","@graph":[{"@type":"WebPage","@id":"https:\/\/onevetgroup.pt\/tras-os-montes\/en\/about-us\/","url":"https:\/\/onevetgroup.pt\/tras-os-montes\/en\/about-us\/","name":"About Us - Hospital Veterin\u00e1rio Tr\u00e1s-os-Montes","isPartOf":{"@id":"https:\/\/onevetgroup.pt\/tras-os-montes\/en\/#website"},"primaryImageOfPage":{"@id":"https:\/\/onevetgroup.pt\/tras-os-montes\/en\/about-us\/#primaryimage"},"image":{"@id":"https:\/\/onevetgroup.pt\/tras-os-montes\/en\/about-us\/#primaryimage"},"thumbnailUrl":"https:\/\/onevetgroup.pt\/hvtrasosmontes\/wp-content\/uploads\/sites\/67\/2025\/07\/DSC_3084-786x524-1.jpg","datePublished":"2020-10-03T06:32:57+00:00","dateModified":"2025-07-25T09:30:51+00:00","breadcrumb":{"@id":"https:\/\/onevetgroup.pt\/tras-os-montes\/en\/about-us\/#breadcrumb"},"inLanguage":"en-US","potentialAction":[{"@type":"ReadAction","target":["https:\/\/onevetgroup.pt\/tras-os-montes\/en\/about-us\/"]}]},{"@type":"ImageObject","inLanguage":"en-US","@id":"https:\/\/onevetgroup.pt\/tras-os-montes\/en\/about-us\/#primaryimage","url":"https:\/\/onevetgroup.pt\/hvtrasosmontes\/wp-content\/uploads\/sites\/67\/2025\/07\/DSC_3084-786x524-1.jpg","contentUrl":"https:\/\/onevetgroup.pt\/hvtrasosmontes\/wp-content\/uploads\/sites\/67\/2025\/07\/DSC_3084-786x524-1.jpg"},{"@type":"BreadcrumbList","@id":"https:\/\/onevetgroup.pt\/tras-os-montes\/en\/about-us\/#breadcrumb","itemListElement":[{"@type":"ListItem","position":1,"name":"Home","item":"https:\/\/onevetgroup.pt\/tras-os-montes\/en\/"},{"@type":"ListItem","position":2,"name":"About Us"}]},{"@type":"WebSite","@id":"https:\/\/onevetgroup.pt\/tras-os-montes\/en\/#website","url":"https:\/\/onevetgroup.pt\/tras-os-montes\/en\/","name":"Hospital Veterin\u00e1rio Tr\u00e1s-os-Montes","description":"Your Pets in Good Hands","publisher":{"@id":"https:\/\/onevetgroup.pt\/tras-os-montes\/en\/#organization"},"potentialAction":[{"@type":"SearchAction","target":{"@type":"EntryPoint","urlTemplate":"https:\/\/onevetgroup.pt\/tras-os-montes\/en\/?s={search_term_string}"},"query-input":{"@type":"PropertyValueSpecification","valueRequired":true,"valueName":"search_term_string"}}],"inLanguage":"en-US"},{"@type":"Organization","@id":"https:\/\/onevetgroup.pt\/tras-os-montes\/en\/#organization","name":"Hospital Veterin\u00e1rio Tr\u00e1s-os-Montes","url":"https:\/\/onevetgroup.pt\/tras-os-montes\/en\/","logo":{"@type":"ImageObject","inLanguage":"en-US","@id":"https:\/\/onevetgroup.pt\/tras-os-montes\/en\/#\/schema\/logo\/image\/","url":"https:\/\/onevetgroup.pt\/tras-os-montes\/wp-content\/uploads\/sites\/67\/2025\/07\/cropped-onevet_hvtrasosmontes_horizontal.png","contentUrl":"https:\/\/onevetgroup.pt\/tras-os-montes\/wp-content\/uploads\/sites\/67\/2025\/07\/cropped-onevet_hvtrasosmontes_horizontal.png","width":2139,"height":619,"caption":"Hospital Veterin\u00e1rio Tr\u00e1s-os-Montes"},"image":{"@id":"https:\/\/onevetgroup.pt\/tras-os-montes\/en\/#\/schema\/logo\/image\/"}}]}},"_links":{"self":[{"href":"https:\/\/onevetgroup.pt\/tras-os-montes\/en\/wp-json\/wp\/v2\/pages\/268","targetHints":{"allow":["GET"]}}],"collection":[{"href":"https:\/\/onevetgroup.pt\/tras-os-montes\/en\/wp-json\/wp\/v2\/pages"}],"about":[{"href":"https:\/\/onevetgroup.pt\/tras-os-montes\/en\/wp-json\/wp\/v2\/types\/page"}],"author":[{"embeddable":true,"href":"https:\/\/onevetgroup.pt\/tras-os-montes\/en\/wp-json\/wp\/v2\/users\/1"}],"replies":[{"embeddable":true,"href":"https:\/\/onevetgroup.pt\/tras-os-montes\/en\/wp-json\/wp\/v2\/comments?post=268"}],"version-history":[{"count":9,"href":"https:\/\/onevetgroup.pt\/tras-os-montes\/en\/wp-json\/wp\/v2\/pages\/268\/revisions"}],"predecessor-version":[{"id":20202,"href":"https:\/\/onevetgroup.pt\/tras-os-montes\/en\/wp-json\/wp\/v2\/pages\/268\/revisions\/20202"}],"wp:attachment":[{"href":"https:\/\/onevetgroup.pt\/tras-os-montes\/en\/wp-json\/wp\/v2\/media?parent=268"}],"curies":[{"name":"wp","href":"https:\/\/api.w.org\/{rel}","templated":true}]}}