{"id":12939,"date":"2020-10-14T09:47:42","date_gmt":"2020-10-14T09:47:42","guid":{"rendered":"http:\/\/onevet.pt\/porto\/rehabilitation\/"},"modified":"2025-11-17T17:39:35","modified_gmt":"2025-11-17T17:39:35","slug":"reabilitacao","status":"publish","type":"page","link":"https:\/\/onevetgroup.pt\/tras-os-montes\/servicos-veterinarios\/reabilitacao\/","title":{"rendered":"Reabilita\u00e7\u00e3o"},"content":{"rendered":"\t\t<div data-elementor-type=\"wp-page\" data-elementor-id=\"12939\" class=\"elementor elementor-12939 elementor-746\" data-elementor-post-type=\"page\">\n\t\t\t\t\t\t<section class=\"elementor-section elementor-top-section elementor-element elementor-element-16949c0 elementor-section-boxed elementor-section-height-default elementor-section-height-default\" data-id=\"16949c0\" data-element_type=\"section\" id=\"main-sec\">\n\t\t\t\t\t\t<div class=\"elementor-container elementor-column-gap-default\">\n\t\t\t\t\t<div class=\"elementor-column elementor-col-100 elementor-top-column elementor-element elementor-element-7afa5eb\" data-id=\"7afa5eb\" data-element_type=\"column\">\n\t\t\t<div class=\"elementor-widget-wrap elementor-element-populated\">\n\t\t\t\t\t\t<div class=\"elementor-element elementor-element-0bfd30c elementor-widget elementor-widget-section_titleleft\" data-id=\"0bfd30c\" data-element_type=\"widget\" data-widget_type=\"section_titleleft.default\">\n\t\t\t\t<div class=\"elementor-widget-container\">\n\t\t\t\t\t        <div class=\"ab_text-title fl-wrap\">\r\n            <h3>O que \u00e9 a reabilita\u00e7\u00e3o?<\/h3>Na Onevet Hospital Veterin\u00e1rio Tr\u00e1s-os-Montes oferecemos servi\u00e7os de reabilita\u00e7\u00e3o, um tipo de terapia n\u00e3o invasiva, que se centra nas rela\u00e7\u00f5es entre m\u00fasculos, ossos, nervos, tend\u00f5es e ligamentos para reduzir a dor e melhorar a fun\u00e7\u00e3o corporal ap\u00f3s uma les\u00e3o ou doen\u00e7a.<span class=\"section-separator fl-sec-sep\"><\/span>        <\/div>\r\n        \t\t\t\t<\/div>\n\t\t\t\t<\/div>\n\t\t\t\t\t<\/div>\n\t\t<\/div>\n\t\t\t\t\t<\/div>\n\t\t<\/section>\n\t\t\t\t<section class=\"elementor-section elementor-top-section elementor-element elementor-element-fc2785c elementor-section-boxed elementor-section-height-default elementor-section-height-default\" data-id=\"fc2785c\" data-element_type=\"section\">\n\t\t\t\t\t\t<div class=\"elementor-container elementor-column-gap-default\">\n\t\t\t\t\t<div class=\"elementor-column elementor-col-50 elementor-top-column elementor-element elementor-element-8f0fc8c\" data-id=\"8f0fc8c\" data-element_type=\"column\">\n\t\t\t<div class=\"elementor-widget-wrap elementor-element-populated\">\n\t\t\t\t\t\t<div class=\"elementor-element elementor-element-8e92a1f elementor-widget elementor-widget-text-editor\" data-id=\"8e92a1f\" data-element_type=\"widget\" data-widget_type=\"text-editor.default\">\n\t\t\t\t<div class=\"elementor-widget-container\">\n\t\t\t\t\t\t\t\t\t<p>A reabilita\u00e7\u00e3o canina e felina emprega as mesmas t\u00e9cnicas usadas na fisioterapia humana para alcan\u00e7ar um ou mais dos objetivos que se seguem:<\/p><ul><li>R\u00e1pida recupera\u00e7\u00e3o de les\u00e3o ou cirurgia<\/li><li>Aumento da mobilidade e flexibilidade<\/li><li>Melhoria da resist\u00eancia e da agilidade<\/li><li>Diminui\u00e7\u00e3o da dor<\/li><li>Promo\u00e7\u00e3o da perda de peso<\/li><li>Manuten\u00e7\u00e3o das fun\u00e7\u00f5es e preven\u00e7\u00e3o de problemas futuros<\/li><li>Aumento da qualidade de vida<\/li><\/ul>\t\t\t\t\t\t\t\t<\/div>\n\t\t\t\t<\/div>\n\t\t\t\t\t<\/div>\n\t\t<\/div>\n\t\t\t\t<div class=\"elementor-column elementor-col-50 elementor-top-column elementor-element elementor-element-a1ba534\" data-id=\"a1ba534\" data-element_type=\"column\">\n\t\t\t<div class=\"elementor-widget-wrap elementor-element-populated\">\n\t\t\t\t\t\t<div class=\"elementor-element elementor-element-9407c17 elementor-widget elementor-widget-image\" data-id=\"9407c17\" data-element_type=\"widget\" data-widget_type=\"image.default\">\n\t\t\t\t<div class=\"elementor-widget-container\">\n\t\t\t\t\t\t\t\t\t\t\t\t\t\t\t<img fetchpriority=\"high\" width=\"724\" height=\"483\" class=\"attachment-large size-large wp-image-14032 lazy\" alt=\"\" data-src=\"https:\/\/onevetgroup.pt\/tras-os-montes\/wp-content\/uploads\/sites\/67\/2020\/10\/shutterstock_264930377-1.jpg\" data-lazy=\"https:\/\/onevetgroup.pt\/tras-os-montes\/wp-content\/uploads\/sites\/67\/2020\/10\/shutterstock_264930377-1.jpg\" \/>\t\t\t\t\t\t\t\t\t\t\t\t\t\t\t<\/div>\n\t\t\t\t<\/div>\n\t\t\t\t\t<\/div>\n\t\t<\/div>\n\t\t\t\t\t<\/div>\n\t\t<\/section>\n\t\t\t\t<section class=\"elementor-section elementor-top-section elementor-element elementor-element-6d2f62e elementor-section-boxed elementor-section-height-default elementor-section-height-default\" data-id=\"6d2f62e\" data-element_type=\"section\">\n\t\t\t\t\t\t<div class=\"elementor-container elementor-column-gap-default\">\n\t\t\t\t\t<div class=\"elementor-column elementor-col-100 elementor-top-column elementor-element elementor-element-a925989\" data-id=\"a925989\" data-element_type=\"column\">\n\t\t\t<div class=\"elementor-widget-wrap elementor-element-populated\">\n\t\t\t\t\t\t<div class=\"elementor-element elementor-element-6a729b5 elementor-widget elementor-widget-section_titleleft\" data-id=\"6a729b5\" data-element_type=\"widget\" data-widget_type=\"section_titleleft.default\">\n\t\t\t\t<div class=\"elementor-widget-container\">\n\t\t\t\t\t        <div class=\"ab_text-title fl-wrap\">\r\n            <h3>Tipos de terapias de reabilita\u00e7\u00e3o<\/h3><span class=\"section-separator fl-sec-sep\"><\/span>        <\/div>\r\n        \t\t\t\t<\/div>\n\t\t\t\t<\/div>\n\t\t\t\t\t<\/div>\n\t\t<\/div>\n\t\t\t\t\t<\/div>\n\t\t<\/section>\n\t\t\t\t<section class=\"elementor-section elementor-top-section elementor-element elementor-element-8015f2b elementor-section-boxed elementor-section-height-default elementor-section-height-default\" data-id=\"8015f2b\" data-element_type=\"section\">\n\t\t\t\t\t\t<div class=\"elementor-container elementor-column-gap-default\">\n\t\t\t\t\t<div class=\"elementor-column elementor-col-50 elementor-top-column elementor-element elementor-element-c6123fe\" data-id=\"c6123fe\" data-element_type=\"column\">\n\t\t\t<div class=\"elementor-widget-wrap elementor-element-populated\">\n\t\t\t\t\t\t<div class=\"elementor-element elementor-element-1b2c62b elementor-widget elementor-widget-image\" data-id=\"1b2c62b\" data-element_type=\"widget\" data-widget_type=\"image.default\">\n\t\t\t\t<div class=\"elementor-widget-container\">\n\t\t\t\t\t\t\t\t\t\t\t\t\t\t\t<img width=\"724\" height=\"483\" class=\"attachment-large size-large wp-image-14033 lazy\" alt=\"\" data-src=\"https:\/\/onevetgroup.pt\/tras-os-montes\/wp-content\/uploads\/sites\/67\/2020\/10\/shutterstock_1724944462-1-1024x683.jpg\" data-lazy=\"https:\/\/onevetgroup.pt\/tras-os-montes\/wp-content\/uploads\/sites\/67\/2020\/10\/shutterstock_1724944462-1-1024x683.jpg\" \/>\t\t\t\t\t\t\t\t\t\t\t\t\t\t\t<\/div>\n\t\t\t\t<\/div>\n\t\t\t\t\t<\/div>\n\t\t<\/div>\n\t\t\t\t<div class=\"elementor-column elementor-col-50 elementor-top-column elementor-element elementor-element-422a2f3\" data-id=\"422a2f3\" data-element_type=\"column\">\n\t\t\t<div class=\"elementor-widget-wrap elementor-element-populated\">\n\t\t\t\t\t\t<div class=\"elementor-element elementor-element-ce4af12 elementor-widget elementor-widget-text-editor\" data-id=\"ce4af12\" data-element_type=\"widget\" data-widget_type=\"text-editor.default\">\n\t\t\t\t<div class=\"elementor-widget-container\">\n\t\t\t\t\t\t\t\t\t<p>Os animais de estima\u00e7\u00e3o que passam pelos nossos servi\u00e7os de reabilita\u00e7\u00e3o s\u00e3o avaliados individualmente e \u00e9 concebido um plano de tratamento com base nas necessidades do paciente. A maioria dos pacientes pode beneficiar de uma abordagem multifacetada, que incorpore terapias, como:<\/p><ul><li>Massagem<\/li><li>Estimula\u00e7\u00e3o el\u00e9trica neuromuscular<\/li><li>Uma variedade de exerc\u00edcios de movimento e alongamento passivos<\/li><li>Laser terap\u00eautico\u00a0ou sess\u00f5es de ultrassons<\/li><li>Programas de exerc\u00edcio terap\u00eautico<\/li><li>Sess\u00f5es em passadeira aqu\u00e1tica<\/li><\/ul><p>Estas t\u00e9cnicas podem ajudar animais com uma vasta gama de problemas e necessidades. Em especial, animais com fun\u00e7\u00f5es diminu\u00eddas e dores relacionadas com a osteoartrite e o envelhecimento, bem como aqueles que recuperam de uma les\u00e3o ou cirurgia.<\/p>\t\t\t\t\t\t\t\t<\/div>\n\t\t\t\t<\/div>\n\t\t\t\t\t<\/div>\n\t\t<\/div>\n\t\t\t\t\t<\/div>\n\t\t<\/section>\n\t\t\t\t<section class=\"elementor-section elementor-top-section elementor-element elementor-element-e894e04 elementor-section-boxed elementor-section-height-default elementor-section-height-default\" data-id=\"e894e04\" data-element_type=\"section\">\n\t\t\t\t\t\t<div class=\"elementor-container elementor-column-gap-default\">\n\t\t\t\t\t<div class=\"elementor-column elementor-col-100 elementor-top-column elementor-element elementor-element-aaeb22d\" data-id=\"aaeb22d\" data-element_type=\"column\">\n\t\t\t<div class=\"elementor-widget-wrap elementor-element-populated\">\n\t\t\t\t\t\t<div class=\"elementor-element elementor-element-281b76d elementor-widget elementor-widget-section_titleleft\" data-id=\"281b76d\" data-element_type=\"widget\" data-widget_type=\"section_titleleft.default\">\n\t\t\t\t<div class=\"elementor-widget-container\">\n\t\t\t\t\t        <div class=\"ab_text-title fl-wrap\">\r\n            <h3>Como \u00e9 que sabe se o seu animal de estima\u00e7\u00e3o precisa de reabilita\u00e7\u00e3o?<\/h3><span class=\"section-separator fl-sec-sep\"><\/span>        <\/div>\r\n        \t\t\t\t<\/div>\n\t\t\t\t<\/div>\n\t\t\t\t<div class=\"elementor-element elementor-element-ce9eaa9 elementor-widget elementor-widget-text-editor\" data-id=\"ce9eaa9\" data-element_type=\"widget\" data-widget_type=\"text-editor.default\">\n\t\t\t\t<div class=\"elementor-widget-container\">\n\t\t\t\t\t\t\t\t\t<p>A maioria dos animais de estima\u00e7\u00e3o pode beneficiar de alguma forma de reabilita\u00e7\u00e3o. Alguns indicadores comuns incluem:<\/p><p><strong>Ortop\u00e9dicos<\/strong><\/p><ul><li>Cirurgias articulares<\/li><li>Artrite<\/li><li>Les\u00f5es desportivas<\/li><li>Repara\u00e7\u00e3o de fraturas<\/li><li>Repara\u00e7\u00e3o de tend\u00f5es e ligamentos (por exemplo, rotura do ligamento cruzado)<\/li><li>Displasia da anca e do cotovelo<\/li><\/ul>\t\t\t\t\t\t\t\t<\/div>\n\t\t\t\t<\/div>\n\t\t\t\t<div class=\"elementor-element elementor-element-ea517ff elementor-widget elementor-widget-text-editor\" data-id=\"ea517ff\" data-element_type=\"widget\" data-widget_type=\"text-editor.default\">\n\t\t\t\t<div class=\"elementor-widget-container\">\n\t\t\t\t\t\t\t\t\t<p><strong>Neurol\u00f3gicos<\/strong><\/p><ul><li>P\u00f3s-operat\u00f3rio de cirurgia da medula espinal ou discal<\/li><li>Doen\u00e7a dos discos intervertebrais n\u00e3o cir\u00fargica<\/li><li>S\u00edndrome de Wobbler<\/li><li>Movimento descoordenado (ataxia)<\/li><li>Les\u00f5es dos nervos perif\u00e9ricos<\/li><li>Doen\u00e7a nervosa degenerativa<\/li><\/ul><p><strong>Gerais<\/strong><\/p><ul><li>Dor cr\u00f3nica<\/li><li>Envelhecimento (enfraquecimento, rigidez, artrite)<\/li><li>Obesidade\/redu\u00e7\u00e3o de peso e manuten\u00e7\u00e3o<\/li><li>Treino de fortalecimento e fitness para atletas caninos e c\u00e3es de trabalho<\/li><\/ul>\t\t\t\t\t\t\t\t<\/div>\n\t\t\t\t<\/div>\n\t\t\t\t\t<\/div>\n\t\t<\/div>\n\t\t\t\t\t<\/div>\n\t\t<\/section>\n\t\t\t\t<\/div>\n\t\t","protected":false},"excerpt":{"rendered":"<p>O que \u00e9 a reabilita\u00e7\u00e3o? Na oferecemos servi\u00e7os de reabilita\u00e7\u00e3o, um tipo de terapia n\u00e3o invasiva, que se centra nas rela\u00e7\u00f5es entre m\u00fasculos, ossos, nervos, tend\u00f5es e ligamentos para reduzir a dor e melhorar a fun\u00e7\u00e3o corporal ap\u00f3s uma les\u00e3o ou doen\u00e7a. A reabilita\u00e7\u00e3o canina e felina emprega as mesmas t\u00e9cnicas usadas na fisioterapia humana &hellip; <\/p>\n","protected":false},"author":4,"featured_media":0,"parent":14053,"menu_order":0,"comment_status":"closed","ping_status":"closed","template":"page-fullwidth.php","meta":{"_acf_changed":false,"content-type":"","footnotes":""},"class_list":["post-12939","page","type-page","status-publish","hentry"],"acf":[],"yoast_head":"<!-- This site is optimized with the Yoast SEO plugin v26.2 - https:\/\/yoast.com\/wordpress\/plugins\/seo\/ -->\n<title>Reabilita\u00e7\u00e3o - Hospital Veterin\u00e1rio Tr\u00e1s-os-Montes<\/title>\n<meta name=\"robots\" content=\"index, follow, max-snippet:-1, max-image-preview:large, max-video-preview:-1\" \/>\n<link rel=\"canonical\" href=\"https:\/\/onevetgroup.pt\/tras-os-montes\/servicos-veterinarios\/reabilitacao\/\" \/>\n<meta property=\"og:locale\" content=\"pt_PT\" \/>\n<meta property=\"og:type\" content=\"article\" \/>\n<meta property=\"og:title\" content=\"Reabilita\u00e7\u00e3o - Hospital Veterin\u00e1rio Tr\u00e1s-os-Montes\" \/>\n<meta property=\"og:description\" content=\"O que \u00e9 a reabilita\u00e7\u00e3o? Na oferecemos servi\u00e7os de reabilita\u00e7\u00e3o, um tipo de terapia n\u00e3o invasiva, que se centra nas rela\u00e7\u00f5es entre m\u00fasculos, ossos, nervos, tend\u00f5es e ligamentos para reduzir a dor e melhorar a fun\u00e7\u00e3o corporal ap\u00f3s uma les\u00e3o ou doen\u00e7a. A reabilita\u00e7\u00e3o canina e felina emprega as mesmas t\u00e9cnicas usadas na fisioterapia humana &hellip;\" \/>\n<meta property=\"og:url\" content=\"https:\/\/onevetgroup.pt\/tras-os-montes\/servicos-veterinarios\/reabilitacao\/\" \/>\n<meta property=\"og:site_name\" content=\"Hospital Veterin\u00e1rio Tr\u00e1s-os-Montes\" \/>\n<meta property=\"article:modified_time\" content=\"2025-11-17T17:39:35+00:00\" \/>\n<meta property=\"og:image\" content=\"https:\/\/onevetgroup.pt\/tras-os-montes\/wp-content\/uploads\/sites\/67\/2020\/10\/shutterstock_264930377-1.jpg\" \/>\n<meta name=\"twitter:card\" content=\"summary_large_image\" \/>\n<meta name=\"twitter:label1\" content=\"Tempo estimado de leitura\" \/>\n\t<meta name=\"twitter:data1\" content=\"3 minutos\" \/>\n<script type=\"application\/ld+json\" class=\"yoast-schema-graph\">{\"@context\":\"https:\/\/schema.org\",\"@graph\":[{\"@type\":\"WebPage\",\"@id\":\"https:\/\/onevetgroup.pt\/tras-os-montes\/servicos-veterinarios\/reabilitacao\/\",\"url\":\"https:\/\/onevetgroup.pt\/tras-os-montes\/servicos-veterinarios\/reabilitacao\/\",\"name\":\"Reabilita\u00e7\u00e3o - Hospital Veterin\u00e1rio Tr\u00e1s-os-Montes\",\"isPartOf\":{\"@id\":\"https:\/\/onevetgroup.pt\/tras-os-montes\/#website\"},\"primaryImageOfPage\":{\"@id\":\"https:\/\/onevetgroup.pt\/tras-os-montes\/servicos-veterinarios\/reabilitacao\/#primaryimage\"},\"image\":{\"@id\":\"https:\/\/onevetgroup.pt\/tras-os-montes\/servicos-veterinarios\/reabilitacao\/#primaryimage\"},\"thumbnailUrl\":\"https:\/\/onevetgroup.pt\/tras-os-montes\/wp-content\/uploads\/sites\/67\/2020\/10\/shutterstock_264930377-1.jpg\",\"datePublished\":\"2020-10-14T09:47:42+00:00\",\"dateModified\":\"2025-11-17T17:39:35+00:00\",\"breadcrumb\":{\"@id\":\"https:\/\/onevetgroup.pt\/tras-os-montes\/servicos-veterinarios\/reabilitacao\/#breadcrumb\"},\"inLanguage\":\"pt-PT\",\"potentialAction\":[{\"@type\":\"ReadAction\",\"target\":[\"https:\/\/onevetgroup.pt\/tras-os-montes\/servicos-veterinarios\/reabilitacao\/\"]}]},{\"@type\":\"ImageObject\",\"inLanguage\":\"pt-PT\",\"@id\":\"https:\/\/onevetgroup.pt\/tras-os-montes\/servicos-veterinarios\/reabilitacao\/#primaryimage\",\"url\":\"https:\/\/onevetgroup.pt\/tras-os-montes\/wp-content\/uploads\/sites\/67\/2020\/10\/shutterstock_264930377-1.jpg\",\"contentUrl\":\"https:\/\/onevetgroup.pt\/tras-os-montes\/wp-content\/uploads\/sites\/67\/2020\/10\/shutterstock_264930377-1.jpg\",\"width\":1000,\"height\":667},{\"@type\":\"BreadcrumbList\",\"@id\":\"https:\/\/onevetgroup.pt\/tras-os-montes\/servicos-veterinarios\/reabilitacao\/#breadcrumb\",\"itemListElement\":[{\"@type\":\"ListItem\",\"position\":1,\"name\":\"Home\",\"item\":\"https:\/\/onevetgroup.pt\/tras-os-montes\/\"},{\"@type\":\"ListItem\",\"position\":2,\"name\":\"Servi\u00e7os de Cuidados para Animais de Estima\u00e7\u00e3o\",\"item\":\"https:\/\/onevetgroup.pt\/tras-os-montes\/servicos-veterinarios\/\"},{\"@type\":\"ListItem\",\"position\":3,\"name\":\"Reabilita\u00e7\u00e3o\"}]},{\"@type\":\"WebSite\",\"@id\":\"https:\/\/onevetgroup.pt\/tras-os-montes\/#website\",\"url\":\"https:\/\/onevetgroup.pt\/tras-os-montes\/\",\"name\":\"Hospital Veterin\u00e1rio Tr\u00e1s-os-Montes\",\"description\":\"Your Pets in Good Hands\",\"publisher\":{\"@id\":\"https:\/\/onevetgroup.pt\/tras-os-montes\/#organization\"},\"potentialAction\":[{\"@type\":\"SearchAction\",\"target\":{\"@type\":\"EntryPoint\",\"urlTemplate\":\"https:\/\/onevetgroup.pt\/tras-os-montes\/?s={search_term_string}\"},\"query-input\":{\"@type\":\"PropertyValueSpecification\",\"valueRequired\":true,\"valueName\":\"search_term_string\"}}],\"inLanguage\":\"pt-PT\"},{\"@type\":\"Organization\",\"@id\":\"https:\/\/onevetgroup.pt\/tras-os-montes\/#organization\",\"name\":\"Hospital Veterin\u00e1rio Tr\u00e1s-os-Montes\",\"url\":\"https:\/\/onevetgroup.pt\/tras-os-montes\/\",\"logo\":{\"@type\":\"ImageObject\",\"inLanguage\":\"pt-PT\",\"@id\":\"https:\/\/onevetgroup.pt\/tras-os-montes\/#\/schema\/logo\/image\/\",\"url\":\"https:\/\/onevetgroup.pt\/tras-os-montes\/wp-content\/uploads\/sites\/67\/2025\/07\/cropped-onevet_hvtrasosmontes_horizontal.png\",\"contentUrl\":\"https:\/\/onevetgroup.pt\/tras-os-montes\/wp-content\/uploads\/sites\/67\/2025\/07\/cropped-onevet_hvtrasosmontes_horizontal.png\",\"width\":2139,\"height\":619,\"caption\":\"Hospital Veterin\u00e1rio Tr\u00e1s-os-Montes\"},\"image\":{\"@id\":\"https:\/\/onevetgroup.pt\/tras-os-montes\/#\/schema\/logo\/image\/\"}}]}<\/script>\n<!-- \/ Yoast SEO plugin. -->","yoast_head_json":{"title":"Reabilita\u00e7\u00e3o - Hospital Veterin\u00e1rio Tr\u00e1s-os-Montes","robots":{"index":"index","follow":"follow","max-snippet":"max-snippet:-1","max-image-preview":"max-image-preview:large","max-video-preview":"max-video-preview:-1"},"canonical":"https:\/\/onevetgroup.pt\/tras-os-montes\/servicos-veterinarios\/reabilitacao\/","og_locale":"pt_PT","og_type":"article","og_title":"Reabilita\u00e7\u00e3o - Hospital Veterin\u00e1rio Tr\u00e1s-os-Montes","og_description":"O que \u00e9 a reabilita\u00e7\u00e3o? Na oferecemos servi\u00e7os de reabilita\u00e7\u00e3o, um tipo de terapia n\u00e3o invasiva, que se centra nas rela\u00e7\u00f5es entre m\u00fasculos, ossos, nervos, tend\u00f5es e ligamentos para reduzir a dor e melhorar a fun\u00e7\u00e3o corporal ap\u00f3s uma les\u00e3o ou doen\u00e7a. A reabilita\u00e7\u00e3o canina e felina emprega as mesmas t\u00e9cnicas usadas na fisioterapia humana &hellip;","og_url":"https:\/\/onevetgroup.pt\/tras-os-montes\/servicos-veterinarios\/reabilitacao\/","og_site_name":"Hospital Veterin\u00e1rio Tr\u00e1s-os-Montes","article_modified_time":"2025-11-17T17:39:35+00:00","og_image":[{"url":"https:\/\/onevetgroup.pt\/tras-os-montes\/wp-content\/uploads\/sites\/67\/2020\/10\/shutterstock_264930377-1.jpg","type":"","width":"","height":""}],"twitter_card":"summary_large_image","twitter_misc":{"Tempo estimado de leitura":"3 minutos"},"schema":{"@context":"https:\/\/schema.org","@graph":[{"@type":"WebPage","@id":"https:\/\/onevetgroup.pt\/tras-os-montes\/servicos-veterinarios\/reabilitacao\/","url":"https:\/\/onevetgroup.pt\/tras-os-montes\/servicos-veterinarios\/reabilitacao\/","name":"Reabilita\u00e7\u00e3o - Hospital Veterin\u00e1rio Tr\u00e1s-os-Montes","isPartOf":{"@id":"https:\/\/onevetgroup.pt\/tras-os-montes\/#website"},"primaryImageOfPage":{"@id":"https:\/\/onevetgroup.pt\/tras-os-montes\/servicos-veterinarios\/reabilitacao\/#primaryimage"},"image":{"@id":"https:\/\/onevetgroup.pt\/tras-os-montes\/servicos-veterinarios\/reabilitacao\/#primaryimage"},"thumbnailUrl":"https:\/\/onevetgroup.pt\/tras-os-montes\/wp-content\/uploads\/sites\/67\/2020\/10\/shutterstock_264930377-1.jpg","datePublished":"2020-10-14T09:47:42+00:00","dateModified":"2025-11-17T17:39:35+00:00","breadcrumb":{"@id":"https:\/\/onevetgroup.pt\/tras-os-montes\/servicos-veterinarios\/reabilitacao\/#breadcrumb"},"inLanguage":"pt-PT","potentialAction":[{"@type":"ReadAction","target":["https:\/\/onevetgroup.pt\/tras-os-montes\/servicos-veterinarios\/reabilitacao\/"]}]},{"@type":"ImageObject","inLanguage":"pt-PT","@id":"https:\/\/onevetgroup.pt\/tras-os-montes\/servicos-veterinarios\/reabilitacao\/#primaryimage","url":"https:\/\/onevetgroup.pt\/tras-os-montes\/wp-content\/uploads\/sites\/67\/2020\/10\/shutterstock_264930377-1.jpg","contentUrl":"https:\/\/onevetgroup.pt\/tras-os-montes\/wp-content\/uploads\/sites\/67\/2020\/10\/shutterstock_264930377-1.jpg","width":1000,"height":667},{"@type":"BreadcrumbList","@id":"https:\/\/onevetgroup.pt\/tras-os-montes\/servicos-veterinarios\/reabilitacao\/#breadcrumb","itemListElement":[{"@type":"ListItem","position":1,"name":"Home","item":"https:\/\/onevetgroup.pt\/tras-os-montes\/"},{"@type":"ListItem","position":2,"name":"Servi\u00e7os de Cuidados para Animais de Estima\u00e7\u00e3o","item":"https:\/\/onevetgroup.pt\/tras-os-montes\/servicos-veterinarios\/"},{"@type":"ListItem","position":3,"name":"Reabilita\u00e7\u00e3o"}]},{"@type":"WebSite","@id":"https:\/\/onevetgroup.pt\/tras-os-montes\/#website","url":"https:\/\/onevetgroup.pt\/tras-os-montes\/","name":"Hospital Veterin\u00e1rio Tr\u00e1s-os-Montes","description":"Your Pets in Good Hands","publisher":{"@id":"https:\/\/onevetgroup.pt\/tras-os-montes\/#organization"},"potentialAction":[{"@type":"SearchAction","target":{"@type":"EntryPoint","urlTemplate":"https:\/\/onevetgroup.pt\/tras-os-montes\/?s={search_term_string}"},"query-input":{"@type":"PropertyValueSpecification","valueRequired":true,"valueName":"search_term_string"}}],"inLanguage":"pt-PT"},{"@type":"Organization","@id":"https:\/\/onevetgroup.pt\/tras-os-montes\/#organization","name":"Hospital Veterin\u00e1rio Tr\u00e1s-os-Montes","url":"https:\/\/onevetgroup.pt\/tras-os-montes\/","logo":{"@type":"ImageObject","inLanguage":"pt-PT","@id":"https:\/\/onevetgroup.pt\/tras-os-montes\/#\/schema\/logo\/image\/","url":"https:\/\/onevetgroup.pt\/tras-os-montes\/wp-content\/uploads\/sites\/67\/2025\/07\/cropped-onevet_hvtrasosmontes_horizontal.png","contentUrl":"https:\/\/onevetgroup.pt\/tras-os-montes\/wp-content\/uploads\/sites\/67\/2025\/07\/cropped-onevet_hvtrasosmontes_horizontal.png","width":2139,"height":619,"caption":"Hospital Veterin\u00e1rio Tr\u00e1s-os-Montes"},"image":{"@id":"https:\/\/onevetgroup.pt\/tras-os-montes\/#\/schema\/logo\/image\/"}}]}},"_links":{"self":[{"href":"https:\/\/onevetgroup.pt\/tras-os-montes\/wp-json\/wp\/v2\/pages\/12939","targetHints":{"allow":["GET"]}}],"collection":[{"href":"https:\/\/onevetgroup.pt\/tras-os-montes\/wp-json\/wp\/v2\/pages"}],"about":[{"href":"https:\/\/onevetgroup.pt\/tras-os-montes\/wp-json\/wp\/v2\/types\/page"}],"author":[{"embeddable":true,"href":"https:\/\/onevetgroup.pt\/tras-os-montes\/wp-json\/wp\/v2\/users\/4"}],"replies":[{"embeddable":true,"href":"https:\/\/onevetgroup.pt\/tras-os-montes\/wp-json\/wp\/v2\/comments?post=12939"}],"version-history":[{"count":3,"href":"https:\/\/onevetgroup.pt\/tras-os-montes\/wp-json\/wp\/v2\/pages\/12939\/revisions"}],"predecessor-version":[{"id":20601,"href":"https:\/\/onevetgroup.pt\/tras-os-montes\/wp-json\/wp\/v2\/pages\/12939\/revisions\/20601"}],"up":[{"embeddable":true,"href":"https:\/\/onevetgroup.pt\/tras-os-montes\/wp-json\/wp\/v2\/pages\/14053"}],"wp:attachment":[{"href":"https:\/\/onevetgroup.pt\/tras-os-montes\/wp-json\/wp\/v2\/media?parent=12939"}],"curies":[{"name":"wp","href":"https:\/\/api.w.org\/{rel}","templated":true}]}}