{"id":12975,"date":"2020-10-27T21:45:01","date_gmt":"2020-10-27T21:45:01","guid":{"rendered":"http:\/\/onevet.pt\/porto\/neurology\/"},"modified":"2025-11-17T17:51:01","modified_gmt":"2025-11-17T17:51:01","slug":"neurologia-2","status":"publish","type":"page","link":"https:\/\/onevetgroup.pt\/tras-os-montes\/especialidades\/neurologia-2\/","title":{"rendered":"Neurologia"},"content":{"rendered":"\t\t<div data-elementor-type=\"wp-page\" data-elementor-id=\"12975\" class=\"elementor elementor-12975 elementor-1134\" data-elementor-post-type=\"page\">\n\t\t\t\t\t\t<section class=\"elementor-section elementor-top-section elementor-element elementor-element-3b7f1f2 elementor-section-boxed elementor-section-height-default elementor-section-height-default\" data-id=\"3b7f1f2\" data-element_type=\"section\" id=\"main-sec\">\n\t\t\t\t\t\t<div class=\"elementor-container elementor-column-gap-default\">\n\t\t\t\t\t<div class=\"elementor-column elementor-col-100 elementor-top-column elementor-element elementor-element-138c88c\" data-id=\"138c88c\" data-element_type=\"column\">\n\t\t\t<div class=\"elementor-widget-wrap elementor-element-populated\">\n\t\t\t\t\t\t<div class=\"elementor-element elementor-element-ec83cf0 elementor-widget elementor-widget-section_titleleft\" data-id=\"ec83cf0\" data-element_type=\"widget\" data-widget_type=\"section_titleleft.default\">\n\t\t\t\t<div class=\"elementor-widget-container\">\n\t\t\t\t\t        <div class=\"ab_text-title fl-wrap\">\r\n            Neurology involves the diagnosis and treatment of diseases that affect your pet\u2019s nervous system.<span class=\"section-separator fl-sec-sep\"><\/span>        <\/div>\r\n        \t\t\t\t<\/div>\n\t\t\t\t<\/div>\n\t\t\t\t\t<\/div>\n\t\t<\/div>\n\t\t\t\t\t<\/div>\n\t\t<\/section>\n\t\t\t\t<section class=\"elementor-section elementor-top-section elementor-element elementor-element-d993722 elementor-section-boxed elementor-section-height-default elementor-section-height-default\" data-id=\"d993722\" data-element_type=\"section\">\n\t\t\t\t\t\t<div class=\"elementor-container elementor-column-gap-default\">\n\t\t\t\t\t<div class=\"elementor-column elementor-col-50 elementor-top-column elementor-element elementor-element-065811d\" data-id=\"065811d\" data-element_type=\"column\">\n\t\t\t<div class=\"elementor-widget-wrap elementor-element-populated\">\n\t\t\t\t\t\t<div class=\"elementor-element elementor-element-63d99ac elementor-widget elementor-widget-text-editor\" data-id=\"63d99ac\" data-element_type=\"widget\" data-widget_type=\"text-editor.default\">\n\t\t\t\t<div class=\"elementor-widget-container\">\n\t\t\t\t\t\t\t\t\t<p>As perturba\u00e7\u00f5es neurol\u00f3gicas afetam o sistema nervoso central (o c\u00e9rebro e a medula espinhal) e\/ou perif\u00e9rico (os nervos e g\u00e2nglios fora do c\u00e9rebro e da medula espinhal).<\/p><p>&nbsp;<\/p><p>Entre os sinais de doen\u00e7a neurol\u00f3gica contam-se:<\/p><p>\u2022 Paresia: a aus\u00eancia parcial de movimento volunt\u00e1rio de um ou mais membros.<br \/>\u2022 Paralisia: a aus\u00eancia total de movimento volunt\u00e1rio de um ou mais membros.<br \/>\u2022 Ataxia e falta de coordena\u00e7\u00e3o.<br \/>\u2022 Tremores.<br \/>\u2022 Perda de equil\u00edbrio, cabe\u00e7a inclinada.<br \/>\u2022 Comportamentos anormais.<br \/>\u2022 Depress\u00e3o do estado mental.<br \/>\u2022 Convuls\u00f5es.<\/p>\t\t\t\t\t\t\t\t<\/div>\n\t\t\t\t<\/div>\n\t\t\t\t\t<\/div>\n\t\t<\/div>\n\t\t\t\t<div class=\"elementor-column elementor-col-50 elementor-top-column elementor-element elementor-element-2048e61\" data-id=\"2048e61\" data-element_type=\"column\">\n\t\t\t<div class=\"elementor-widget-wrap elementor-element-populated\">\n\t\t\t\t\t\t<div class=\"elementor-element elementor-element-dc7c821 elementor-widget elementor-widget-image\" data-id=\"dc7c821\" data-element_type=\"widget\" data-widget_type=\"image.default\">\n\t\t\t\t<div class=\"elementor-widget-container\">\n\t\t\t\t\t\t\t\t\t\t\t\t\t\t\t<img fetchpriority=\"high\" width=\"500\" height=\"333\" class=\"attachment-large size-large wp-image-20019 lazy\" alt=\"\" data-src=\"https:\/\/onevetgroup.pt\/tras-os-montes\/wp-content\/uploads\/sites\/67\/2020\/10\/Depositphotos_19143729_original-1.jpg\" data-lazy=\"https:\/\/onevetgroup.pt\/tras-os-montes\/wp-content\/uploads\/sites\/67\/2020\/10\/Depositphotos_19143729_original-1.jpg\" \/>\t\t\t\t\t\t\t\t\t\t\t\t\t\t\t<\/div>\n\t\t\t\t<\/div>\n\t\t\t\t\t<\/div>\n\t\t<\/div>\n\t\t\t\t\t<\/div>\n\t\t<\/section>\n\t\t\t\t<\/div>\n\t\t","protected":false},"excerpt":{"rendered":"<p>Neurology involves the diagnosis and treatment of diseases that affect your pet\u2019s nervous system. As perturba\u00e7\u00f5es neurol\u00f3gicas afetam o sistema nervoso central (o c\u00e9rebro e a medula espinhal) e\/ou perif\u00e9rico (os nervos e g\u00e2nglios fora do c\u00e9rebro e da medula espinhal). &nbsp; Entre os sinais de doen\u00e7a neurol\u00f3gica contam-se: \u2022 Paresia: a aus\u00eancia parcial de &hellip; <\/p>\n","protected":false},"author":61,"featured_media":0,"parent":19849,"menu_order":0,"comment_status":"closed","ping_status":"closed","template":"page-fullwidth.php","meta":{"_acf_changed":false,"content-type":"","footnotes":""},"class_list":["post-12975","page","type-page","status-publish","hentry"],"acf":[],"yoast_head":"<!-- This site is optimized with the Yoast SEO plugin v26.2 - https:\/\/yoast.com\/wordpress\/plugins\/seo\/ -->\n<title>Neurologia - Hospital Veterin\u00e1rio Tr\u00e1s-os-Montes<\/title>\n<meta name=\"robots\" content=\"index, follow, max-snippet:-1, max-image-preview:large, max-video-preview:-1\" \/>\n<link rel=\"canonical\" href=\"https:\/\/onevetgroup.pt\/tras-os-montes\/especialidades\/neurologia-2\/\" \/>\n<meta property=\"og:locale\" content=\"pt_PT\" \/>\n<meta property=\"og:type\" content=\"article\" \/>\n<meta property=\"og:title\" content=\"Neurologia - Hospital Veterin\u00e1rio Tr\u00e1s-os-Montes\" \/>\n<meta property=\"og:description\" content=\"Neurology involves the diagnosis and treatment of diseases that affect your pet\u2019s nervous system. As perturba\u00e7\u00f5es neurol\u00f3gicas afetam o sistema nervoso central (o c\u00e9rebro e a medula espinhal) e\/ou perif\u00e9rico (os nervos e g\u00e2nglios fora do c\u00e9rebro e da medula espinhal). &nbsp; Entre os sinais de doen\u00e7a neurol\u00f3gica contam-se: \u2022 Paresia: a aus\u00eancia parcial de &hellip;\" \/>\n<meta property=\"og:url\" content=\"https:\/\/onevetgroup.pt\/tras-os-montes\/especialidades\/neurologia-2\/\" \/>\n<meta property=\"og:site_name\" content=\"Hospital Veterin\u00e1rio Tr\u00e1s-os-Montes\" \/>\n<meta property=\"article:modified_time\" content=\"2025-11-17T17:51:01+00:00\" \/>\n<meta property=\"og:image\" content=\"https:\/\/onevetgroup.pt\/tras-os-montes\/wp-content\/uploads\/sites\/67\/2020\/10\/Depositphotos_19143729_original-1.jpg\" \/>\n<meta name=\"twitter:card\" content=\"summary_large_image\" \/>\n<meta name=\"twitter:label1\" content=\"Tempo estimado de leitura\" \/>\n\t<meta name=\"twitter:data1\" content=\"1 minuto\" \/>\n<script type=\"application\/ld+json\" class=\"yoast-schema-graph\">{\"@context\":\"https:\/\/schema.org\",\"@graph\":[{\"@type\":\"WebPage\",\"@id\":\"https:\/\/onevetgroup.pt\/tras-os-montes\/especialidades\/neurologia-2\/\",\"url\":\"https:\/\/onevetgroup.pt\/tras-os-montes\/especialidades\/neurologia-2\/\",\"name\":\"Neurologia - Hospital Veterin\u00e1rio Tr\u00e1s-os-Montes\",\"isPartOf\":{\"@id\":\"https:\/\/onevetgroup.pt\/tras-os-montes\/#website\"},\"primaryImageOfPage\":{\"@id\":\"https:\/\/onevetgroup.pt\/tras-os-montes\/especialidades\/neurologia-2\/#primaryimage\"},\"image\":{\"@id\":\"https:\/\/onevetgroup.pt\/tras-os-montes\/especialidades\/neurologia-2\/#primaryimage\"},\"thumbnailUrl\":\"https:\/\/onevetgroup.pt\/tras-os-montes\/wp-content\/uploads\/sites\/67\/2020\/10\/Depositphotos_19143729_original-1.jpg\",\"datePublished\":\"2020-10-27T21:45:01+00:00\",\"dateModified\":\"2025-11-17T17:51:01+00:00\",\"breadcrumb\":{\"@id\":\"https:\/\/onevetgroup.pt\/tras-os-montes\/especialidades\/neurologia-2\/#breadcrumb\"},\"inLanguage\":\"pt-PT\",\"potentialAction\":[{\"@type\":\"ReadAction\",\"target\":[\"https:\/\/onevetgroup.pt\/tras-os-montes\/especialidades\/neurologia-2\/\"]}]},{\"@type\":\"ImageObject\",\"inLanguage\":\"pt-PT\",\"@id\":\"https:\/\/onevetgroup.pt\/tras-os-montes\/especialidades\/neurologia-2\/#primaryimage\",\"url\":\"https:\/\/onevetgroup.pt\/tras-os-montes\/wp-content\/uploads\/sites\/67\/2020\/10\/Depositphotos_19143729_original-1.jpg\",\"contentUrl\":\"https:\/\/onevetgroup.pt\/tras-os-montes\/wp-content\/uploads\/sites\/67\/2020\/10\/Depositphotos_19143729_original-1.jpg\",\"width\":500,\"height\":333},{\"@type\":\"BreadcrumbList\",\"@id\":\"https:\/\/onevetgroup.pt\/tras-os-montes\/especialidades\/neurologia-2\/#breadcrumb\",\"itemListElement\":[{\"@type\":\"ListItem\",\"position\":1,\"name\":\"Home\",\"item\":\"https:\/\/onevetgroup.pt\/tras-os-montes\/\"},{\"@type\":\"ListItem\",\"position\":2,\"name\":\"Especialidades\",\"item\":\"https:\/\/onevetgroup.pt\/tras-os-montes\/especialidades\/\"},{\"@type\":\"ListItem\",\"position\":3,\"name\":\"Neurologia\"}]},{\"@type\":\"WebSite\",\"@id\":\"https:\/\/onevetgroup.pt\/tras-os-montes\/#website\",\"url\":\"https:\/\/onevetgroup.pt\/tras-os-montes\/\",\"name\":\"Hospital Veterin\u00e1rio Tr\u00e1s-os-Montes\",\"description\":\"Your Pets in Good Hands\",\"publisher\":{\"@id\":\"https:\/\/onevetgroup.pt\/tras-os-montes\/#organization\"},\"potentialAction\":[{\"@type\":\"SearchAction\",\"target\":{\"@type\":\"EntryPoint\",\"urlTemplate\":\"https:\/\/onevetgroup.pt\/tras-os-montes\/?s={search_term_string}\"},\"query-input\":{\"@type\":\"PropertyValueSpecification\",\"valueRequired\":true,\"valueName\":\"search_term_string\"}}],\"inLanguage\":\"pt-PT\"},{\"@type\":\"Organization\",\"@id\":\"https:\/\/onevetgroup.pt\/tras-os-montes\/#organization\",\"name\":\"Hospital Veterin\u00e1rio Tr\u00e1s-os-Montes\",\"url\":\"https:\/\/onevetgroup.pt\/tras-os-montes\/\",\"logo\":{\"@type\":\"ImageObject\",\"inLanguage\":\"pt-PT\",\"@id\":\"https:\/\/onevetgroup.pt\/tras-os-montes\/#\/schema\/logo\/image\/\",\"url\":\"https:\/\/onevetgroup.pt\/tras-os-montes\/wp-content\/uploads\/sites\/67\/2025\/07\/cropped-onevet_hvtrasosmontes_horizontal.png\",\"contentUrl\":\"https:\/\/onevetgroup.pt\/tras-os-montes\/wp-content\/uploads\/sites\/67\/2025\/07\/cropped-onevet_hvtrasosmontes_horizontal.png\",\"width\":2139,\"height\":619,\"caption\":\"Hospital Veterin\u00e1rio Tr\u00e1s-os-Montes\"},\"image\":{\"@id\":\"https:\/\/onevetgroup.pt\/tras-os-montes\/#\/schema\/logo\/image\/\"}}]}<\/script>\n<!-- \/ Yoast SEO plugin. -->","yoast_head_json":{"title":"Neurologia - Hospital Veterin\u00e1rio Tr\u00e1s-os-Montes","robots":{"index":"index","follow":"follow","max-snippet":"max-snippet:-1","max-image-preview":"max-image-preview:large","max-video-preview":"max-video-preview:-1"},"canonical":"https:\/\/onevetgroup.pt\/tras-os-montes\/especialidades\/neurologia-2\/","og_locale":"pt_PT","og_type":"article","og_title":"Neurologia - Hospital Veterin\u00e1rio Tr\u00e1s-os-Montes","og_description":"Neurology involves the diagnosis and treatment of diseases that affect your pet\u2019s nervous system. As perturba\u00e7\u00f5es neurol\u00f3gicas afetam o sistema nervoso central (o c\u00e9rebro e a medula espinhal) e\/ou perif\u00e9rico (os nervos e g\u00e2nglios fora do c\u00e9rebro e da medula espinhal). &nbsp; Entre os sinais de doen\u00e7a neurol\u00f3gica contam-se: \u2022 Paresia: a aus\u00eancia parcial de &hellip;","og_url":"https:\/\/onevetgroup.pt\/tras-os-montes\/especialidades\/neurologia-2\/","og_site_name":"Hospital Veterin\u00e1rio Tr\u00e1s-os-Montes","article_modified_time":"2025-11-17T17:51:01+00:00","og_image":[{"url":"https:\/\/onevetgroup.pt\/tras-os-montes\/wp-content\/uploads\/sites\/67\/2020\/10\/Depositphotos_19143729_original-1.jpg","type":"","width":"","height":""}],"twitter_card":"summary_large_image","twitter_misc":{"Tempo estimado de leitura":"1 minuto"},"schema":{"@context":"https:\/\/schema.org","@graph":[{"@type":"WebPage","@id":"https:\/\/onevetgroup.pt\/tras-os-montes\/especialidades\/neurologia-2\/","url":"https:\/\/onevetgroup.pt\/tras-os-montes\/especialidades\/neurologia-2\/","name":"Neurologia - Hospital Veterin\u00e1rio Tr\u00e1s-os-Montes","isPartOf":{"@id":"https:\/\/onevetgroup.pt\/tras-os-montes\/#website"},"primaryImageOfPage":{"@id":"https:\/\/onevetgroup.pt\/tras-os-montes\/especialidades\/neurologia-2\/#primaryimage"},"image":{"@id":"https:\/\/onevetgroup.pt\/tras-os-montes\/especialidades\/neurologia-2\/#primaryimage"},"thumbnailUrl":"https:\/\/onevetgroup.pt\/tras-os-montes\/wp-content\/uploads\/sites\/67\/2020\/10\/Depositphotos_19143729_original-1.jpg","datePublished":"2020-10-27T21:45:01+00:00","dateModified":"2025-11-17T17:51:01+00:00","breadcrumb":{"@id":"https:\/\/onevetgroup.pt\/tras-os-montes\/especialidades\/neurologia-2\/#breadcrumb"},"inLanguage":"pt-PT","potentialAction":[{"@type":"ReadAction","target":["https:\/\/onevetgroup.pt\/tras-os-montes\/especialidades\/neurologia-2\/"]}]},{"@type":"ImageObject","inLanguage":"pt-PT","@id":"https:\/\/onevetgroup.pt\/tras-os-montes\/especialidades\/neurologia-2\/#primaryimage","url":"https:\/\/onevetgroup.pt\/tras-os-montes\/wp-content\/uploads\/sites\/67\/2020\/10\/Depositphotos_19143729_original-1.jpg","contentUrl":"https:\/\/onevetgroup.pt\/tras-os-montes\/wp-content\/uploads\/sites\/67\/2020\/10\/Depositphotos_19143729_original-1.jpg","width":500,"height":333},{"@type":"BreadcrumbList","@id":"https:\/\/onevetgroup.pt\/tras-os-montes\/especialidades\/neurologia-2\/#breadcrumb","itemListElement":[{"@type":"ListItem","position":1,"name":"Home","item":"https:\/\/onevetgroup.pt\/tras-os-montes\/"},{"@type":"ListItem","position":2,"name":"Especialidades","item":"https:\/\/onevetgroup.pt\/tras-os-montes\/especialidades\/"},{"@type":"ListItem","position":3,"name":"Neurologia"}]},{"@type":"WebSite","@id":"https:\/\/onevetgroup.pt\/tras-os-montes\/#website","url":"https:\/\/onevetgroup.pt\/tras-os-montes\/","name":"Hospital Veterin\u00e1rio Tr\u00e1s-os-Montes","description":"Your Pets in Good Hands","publisher":{"@id":"https:\/\/onevetgroup.pt\/tras-os-montes\/#organization"},"potentialAction":[{"@type":"SearchAction","target":{"@type":"EntryPoint","urlTemplate":"https:\/\/onevetgroup.pt\/tras-os-montes\/?s={search_term_string}"},"query-input":{"@type":"PropertyValueSpecification","valueRequired":true,"valueName":"search_term_string"}}],"inLanguage":"pt-PT"},{"@type":"Organization","@id":"https:\/\/onevetgroup.pt\/tras-os-montes\/#organization","name":"Hospital Veterin\u00e1rio Tr\u00e1s-os-Montes","url":"https:\/\/onevetgroup.pt\/tras-os-montes\/","logo":{"@type":"ImageObject","inLanguage":"pt-PT","@id":"https:\/\/onevetgroup.pt\/tras-os-montes\/#\/schema\/logo\/image\/","url":"https:\/\/onevetgroup.pt\/tras-os-montes\/wp-content\/uploads\/sites\/67\/2025\/07\/cropped-onevet_hvtrasosmontes_horizontal.png","contentUrl":"https:\/\/onevetgroup.pt\/tras-os-montes\/wp-content\/uploads\/sites\/67\/2025\/07\/cropped-onevet_hvtrasosmontes_horizontal.png","width":2139,"height":619,"caption":"Hospital Veterin\u00e1rio Tr\u00e1s-os-Montes"},"image":{"@id":"https:\/\/onevetgroup.pt\/tras-os-montes\/#\/schema\/logo\/image\/"}}]}},"_links":{"self":[{"href":"https:\/\/onevetgroup.pt\/tras-os-montes\/wp-json\/wp\/v2\/pages\/12975","targetHints":{"allow":["GET"]}}],"collection":[{"href":"https:\/\/onevetgroup.pt\/tras-os-montes\/wp-json\/wp\/v2\/pages"}],"about":[{"href":"https:\/\/onevetgroup.pt\/tras-os-montes\/wp-json\/wp\/v2\/types\/page"}],"author":[{"embeddable":true,"href":"https:\/\/onevetgroup.pt\/tras-os-montes\/wp-json\/wp\/v2\/users\/61"}],"replies":[{"embeddable":true,"href":"https:\/\/onevetgroup.pt\/tras-os-montes\/wp-json\/wp\/v2\/comments?post=12975"}],"version-history":[{"count":3,"href":"https:\/\/onevetgroup.pt\/tras-os-montes\/wp-json\/wp\/v2\/pages\/12975\/revisions"}],"predecessor-version":[{"id":20638,"href":"https:\/\/onevetgroup.pt\/tras-os-montes\/wp-json\/wp\/v2\/pages\/12975\/revisions\/20638"}],"up":[{"embeddable":true,"href":"https:\/\/onevetgroup.pt\/tras-os-montes\/wp-json\/wp\/v2\/pages\/19849"}],"wp:attachment":[{"href":"https:\/\/onevetgroup.pt\/tras-os-montes\/wp-json\/wp\/v2\/media?parent=12975"}],"curies":[{"name":"wp","href":"https:\/\/api.w.org\/{rel}","templated":true}]}}