{"id":12981,"date":"2020-10-27T21:47:16","date_gmt":"2020-10-27T21:47:16","guid":{"rendered":"http:\/\/onevet.pt\/porto\/traumatology\/"},"modified":"2025-11-17T17:52:19","modified_gmt":"2025-11-17T17:52:19","slug":"ortopedia","status":"publish","type":"page","link":"https:\/\/onevetgroup.pt\/tras-os-montes\/especialidades\/ortopedia\/","title":{"rendered":"Ortopedia"},"content":{"rendered":"\t\t<div data-elementor-type=\"wp-page\" data-elementor-id=\"12981\" class=\"elementor elementor-12981 elementor-1137\" data-elementor-post-type=\"page\">\n\t\t\t\t\t\t<section class=\"elementor-section elementor-top-section elementor-element elementor-element-3b7f1f2 elementor-section-boxed elementor-section-height-default elementor-section-height-default\" data-id=\"3b7f1f2\" data-element_type=\"section\" id=\"main-sec\">\n\t\t\t\t\t\t<div class=\"elementor-container elementor-column-gap-default\">\n\t\t\t\t\t<div class=\"elementor-column elementor-col-100 elementor-top-column elementor-element elementor-element-138c88c\" data-id=\"138c88c\" data-element_type=\"column\">\n\t\t\t<div class=\"elementor-widget-wrap elementor-element-populated\">\n\t\t\t\t\t\t<div class=\"elementor-element elementor-element-ec83cf0 elementor-widget elementor-widget-section_titleleft\" data-id=\"ec83cf0\" data-element_type=\"widget\" data-widget_type=\"section_titleleft.default\">\n\t\t\t\t<div class=\"elementor-widget-container\">\n\t\t\t\t\t        <div class=\"ab_text-title fl-wrap\">\r\n            O nosso servi\u00e7o de ortopedia no Onevet Hospital Veterin\u00e1rio Tr\u00e1s-os-Montes \u00e9 dedicado ao estudo e tratamento de les\u00f5es do sistema m\u00fasculo-esquel\u00e9tico.<span class=\"section-separator fl-sec-sep\"><\/span>        <\/div>\r\n        \t\t\t\t<\/div>\n\t\t\t\t<\/div>\n\t\t\t\t\t<\/div>\n\t\t<\/div>\n\t\t\t\t\t<\/div>\n\t\t<\/section>\n\t\t\t\t<section class=\"elementor-section elementor-top-section elementor-element elementor-element-d993722 elementor-section-boxed elementor-section-height-default elementor-section-height-default\" data-id=\"d993722\" data-element_type=\"section\">\n\t\t\t\t\t\t<div class=\"elementor-container elementor-column-gap-default\">\n\t\t\t\t\t<div class=\"elementor-column elementor-col-50 elementor-top-column elementor-element elementor-element-065811d\" data-id=\"065811d\" data-element_type=\"column\">\n\t\t\t<div class=\"elementor-widget-wrap elementor-element-populated\">\n\t\t\t\t\t\t<div class=\"elementor-element elementor-element-63d99ac elementor-widget elementor-widget-text-editor\" data-id=\"63d99ac\" data-element_type=\"widget\" data-widget_type=\"text-editor.default\">\n\t\t\t\t<div class=\"elementor-widget-container\">\n\t\t\t\t\t\t\t\t\t<p>O trabalho dos nossos especialistas na Onevet Hospital Veterin\u00e1rio Tr\u00e1s-os-Montes vai muito al\u00e9m dos ferimentos por traumatismo; inclui tamb\u00e9m o estudo de ferimentos naturais ou adquiridos que afetem o movimento dos animais, nas vertentes preventiva, terap\u00eautica, de reabilita\u00e7\u00e3o e investiga\u00e7\u00e3o.<\/p><p>As patologias mais frequentes s\u00e3o:<\/p><ul><li>Fraturas \u00f3sseas<\/li><li>Osteoartrite<\/li><li>Artrite<\/li><li>Displasia da anca<\/li><li>Entorses<\/li><li>Luxa\u00e7\u00f5es<\/li><li>Tendinites<\/li><li>Roturas musculares<\/li><\/ul><p>Os tratamentos conservadores t\u00eam por base:<\/p><ul><li>Redu\u00e7\u00f5es incruentas<\/li><li>Curativos suaves (compress\u00e3o, adesiva\u00e7\u00e3o, imobilizadores tipo Velpeau, Gillchrist, Robert-Jones)<\/li><li>Talas<\/li><li>Tra\u00e7\u00e3o esquel\u00e9tica ou cut\u00e2nea<\/li><\/ul><p>A cirurgias traumatol\u00f3gicas mais comuns para c\u00e3es e gatos s\u00e3o as destinadas ao tratamento de fraturas. Tal deve-se ao facto de os ferimentos mais comuns serem provocados por atropelamentos ou por quedas em altura. Outra les\u00e3o frequente nos c\u00e3es \u00e9 a rutura do ligamento cruzado do joelho.<\/p><p>Dependendo do tipo de les\u00e3o e do osso ou articula\u00e7\u00e3o afetado: ombro, cotovelo, anca, joelho, etc., aplicamos diferentes t\u00e9cnicas para resolver o problema. Utilizando placas, parafusos, fixadores, agulhas ou t\u00e9cnicas minimamente invasivas como a artroscopia.<\/p>\t\t\t\t\t\t\t\t<\/div>\n\t\t\t\t<\/div>\n\t\t\t\t\t<\/div>\n\t\t<\/div>\n\t\t\t\t<div class=\"elementor-column elementor-col-50 elementor-top-column elementor-element elementor-element-2048e61\" data-id=\"2048e61\" data-element_type=\"column\">\n\t\t\t<div class=\"elementor-widget-wrap elementor-element-populated\">\n\t\t\t\t\t\t<div class=\"elementor-element elementor-element-dc7c821 elementor-widget elementor-widget-image\" data-id=\"dc7c821\" data-element_type=\"widget\" data-widget_type=\"image.default\">\n\t\t\t\t<div class=\"elementor-widget-container\">\n\t\t\t\t\t\t\t\t\t\t\t\t\t\t\t<img fetchpriority=\"high\" width=\"724\" height=\"879\" class=\"attachment-large size-large wp-image-14061 lazy\" alt=\"\" data-src=\"https:\/\/onevetgroup.pt\/tras-os-montes\/wp-content\/uploads\/sites\/67\/2020\/10\/Depositphotos_39249071_m-2015.jpg\" data-lazy=\"https:\/\/onevetgroup.pt\/tras-os-montes\/wp-content\/uploads\/sites\/67\/2020\/10\/Depositphotos_39249071_m-2015.jpg\" \/>\t\t\t\t\t\t\t\t\t\t\t\t\t\t\t<\/div>\n\t\t\t\t<\/div>\n\t\t\t\t\t<\/div>\n\t\t<\/div>\n\t\t\t\t\t<\/div>\n\t\t<\/section>\n\t\t\t\t<\/div>\n\t\t","protected":false},"excerpt":{"rendered":"<p>O nosso servi\u00e7o de ortopedia no \u00e9 dedicado ao estudo e tratamento de les\u00f5es do sistema m\u00fasculo-esquel\u00e9tico. O trabalho dos nossos especialistas na vai muito al\u00e9m dos ferimentos por traumatismo; inclui tamb\u00e9m o estudo de ferimentos naturais ou adquiridos que afetem o movimento dos animais, nas vertentes preventiva, terap\u00eautica, de reabilita\u00e7\u00e3o e investiga\u00e7\u00e3o. As patologias &hellip; <\/p>\n","protected":false},"author":61,"featured_media":0,"parent":19849,"menu_order":0,"comment_status":"closed","ping_status":"closed","template":"page-fullwidth.php","meta":{"_acf_changed":false,"content-type":"","footnotes":""},"class_list":["post-12981","page","type-page","status-publish","hentry"],"acf":[],"yoast_head":"<!-- This site is optimized with the Yoast SEO plugin v26.2 - https:\/\/yoast.com\/wordpress\/plugins\/seo\/ -->\n<title>Ortopedia - Hospital Veterin\u00e1rio Tr\u00e1s-os-Montes<\/title>\n<meta name=\"robots\" content=\"index, follow, max-snippet:-1, max-image-preview:large, max-video-preview:-1\" \/>\n<link rel=\"canonical\" href=\"https:\/\/onevetgroup.pt\/tras-os-montes\/especialidades\/ortopedia\/\" \/>\n<meta property=\"og:locale\" content=\"pt_PT\" \/>\n<meta property=\"og:type\" content=\"article\" \/>\n<meta property=\"og:title\" content=\"Ortopedia - Hospital Veterin\u00e1rio Tr\u00e1s-os-Montes\" \/>\n<meta property=\"og:description\" content=\"O nosso servi\u00e7o de ortopedia no \u00e9 dedicado ao estudo e tratamento de les\u00f5es do sistema m\u00fasculo-esquel\u00e9tico. O trabalho dos nossos especialistas na vai muito al\u00e9m dos ferimentos por traumatismo; inclui tamb\u00e9m o estudo de ferimentos naturais ou adquiridos que afetem o movimento dos animais, nas vertentes preventiva, terap\u00eautica, de reabilita\u00e7\u00e3o e investiga\u00e7\u00e3o. As patologias &hellip;\" \/>\n<meta property=\"og:url\" content=\"https:\/\/onevetgroup.pt\/tras-os-montes\/especialidades\/ortopedia\/\" \/>\n<meta property=\"og:site_name\" content=\"Hospital Veterin\u00e1rio Tr\u00e1s-os-Montes\" \/>\n<meta property=\"article:modified_time\" content=\"2025-11-17T17:52:19+00:00\" \/>\n<meta property=\"og:image\" content=\"https:\/\/onevetgroup.pt\/tras-os-montes\/wp-content\/uploads\/sites\/67\/2020\/10\/Depositphotos_39249071_m-2015.jpg\" \/>\n<meta name=\"twitter:card\" content=\"summary_large_image\" \/>\n<meta name=\"twitter:label1\" content=\"Tempo estimado de leitura\" \/>\n\t<meta name=\"twitter:data1\" content=\"2 minutos\" \/>\n<script type=\"application\/ld+json\" class=\"yoast-schema-graph\">{\"@context\":\"https:\/\/schema.org\",\"@graph\":[{\"@type\":\"WebPage\",\"@id\":\"https:\/\/onevetgroup.pt\/tras-os-montes\/especialidades\/ortopedia\/\",\"url\":\"https:\/\/onevetgroup.pt\/tras-os-montes\/especialidades\/ortopedia\/\",\"name\":\"Ortopedia - Hospital Veterin\u00e1rio Tr\u00e1s-os-Montes\",\"isPartOf\":{\"@id\":\"https:\/\/onevetgroup.pt\/tras-os-montes\/#website\"},\"primaryImageOfPage\":{\"@id\":\"https:\/\/onevetgroup.pt\/tras-os-montes\/especialidades\/ortopedia\/#primaryimage\"},\"image\":{\"@id\":\"https:\/\/onevetgroup.pt\/tras-os-montes\/especialidades\/ortopedia\/#primaryimage\"},\"thumbnailUrl\":\"https:\/\/onevetgroup.pt\/tras-os-montes\/wp-content\/uploads\/sites\/67\/2020\/10\/Depositphotos_39249071_m-2015.jpg\",\"datePublished\":\"2020-10-27T21:47:16+00:00\",\"dateModified\":\"2025-11-17T17:52:19+00:00\",\"breadcrumb\":{\"@id\":\"https:\/\/onevetgroup.pt\/tras-os-montes\/especialidades\/ortopedia\/#breadcrumb\"},\"inLanguage\":\"pt-PT\",\"potentialAction\":[{\"@type\":\"ReadAction\",\"target\":[\"https:\/\/onevetgroup.pt\/tras-os-montes\/especialidades\/ortopedia\/\"]}]},{\"@type\":\"ImageObject\",\"inLanguage\":\"pt-PT\",\"@id\":\"https:\/\/onevetgroup.pt\/tras-os-montes\/especialidades\/ortopedia\/#primaryimage\",\"url\":\"https:\/\/onevetgroup.pt\/tras-os-montes\/wp-content\/uploads\/sites\/67\/2020\/10\/Depositphotos_39249071_m-2015.jpg\",\"contentUrl\":\"https:\/\/onevetgroup.pt\/tras-os-montes\/wp-content\/uploads\/sites\/67\/2020\/10\/Depositphotos_39249071_m-2015.jpg\",\"width\":824,\"height\":1000},{\"@type\":\"BreadcrumbList\",\"@id\":\"https:\/\/onevetgroup.pt\/tras-os-montes\/especialidades\/ortopedia\/#breadcrumb\",\"itemListElement\":[{\"@type\":\"ListItem\",\"position\":1,\"name\":\"Home\",\"item\":\"https:\/\/onevetgroup.pt\/tras-os-montes\/\"},{\"@type\":\"ListItem\",\"position\":2,\"name\":\"Especialidades\",\"item\":\"https:\/\/onevetgroup.pt\/tras-os-montes\/especialidades\/\"},{\"@type\":\"ListItem\",\"position\":3,\"name\":\"Ortopedia\"}]},{\"@type\":\"WebSite\",\"@id\":\"https:\/\/onevetgroup.pt\/tras-os-montes\/#website\",\"url\":\"https:\/\/onevetgroup.pt\/tras-os-montes\/\",\"name\":\"Hospital Veterin\u00e1rio Tr\u00e1s-os-Montes\",\"description\":\"Your Pets in Good Hands\",\"publisher\":{\"@id\":\"https:\/\/onevetgroup.pt\/tras-os-montes\/#organization\"},\"potentialAction\":[{\"@type\":\"SearchAction\",\"target\":{\"@type\":\"EntryPoint\",\"urlTemplate\":\"https:\/\/onevetgroup.pt\/tras-os-montes\/?s={search_term_string}\"},\"query-input\":{\"@type\":\"PropertyValueSpecification\",\"valueRequired\":true,\"valueName\":\"search_term_string\"}}],\"inLanguage\":\"pt-PT\"},{\"@type\":\"Organization\",\"@id\":\"https:\/\/onevetgroup.pt\/tras-os-montes\/#organization\",\"name\":\"Hospital Veterin\u00e1rio Tr\u00e1s-os-Montes\",\"url\":\"https:\/\/onevetgroup.pt\/tras-os-montes\/\",\"logo\":{\"@type\":\"ImageObject\",\"inLanguage\":\"pt-PT\",\"@id\":\"https:\/\/onevetgroup.pt\/tras-os-montes\/#\/schema\/logo\/image\/\",\"url\":\"https:\/\/onevetgroup.pt\/tras-os-montes\/wp-content\/uploads\/sites\/67\/2025\/07\/cropped-onevet_hvtrasosmontes_horizontal.png\",\"contentUrl\":\"https:\/\/onevetgroup.pt\/tras-os-montes\/wp-content\/uploads\/sites\/67\/2025\/07\/cropped-onevet_hvtrasosmontes_horizontal.png\",\"width\":2139,\"height\":619,\"caption\":\"Hospital Veterin\u00e1rio Tr\u00e1s-os-Montes\"},\"image\":{\"@id\":\"https:\/\/onevetgroup.pt\/tras-os-montes\/#\/schema\/logo\/image\/\"}}]}<\/script>\n<!-- \/ Yoast SEO plugin. -->","yoast_head_json":{"title":"Ortopedia - Hospital Veterin\u00e1rio Tr\u00e1s-os-Montes","robots":{"index":"index","follow":"follow","max-snippet":"max-snippet:-1","max-image-preview":"max-image-preview:large","max-video-preview":"max-video-preview:-1"},"canonical":"https:\/\/onevetgroup.pt\/tras-os-montes\/especialidades\/ortopedia\/","og_locale":"pt_PT","og_type":"article","og_title":"Ortopedia - Hospital Veterin\u00e1rio Tr\u00e1s-os-Montes","og_description":"O nosso servi\u00e7o de ortopedia no \u00e9 dedicado ao estudo e tratamento de les\u00f5es do sistema m\u00fasculo-esquel\u00e9tico. O trabalho dos nossos especialistas na vai muito al\u00e9m dos ferimentos por traumatismo; inclui tamb\u00e9m o estudo de ferimentos naturais ou adquiridos que afetem o movimento dos animais, nas vertentes preventiva, terap\u00eautica, de reabilita\u00e7\u00e3o e investiga\u00e7\u00e3o. As patologias &hellip;","og_url":"https:\/\/onevetgroup.pt\/tras-os-montes\/especialidades\/ortopedia\/","og_site_name":"Hospital Veterin\u00e1rio Tr\u00e1s-os-Montes","article_modified_time":"2025-11-17T17:52:19+00:00","og_image":[{"url":"https:\/\/onevetgroup.pt\/tras-os-montes\/wp-content\/uploads\/sites\/67\/2020\/10\/Depositphotos_39249071_m-2015.jpg","type":"","width":"","height":""}],"twitter_card":"summary_large_image","twitter_misc":{"Tempo estimado de leitura":"2 minutos"},"schema":{"@context":"https:\/\/schema.org","@graph":[{"@type":"WebPage","@id":"https:\/\/onevetgroup.pt\/tras-os-montes\/especialidades\/ortopedia\/","url":"https:\/\/onevetgroup.pt\/tras-os-montes\/especialidades\/ortopedia\/","name":"Ortopedia - Hospital Veterin\u00e1rio Tr\u00e1s-os-Montes","isPartOf":{"@id":"https:\/\/onevetgroup.pt\/tras-os-montes\/#website"},"primaryImageOfPage":{"@id":"https:\/\/onevetgroup.pt\/tras-os-montes\/especialidades\/ortopedia\/#primaryimage"},"image":{"@id":"https:\/\/onevetgroup.pt\/tras-os-montes\/especialidades\/ortopedia\/#primaryimage"},"thumbnailUrl":"https:\/\/onevetgroup.pt\/tras-os-montes\/wp-content\/uploads\/sites\/67\/2020\/10\/Depositphotos_39249071_m-2015.jpg","datePublished":"2020-10-27T21:47:16+00:00","dateModified":"2025-11-17T17:52:19+00:00","breadcrumb":{"@id":"https:\/\/onevetgroup.pt\/tras-os-montes\/especialidades\/ortopedia\/#breadcrumb"},"inLanguage":"pt-PT","potentialAction":[{"@type":"ReadAction","target":["https:\/\/onevetgroup.pt\/tras-os-montes\/especialidades\/ortopedia\/"]}]},{"@type":"ImageObject","inLanguage":"pt-PT","@id":"https:\/\/onevetgroup.pt\/tras-os-montes\/especialidades\/ortopedia\/#primaryimage","url":"https:\/\/onevetgroup.pt\/tras-os-montes\/wp-content\/uploads\/sites\/67\/2020\/10\/Depositphotos_39249071_m-2015.jpg","contentUrl":"https:\/\/onevetgroup.pt\/tras-os-montes\/wp-content\/uploads\/sites\/67\/2020\/10\/Depositphotos_39249071_m-2015.jpg","width":824,"height":1000},{"@type":"BreadcrumbList","@id":"https:\/\/onevetgroup.pt\/tras-os-montes\/especialidades\/ortopedia\/#breadcrumb","itemListElement":[{"@type":"ListItem","position":1,"name":"Home","item":"https:\/\/onevetgroup.pt\/tras-os-montes\/"},{"@type":"ListItem","position":2,"name":"Especialidades","item":"https:\/\/onevetgroup.pt\/tras-os-montes\/especialidades\/"},{"@type":"ListItem","position":3,"name":"Ortopedia"}]},{"@type":"WebSite","@id":"https:\/\/onevetgroup.pt\/tras-os-montes\/#website","url":"https:\/\/onevetgroup.pt\/tras-os-montes\/","name":"Hospital Veterin\u00e1rio Tr\u00e1s-os-Montes","description":"Your Pets in Good Hands","publisher":{"@id":"https:\/\/onevetgroup.pt\/tras-os-montes\/#organization"},"potentialAction":[{"@type":"SearchAction","target":{"@type":"EntryPoint","urlTemplate":"https:\/\/onevetgroup.pt\/tras-os-montes\/?s={search_term_string}"},"query-input":{"@type":"PropertyValueSpecification","valueRequired":true,"valueName":"search_term_string"}}],"inLanguage":"pt-PT"},{"@type":"Organization","@id":"https:\/\/onevetgroup.pt\/tras-os-montes\/#organization","name":"Hospital Veterin\u00e1rio Tr\u00e1s-os-Montes","url":"https:\/\/onevetgroup.pt\/tras-os-montes\/","logo":{"@type":"ImageObject","inLanguage":"pt-PT","@id":"https:\/\/onevetgroup.pt\/tras-os-montes\/#\/schema\/logo\/image\/","url":"https:\/\/onevetgroup.pt\/tras-os-montes\/wp-content\/uploads\/sites\/67\/2025\/07\/cropped-onevet_hvtrasosmontes_horizontal.png","contentUrl":"https:\/\/onevetgroup.pt\/tras-os-montes\/wp-content\/uploads\/sites\/67\/2025\/07\/cropped-onevet_hvtrasosmontes_horizontal.png","width":2139,"height":619,"caption":"Hospital Veterin\u00e1rio Tr\u00e1s-os-Montes"},"image":{"@id":"https:\/\/onevetgroup.pt\/tras-os-montes\/#\/schema\/logo\/image\/"}}]}},"_links":{"self":[{"href":"https:\/\/onevetgroup.pt\/tras-os-montes\/wp-json\/wp\/v2\/pages\/12981","targetHints":{"allow":["GET"]}}],"collection":[{"href":"https:\/\/onevetgroup.pt\/tras-os-montes\/wp-json\/wp\/v2\/pages"}],"about":[{"href":"https:\/\/onevetgroup.pt\/tras-os-montes\/wp-json\/wp\/v2\/types\/page"}],"author":[{"embeddable":true,"href":"https:\/\/onevetgroup.pt\/tras-os-montes\/wp-json\/wp\/v2\/users\/61"}],"replies":[{"embeddable":true,"href":"https:\/\/onevetgroup.pt\/tras-os-montes\/wp-json\/wp\/v2\/comments?post=12981"}],"version-history":[{"count":3,"href":"https:\/\/onevetgroup.pt\/tras-os-montes\/wp-json\/wp\/v2\/pages\/12981\/revisions"}],"predecessor-version":[{"id":20647,"href":"https:\/\/onevetgroup.pt\/tras-os-montes\/wp-json\/wp\/v2\/pages\/12981\/revisions\/20647"}],"up":[{"embeddable":true,"href":"https:\/\/onevetgroup.pt\/tras-os-montes\/wp-json\/wp\/v2\/pages\/19849"}],"wp:attachment":[{"href":"https:\/\/onevetgroup.pt\/tras-os-montes\/wp-json\/wp\/v2\/media?parent=12981"}],"curies":[{"name":"wp","href":"https:\/\/api.w.org\/{rel}","templated":true}]}}