{"id":19221,"date":"2022-07-11T13:58:37","date_gmt":"2022-07-11T13:58:37","guid":{"rendered":"https:\/\/onevet.pt\/porto\/?page_id=19221"},"modified":"2025-11-17T17:48:53","modified_gmt":"2025-11-17T17:48:53","slug":"cuidados-intensivos","status":"publish","type":"page","link":"https:\/\/onevetgroup.pt\/tras-os-montes\/especialidades\/cuidados-intensivos\/","title":{"rendered":"Cuidados Intensivos"},"content":{"rendered":"\t\t<div data-elementor-type=\"wp-page\" data-elementor-id=\"19221\" class=\"elementor elementor-19221 elementor-14439\" data-elementor-post-type=\"page\">\n\t\t\t\t\t\t<section class=\"elementor-section elementor-top-section elementor-element elementor-element-d993722 elementor-section-boxed elementor-section-height-default elementor-section-height-default\" data-id=\"d993722\" data-element_type=\"section\" id=\"main-sec\">\n\t\t\t\t\t\t<div class=\"elementor-container elementor-column-gap-default\">\n\t\t\t\t\t<div class=\"elementor-column elementor-col-50 elementor-top-column elementor-element elementor-element-065811d\" data-id=\"065811d\" data-element_type=\"column\">\n\t\t\t<div class=\"elementor-widget-wrap elementor-element-populated\">\n\t\t\t\t\t\t<div class=\"elementor-element elementor-element-63d99ac elementor-widget elementor-widget-text-editor\" data-id=\"63d99ac\" data-element_type=\"widget\" data-widget_type=\"text-editor.default\">\n\t\t\t\t<div class=\"elementor-widget-container\">\n\t\t\t\t\t\t\t\t\t<p class=\"\" data-start=\"0\" data-end=\"234\">O objetivo dos Cuidados Intensivos \u00e9 gerir uma recupera\u00e7\u00e3o est\u00e1vel para pacientes cr\u00edticos que, dependendo da complexidade e gravidade do caso, necessitam de cuidados cont\u00ednuos, monitoriza\u00e7\u00e3o, assist\u00eancia e terapia ao mais alto n\u00edvel.<\/p><p class=\"\" data-start=\"236\" data-end=\"519\">Est\u00e1 equipada com tecnologia de ponta, como monitores multiparam\u00e9tricos, dispositivos de oxig\u00e9nio e ventila\u00e7\u00e3o assistida, e instala\u00e7\u00f5es confort\u00e1veis que permitem uma estadia agrad\u00e1vel.<\/p><p class=\"\" data-start=\"521\" data-end=\"935\">Em geral, os casos de Cuidados Intensivos abordam uma vasta gama de quest\u00f5es, incluindo, mas n\u00e3o se limitando a, ventila\u00e7\u00e3o assistida, fal\u00eancia respirat\u00f3ria aguda, comas t\u00f3xicos, comas induzidos, traumatismo cranioencef\u00e1lico, pacientes p\u00f3s-cir\u00fargicos com dificuldades em acordar, problemas card\u00edacos e doen\u00e7as neurol\u00f3gicas graves (t\u00e9tano, neurite com fal\u00eancia respirat\u00f3ria, estado de mal epil\u00e9ptico, entre outros).<\/p>\t\t\t\t\t\t\t\t<\/div>\n\t\t\t\t<\/div>\n\t\t\t\t\t<\/div>\n\t\t<\/div>\n\t\t\t\t<div class=\"elementor-column elementor-col-50 elementor-top-column elementor-element elementor-element-2048e61\" data-id=\"2048e61\" data-element_type=\"column\">\n\t\t\t<div class=\"elementor-widget-wrap elementor-element-populated\">\n\t\t\t\t\t\t<div class=\"elementor-element elementor-element-dc7c821 elementor-widget elementor-widget-image\" data-id=\"dc7c821\" data-element_type=\"widget\" data-widget_type=\"image.default\">\n\t\t\t\t<div class=\"elementor-widget-container\">\n\t\t\t\t\t\t\t\t\t\t\t\t\t\t\t<img fetchpriority=\"high\" width=\"483\" height=\"549\" class=\"attachment-medium_large size-medium_large wp-image-19084 lazy\" alt=\"\" data-src=\"https:\/\/onevetgroup.pt\/tras-os-montes\/wp-content\/uploads\/sites\/67\/2022\/07\/Intensive-care-e1657531750935.jpg\" data-lazy=\"https:\/\/onevetgroup.pt\/tras-os-montes\/wp-content\/uploads\/sites\/67\/2022\/07\/Intensive-care-e1657531750935.jpg\" \/>\t\t\t\t\t\t\t\t\t\t\t\t\t\t\t<\/div>\n\t\t\t\t<\/div>\n\t\t\t\t\t<\/div>\n\t\t<\/div>\n\t\t\t\t\t<\/div>\n\t\t<\/section>\n\t\t\t\t<\/div>\n\t\t","protected":false},"excerpt":{"rendered":"<p>O objetivo dos Cuidados Intensivos \u00e9 gerir uma recupera\u00e7\u00e3o est\u00e1vel para pacientes cr\u00edticos que, dependendo da complexidade e gravidade do caso, necessitam de cuidados cont\u00ednuos, monitoriza\u00e7\u00e3o, assist\u00eancia e terapia ao mais alto n\u00edvel. Est\u00e1 equipada com tecnologia de ponta, como monitores multiparam\u00e9tricos, dispositivos de oxig\u00e9nio e ventila\u00e7\u00e3o assistida, e instala\u00e7\u00f5es confort\u00e1veis que permitem uma estadia &hellip; <\/p>\n","protected":false},"author":61,"featured_media":0,"parent":19849,"menu_order":0,"comment_status":"closed","ping_status":"closed","template":"page-fullwidth.php","meta":{"_acf_changed":false,"content-type":"","footnotes":""},"class_list":["post-19221","page","type-page","status-publish","hentry"],"acf":[],"yoast_head":"<!-- This site is optimized with the Yoast SEO plugin v26.2 - https:\/\/yoast.com\/wordpress\/plugins\/seo\/ -->\n<title>Cuidados Intensivos - Hospital Veterin\u00e1rio Tr\u00e1s-os-Montes<\/title>\n<meta name=\"robots\" content=\"index, follow, max-snippet:-1, max-image-preview:large, max-video-preview:-1\" \/>\n<link rel=\"canonical\" href=\"https:\/\/onevetgroup.pt\/tras-os-montes\/especialidades\/cuidados-intensivos\/\" \/>\n<meta property=\"og:locale\" content=\"pt_PT\" \/>\n<meta property=\"og:type\" content=\"article\" \/>\n<meta property=\"og:title\" content=\"Cuidados Intensivos - Hospital Veterin\u00e1rio Tr\u00e1s-os-Montes\" \/>\n<meta property=\"og:description\" content=\"O objetivo dos Cuidados Intensivos \u00e9 gerir uma recupera\u00e7\u00e3o est\u00e1vel para pacientes cr\u00edticos que, dependendo da complexidade e gravidade do caso, necessitam de cuidados cont\u00ednuos, monitoriza\u00e7\u00e3o, assist\u00eancia e terapia ao mais alto n\u00edvel. Est\u00e1 equipada com tecnologia de ponta, como monitores multiparam\u00e9tricos, dispositivos de oxig\u00e9nio e ventila\u00e7\u00e3o assistida, e instala\u00e7\u00f5es confort\u00e1veis que permitem uma estadia &hellip;\" \/>\n<meta property=\"og:url\" content=\"https:\/\/onevetgroup.pt\/tras-os-montes\/especialidades\/cuidados-intensivos\/\" \/>\n<meta property=\"og:site_name\" content=\"Hospital Veterin\u00e1rio Tr\u00e1s-os-Montes\" \/>\n<meta property=\"article:modified_time\" content=\"2025-11-17T17:48:53+00:00\" \/>\n<meta property=\"og:image\" content=\"https:\/\/onevetgroup.pt\/tras-os-montes\/wp-content\/uploads\/sites\/67\/2022\/07\/Intensive-care-e1657531750935.jpg\" \/>\n<meta name=\"twitter:card\" content=\"summary_large_image\" \/>\n<meta name=\"twitter:label1\" content=\"Tempo estimado de leitura\" \/>\n\t<meta name=\"twitter:data1\" content=\"1 minuto\" \/>\n<script type=\"application\/ld+json\" class=\"yoast-schema-graph\">{\"@context\":\"https:\/\/schema.org\",\"@graph\":[{\"@type\":\"WebPage\",\"@id\":\"https:\/\/onevetgroup.pt\/tras-os-montes\/especialidades\/cuidados-intensivos\/\",\"url\":\"https:\/\/onevetgroup.pt\/tras-os-montes\/especialidades\/cuidados-intensivos\/\",\"name\":\"Cuidados Intensivos - Hospital Veterin\u00e1rio Tr\u00e1s-os-Montes\",\"isPartOf\":{\"@id\":\"https:\/\/onevetgroup.pt\/tras-os-montes\/#website\"},\"primaryImageOfPage\":{\"@id\":\"https:\/\/onevetgroup.pt\/tras-os-montes\/especialidades\/cuidados-intensivos\/#primaryimage\"},\"image\":{\"@id\":\"https:\/\/onevetgroup.pt\/tras-os-montes\/especialidades\/cuidados-intensivos\/#primaryimage\"},\"thumbnailUrl\":\"https:\/\/onevetgroup.pt\/tras-os-montes\/wp-content\/uploads\/sites\/67\/2022\/07\/Intensive-care-e1657531750935.jpg\",\"datePublished\":\"2022-07-11T13:58:37+00:00\",\"dateModified\":\"2025-11-17T17:48:53+00:00\",\"breadcrumb\":{\"@id\":\"https:\/\/onevetgroup.pt\/tras-os-montes\/especialidades\/cuidados-intensivos\/#breadcrumb\"},\"inLanguage\":\"pt-PT\",\"potentialAction\":[{\"@type\":\"ReadAction\",\"target\":[\"https:\/\/onevetgroup.pt\/tras-os-montes\/especialidades\/cuidados-intensivos\/\"]}]},{\"@type\":\"ImageObject\",\"inLanguage\":\"pt-PT\",\"@id\":\"https:\/\/onevetgroup.pt\/tras-os-montes\/especialidades\/cuidados-intensivos\/#primaryimage\",\"url\":\"https:\/\/onevetgroup.pt\/tras-os-montes\/wp-content\/uploads\/sites\/67\/2022\/07\/Intensive-care-e1657531750935.jpg\",\"contentUrl\":\"https:\/\/onevetgroup.pt\/tras-os-montes\/wp-content\/uploads\/sites\/67\/2022\/07\/Intensive-care-e1657531750935.jpg\",\"width\":483,\"height\":393},{\"@type\":\"BreadcrumbList\",\"@id\":\"https:\/\/onevetgroup.pt\/tras-os-montes\/especialidades\/cuidados-intensivos\/#breadcrumb\",\"itemListElement\":[{\"@type\":\"ListItem\",\"position\":1,\"name\":\"Home\",\"item\":\"https:\/\/onevetgroup.pt\/tras-os-montes\/\"},{\"@type\":\"ListItem\",\"position\":2,\"name\":\"Especialidades\",\"item\":\"https:\/\/onevetgroup.pt\/tras-os-montes\/especialidades\/\"},{\"@type\":\"ListItem\",\"position\":3,\"name\":\"Cuidados Intensivos\"}]},{\"@type\":\"WebSite\",\"@id\":\"https:\/\/onevetgroup.pt\/tras-os-montes\/#website\",\"url\":\"https:\/\/onevetgroup.pt\/tras-os-montes\/\",\"name\":\"Hospital Veterin\u00e1rio Tr\u00e1s-os-Montes\",\"description\":\"Your Pets in Good Hands\",\"publisher\":{\"@id\":\"https:\/\/onevetgroup.pt\/tras-os-montes\/#organization\"},\"potentialAction\":[{\"@type\":\"SearchAction\",\"target\":{\"@type\":\"EntryPoint\",\"urlTemplate\":\"https:\/\/onevetgroup.pt\/tras-os-montes\/?s={search_term_string}\"},\"query-input\":{\"@type\":\"PropertyValueSpecification\",\"valueRequired\":true,\"valueName\":\"search_term_string\"}}],\"inLanguage\":\"pt-PT\"},{\"@type\":\"Organization\",\"@id\":\"https:\/\/onevetgroup.pt\/tras-os-montes\/#organization\",\"name\":\"Hospital Veterin\u00e1rio Tr\u00e1s-os-Montes\",\"url\":\"https:\/\/onevetgroup.pt\/tras-os-montes\/\",\"logo\":{\"@type\":\"ImageObject\",\"inLanguage\":\"pt-PT\",\"@id\":\"https:\/\/onevetgroup.pt\/tras-os-montes\/#\/schema\/logo\/image\/\",\"url\":\"https:\/\/onevetgroup.pt\/tras-os-montes\/wp-content\/uploads\/sites\/67\/2025\/07\/cropped-onevet_hvtrasosmontes_horizontal.png\",\"contentUrl\":\"https:\/\/onevetgroup.pt\/tras-os-montes\/wp-content\/uploads\/sites\/67\/2025\/07\/cropped-onevet_hvtrasosmontes_horizontal.png\",\"width\":2139,\"height\":619,\"caption\":\"Hospital Veterin\u00e1rio Tr\u00e1s-os-Montes\"},\"image\":{\"@id\":\"https:\/\/onevetgroup.pt\/tras-os-montes\/#\/schema\/logo\/image\/\"}}]}<\/script>\n<!-- \/ Yoast SEO plugin. -->","yoast_head_json":{"title":"Cuidados Intensivos - Hospital Veterin\u00e1rio Tr\u00e1s-os-Montes","robots":{"index":"index","follow":"follow","max-snippet":"max-snippet:-1","max-image-preview":"max-image-preview:large","max-video-preview":"max-video-preview:-1"},"canonical":"https:\/\/onevetgroup.pt\/tras-os-montes\/especialidades\/cuidados-intensivos\/","og_locale":"pt_PT","og_type":"article","og_title":"Cuidados Intensivos - Hospital Veterin\u00e1rio Tr\u00e1s-os-Montes","og_description":"O objetivo dos Cuidados Intensivos \u00e9 gerir uma recupera\u00e7\u00e3o est\u00e1vel para pacientes cr\u00edticos que, dependendo da complexidade e gravidade do caso, necessitam de cuidados cont\u00ednuos, monitoriza\u00e7\u00e3o, assist\u00eancia e terapia ao mais alto n\u00edvel. Est\u00e1 equipada com tecnologia de ponta, como monitores multiparam\u00e9tricos, dispositivos de oxig\u00e9nio e ventila\u00e7\u00e3o assistida, e instala\u00e7\u00f5es confort\u00e1veis que permitem uma estadia &hellip;","og_url":"https:\/\/onevetgroup.pt\/tras-os-montes\/especialidades\/cuidados-intensivos\/","og_site_name":"Hospital Veterin\u00e1rio Tr\u00e1s-os-Montes","article_modified_time":"2025-11-17T17:48:53+00:00","og_image":[{"url":"https:\/\/onevetgroup.pt\/tras-os-montes\/wp-content\/uploads\/sites\/67\/2022\/07\/Intensive-care-e1657531750935.jpg","type":"","width":"","height":""}],"twitter_card":"summary_large_image","twitter_misc":{"Tempo estimado de leitura":"1 minuto"},"schema":{"@context":"https:\/\/schema.org","@graph":[{"@type":"WebPage","@id":"https:\/\/onevetgroup.pt\/tras-os-montes\/especialidades\/cuidados-intensivos\/","url":"https:\/\/onevetgroup.pt\/tras-os-montes\/especialidades\/cuidados-intensivos\/","name":"Cuidados Intensivos - Hospital Veterin\u00e1rio Tr\u00e1s-os-Montes","isPartOf":{"@id":"https:\/\/onevetgroup.pt\/tras-os-montes\/#website"},"primaryImageOfPage":{"@id":"https:\/\/onevetgroup.pt\/tras-os-montes\/especialidades\/cuidados-intensivos\/#primaryimage"},"image":{"@id":"https:\/\/onevetgroup.pt\/tras-os-montes\/especialidades\/cuidados-intensivos\/#primaryimage"},"thumbnailUrl":"https:\/\/onevetgroup.pt\/tras-os-montes\/wp-content\/uploads\/sites\/67\/2022\/07\/Intensive-care-e1657531750935.jpg","datePublished":"2022-07-11T13:58:37+00:00","dateModified":"2025-11-17T17:48:53+00:00","breadcrumb":{"@id":"https:\/\/onevetgroup.pt\/tras-os-montes\/especialidades\/cuidados-intensivos\/#breadcrumb"},"inLanguage":"pt-PT","potentialAction":[{"@type":"ReadAction","target":["https:\/\/onevetgroup.pt\/tras-os-montes\/especialidades\/cuidados-intensivos\/"]}]},{"@type":"ImageObject","inLanguage":"pt-PT","@id":"https:\/\/onevetgroup.pt\/tras-os-montes\/especialidades\/cuidados-intensivos\/#primaryimage","url":"https:\/\/onevetgroup.pt\/tras-os-montes\/wp-content\/uploads\/sites\/67\/2022\/07\/Intensive-care-e1657531750935.jpg","contentUrl":"https:\/\/onevetgroup.pt\/tras-os-montes\/wp-content\/uploads\/sites\/67\/2022\/07\/Intensive-care-e1657531750935.jpg","width":483,"height":393},{"@type":"BreadcrumbList","@id":"https:\/\/onevetgroup.pt\/tras-os-montes\/especialidades\/cuidados-intensivos\/#breadcrumb","itemListElement":[{"@type":"ListItem","position":1,"name":"Home","item":"https:\/\/onevetgroup.pt\/tras-os-montes\/"},{"@type":"ListItem","position":2,"name":"Especialidades","item":"https:\/\/onevetgroup.pt\/tras-os-montes\/especialidades\/"},{"@type":"ListItem","position":3,"name":"Cuidados Intensivos"}]},{"@type":"WebSite","@id":"https:\/\/onevetgroup.pt\/tras-os-montes\/#website","url":"https:\/\/onevetgroup.pt\/tras-os-montes\/","name":"Hospital Veterin\u00e1rio Tr\u00e1s-os-Montes","description":"Your Pets in Good Hands","publisher":{"@id":"https:\/\/onevetgroup.pt\/tras-os-montes\/#organization"},"potentialAction":[{"@type":"SearchAction","target":{"@type":"EntryPoint","urlTemplate":"https:\/\/onevetgroup.pt\/tras-os-montes\/?s={search_term_string}"},"query-input":{"@type":"PropertyValueSpecification","valueRequired":true,"valueName":"search_term_string"}}],"inLanguage":"pt-PT"},{"@type":"Organization","@id":"https:\/\/onevetgroup.pt\/tras-os-montes\/#organization","name":"Hospital Veterin\u00e1rio Tr\u00e1s-os-Montes","url":"https:\/\/onevetgroup.pt\/tras-os-montes\/","logo":{"@type":"ImageObject","inLanguage":"pt-PT","@id":"https:\/\/onevetgroup.pt\/tras-os-montes\/#\/schema\/logo\/image\/","url":"https:\/\/onevetgroup.pt\/tras-os-montes\/wp-content\/uploads\/sites\/67\/2025\/07\/cropped-onevet_hvtrasosmontes_horizontal.png","contentUrl":"https:\/\/onevetgroup.pt\/tras-os-montes\/wp-content\/uploads\/sites\/67\/2025\/07\/cropped-onevet_hvtrasosmontes_horizontal.png","width":2139,"height":619,"caption":"Hospital Veterin\u00e1rio Tr\u00e1s-os-Montes"},"image":{"@id":"https:\/\/onevetgroup.pt\/tras-os-montes\/#\/schema\/logo\/image\/"}}]}},"_links":{"self":[{"href":"https:\/\/onevetgroup.pt\/tras-os-montes\/wp-json\/wp\/v2\/pages\/19221","targetHints":{"allow":["GET"]}}],"collection":[{"href":"https:\/\/onevetgroup.pt\/tras-os-montes\/wp-json\/wp\/v2\/pages"}],"about":[{"href":"https:\/\/onevetgroup.pt\/tras-os-montes\/wp-json\/wp\/v2\/types\/page"}],"author":[{"embeddable":true,"href":"https:\/\/onevetgroup.pt\/tras-os-montes\/wp-json\/wp\/v2\/users\/61"}],"replies":[{"embeddable":true,"href":"https:\/\/onevetgroup.pt\/tras-os-montes\/wp-json\/wp\/v2\/comments?post=19221"}],"version-history":[{"count":9,"href":"https:\/\/onevetgroup.pt\/tras-os-montes\/wp-json\/wp\/v2\/pages\/19221\/revisions"}],"predecessor-version":[{"id":20623,"href":"https:\/\/onevetgroup.pt\/tras-os-montes\/wp-json\/wp\/v2\/pages\/19221\/revisions\/20623"}],"up":[{"embeddable":true,"href":"https:\/\/onevetgroup.pt\/tras-os-montes\/wp-json\/wp\/v2\/pages\/19849"}],"wp:attachment":[{"href":"https:\/\/onevetgroup.pt\/tras-os-montes\/wp-json\/wp\/v2\/media?parent=19221"}],"curies":[{"name":"wp","href":"https:\/\/api.w.org\/{rel}","templated":true}]}}