{"id":14008,"date":"2021-02-08T15:28:59","date_gmt":"2021-02-08T15:28:59","guid":{"rendered":"http:\/\/onevet.pt\/valongo\/sobre-nos\/"},"modified":"2024-04-13T15:04:29","modified_gmt":"2024-04-13T15:04:29","slug":"sobre-nos","status":"publish","type":"page","link":"https:\/\/onevetgroup.pt\/valongo\/sobre-nos\/","title":{"rendered":"Sobre N\u00f3s"},"content":{"rendered":"\t\t<div data-elementor-type=\"wp-page\" data-elementor-id=\"14008\" class=\"elementor elementor-14008 elementor-268\" data-elementor-post-type=\"page\">\n\t\t\t\t\t\t<section class=\"elementor-section elementor-top-section elementor-element elementor-element-54cf215 pad-top-0 elementor-section-boxed elementor-section-height-default elementor-section-height-default\" data-id=\"54cf215\" data-element_type=\"section\" data-e-type=\"section\" data-settings=\"{&quot;background_background&quot;:&quot;classic&quot;}\">\n\t\t\t\t\t\t<div class=\"elementor-container elementor-column-gap-default\">\n\t\t\t\t\t<div class=\"elementor-column elementor-col-100 elementor-top-column elementor-element elementor-element-d926441\" data-id=\"d926441\" data-element_type=\"column\" data-e-type=\"column\">\n\t\t\t<div class=\"elementor-widget-wrap elementor-element-populated\">\n\t\t\t\t\t\t<div class=\"elementor-element elementor-element-9725bcd elementor-widget elementor-widget-section_titleleft\" data-id=\"9725bcd\" data-element_type=\"widget\" data-e-type=\"widget\" data-widget_type=\"section_titleleft.default\">\n\t\t\t\t<div class=\"elementor-widget-container\">\n\t\t\t\t\t        <div class=\"ab_text-title fl-wrap\">\r\n            <h3>Onevet Cl\u00ednica Veterin\u00e1ria de Valongo com Urg\u00eancias 24h, assegurado pelo Onevet Hospital Veterin\u00e1rio do Porto (HVPO).<\/h3><\/h4>Ao longo de 25 anos crescemos profissionalmente no setor dos animais de companhia, cuidando da sa\u00fade do seu melhor amigo de 4 patas.<\/h4><span class=\"section-separator fl-sec-sep\"><\/span>        <\/div>\r\n        \t\t\t\t<\/div>\n\t\t\t\t<\/div>\n\t\t\t\t<section class=\"elementor-section elementor-inner-section elementor-element elementor-element-35814f4 elementor-section-full_width elementor-section-height-default elementor-section-height-default\" data-id=\"35814f4\" data-element_type=\"section\" data-e-type=\"section\">\n\t\t\t\t\t\t<div class=\"elementor-container elementor-column-gap-wide\">\n\t\t\t\t\t<div class=\"elementor-column elementor-col-50 elementor-inner-column elementor-element elementor-element-7fa3f34\" data-id=\"7fa3f34\" data-element_type=\"column\" data-e-type=\"column\">\n\t\t\t<div class=\"elementor-widget-wrap elementor-element-populated\">\n\t\t\t\t\t\t<div class=\"elementor-element elementor-element-9e79898 elementor-widget elementor-widget-image\" data-id=\"9e79898\" data-element_type=\"widget\" data-e-type=\"widget\" data-widget_type=\"image.default\">\n\t\t\t\t<div class=\"elementor-widget-container\">\n\t\t\t\t\t\t\t\t\t\t\t\t\t\t\t<img fetchpriority=\"high\" width=\"786\" height=\"524\" class=\"attachment-townhub-single-image size-townhub-single-image wp-image-19603 lazy\" alt=\"\" data-src=\"https:\/\/onevetgroup.pt\/valongo\/wp-content\/uploads\/sites\/24\/2024\/04\/1-47-1-786x524.jpg\" data-lazy=\"https:\/\/onevetgroup.pt\/valongo\/wp-content\/uploads\/sites\/24\/2024\/04\/1-47-1-786x524.jpg\" \/>\t\t\t\t\t\t\t\t\t\t\t\t\t\t\t<\/div>\n\t\t\t\t<\/div>\n\t\t\t\t\t<\/div>\n\t\t<\/div>\n\t\t\t\t<div class=\"elementor-column elementor-col-50 elementor-inner-column elementor-element elementor-element-202374d\" data-id=\"202374d\" data-element_type=\"column\" data-e-type=\"column\">\n\t\t\t<div class=\"elementor-widget-wrap elementor-element-populated\">\n\t\t\t\t\t\t<div class=\"elementor-element elementor-element-3b393ce about-wrap elementor-widget elementor-widget-text-editor\" data-id=\"3b393ce\" data-element_type=\"widget\" data-e-type=\"widget\" data-widget_type=\"text-editor.default\">\n\t\t\t\t<div class=\"elementor-widget-container\">\n\t\t\t\t\t\t\t\t\t<p>A nossa Cl\u00ednica foi fundada em 1996 e desde essa altura que nos dedicamos \u00e0 sa\u00fade e bem-estar animal, de modo a garantir a qualidade de vida dos nossos amigos de 4 patas.<\/p><p>As nossas instala\u00e7\u00f5es sofreram obras de melhoramento e rebranding no ano de 2020, continuando a exercer atividade no mesmo espa\u00e7o.<\/p><p>Somos uma equipa jovem e multidisciplinar, constitu\u00edda por m\u00e9dicos veterin\u00e1rios com experi\u00eancia em todas as \u00e1reas da medicina de animais de estima\u00e7\u00e3o.<\/p><p>Somos motivados e estamos sempre dispon\u00edveis para receber com carinho os nossos pacientes e com simpatia os seus tutores, de forma a que todos se sintam bem acolhidos.<\/p><p>Fazemos diariamente o que gostamos e temos como principal foco o atendimento de excel\u00eancia.<\/p>\t\t\t\t\t\t\t\t<\/div>\n\t\t\t\t<\/div>\n\t\t\t\t\t<\/div>\n\t\t<\/div>\n\t\t\t\t\t<\/div>\n\t\t<\/section>\n\t\t\t\t<section class=\"elementor-section elementor-inner-section elementor-element elementor-element-31d68ae elementor-section-boxed elementor-section-height-default elementor-section-height-default\" data-id=\"31d68ae\" data-element_type=\"section\" data-e-type=\"section\">\n\t\t\t\t\t\t<div class=\"elementor-container elementor-column-gap-default\">\n\t\t\t\t\t<div class=\"elementor-column elementor-col-50 elementor-inner-column elementor-element elementor-element-8ddd41b\" data-id=\"8ddd41b\" data-element_type=\"column\" data-e-type=\"column\">\n\t\t\t<div class=\"elementor-widget-wrap elementor-element-populated\">\n\t\t\t\t\t\t<div class=\"elementor-element elementor-element-c87b63e elementor-align-center elementor-widget elementor-widget-button\" data-id=\"c87b63e\" data-element_type=\"widget\" data-e-type=\"widget\" data-widget_type=\"button.default\">\n\t\t\t\t<div class=\"elementor-widget-container\">\n\t\t\t\t\t\t\t\t\t<div class=\"elementor-button-wrapper\">\n\t\t\t\t\t<a class=\"elementor-button elementor-button-link elementor-size-sm\" href=\"\/valongo\/instalacoes\/\">\n\t\t\t\t\t\t<span class=\"elementor-button-content-wrapper\">\n\t\t\t\t\t\t\t\t\t<span class=\"elementor-button-text\">As Nossas Instala\u00e7\u00f5es<\/span>\n\t\t\t\t\t<\/span>\n\t\t\t\t\t<\/a>\n\t\t\t\t<\/div>\n\t\t\t\t\t\t\t\t<\/div>\n\t\t\t\t<\/div>\n\t\t\t\t\t<\/div>\n\t\t<\/div>\n\t\t\t\t<div class=\"elementor-column elementor-col-50 elementor-inner-column elementor-element elementor-element-d044a7e\" data-id=\"d044a7e\" data-element_type=\"column\" data-e-type=\"column\">\n\t\t\t<div class=\"elementor-widget-wrap elementor-element-populated\">\n\t\t\t\t\t\t<div class=\"elementor-element elementor-element-75ee515 elementor-align-center elementor-widget elementor-widget-button\" data-id=\"75ee515\" data-element_type=\"widget\" data-e-type=\"widget\" data-widget_type=\"button.default\">\n\t\t\t\t<div class=\"elementor-widget-container\">\n\t\t\t\t\t\t\t\t\t<div class=\"elementor-button-wrapper\">\n\t\t\t\t\t<a class=\"elementor-button elementor-button-link elementor-size-sm\" href=\"\/valongo\/a-nossa-equipa\/\">\n\t\t\t\t\t\t<span class=\"elementor-button-content-wrapper\">\n\t\t\t\t\t\t\t\t\t<span class=\"elementor-button-text\">A Nossa Equipa<\/span>\n\t\t\t\t\t<\/span>\n\t\t\t\t\t<\/a>\n\t\t\t\t<\/div>\n\t\t\t\t\t\t\t\t<\/div>\n\t\t\t\t<\/div>\n\t\t\t\t\t<\/div>\n\t\t<\/div>\n\t\t\t\t\t<\/div>\n\t\t<\/section>\n\t\t\t\t\t<\/div>\n\t\t<\/div>\n\t\t\t\t\t<\/div>\n\t\t<\/section>\n\t\t\t\t<section class=\"elementor-section elementor-top-section elementor-element elementor-element-1f78772 elementor-section-boxed elementor-section-height-default elementor-section-height-default\" data-id=\"1f78772\" data-element_type=\"section\" data-e-type=\"section\">\n\t\t\t\t\t\t<div class=\"elementor-container elementor-column-gap-default\">\n\t\t\t\t\t<div class=\"elementor-column elementor-col-100 elementor-top-column elementor-element elementor-element-ade0b49\" data-id=\"ade0b49\" data-element_type=\"column\" data-e-type=\"column\">\n\t\t\t<div class=\"elementor-widget-wrap elementor-element-populated\">\n\t\t\t\t\t\t<div class=\"elementor-element elementor-element-ef6a20a elementor-widget elementor-widget-gallery\" data-id=\"ef6a20a\" data-element_type=\"widget\" data-e-type=\"widget\" data-settings=\"{&quot;columns&quot;:&quot;3&quot;,&quot;aspect_ratio&quot;:&quot;1:1&quot;,&quot;lazyload&quot;:&quot;yes&quot;,&quot;gallery_layout&quot;:&quot;grid&quot;,&quot;columns_tablet&quot;:2,&quot;columns_mobile&quot;:1,&quot;gap&quot;:{&quot;unit&quot;:&quot;px&quot;,&quot;size&quot;:10,&quot;sizes&quot;:[]},&quot;gap_tablet&quot;:{&quot;unit&quot;:&quot;px&quot;,&quot;size&quot;:10,&quot;sizes&quot;:[]},&quot;gap_mobile&quot;:{&quot;unit&quot;:&quot;px&quot;,&quot;size&quot;:10,&quot;sizes&quot;:[]},&quot;link_to&quot;:&quot;file&quot;,&quot;overlay_background&quot;:&quot;yes&quot;,&quot;content_hover_animation&quot;:&quot;fade-in&quot;}\" data-widget_type=\"gallery.default\">\n\t\t\t\t<div class=\"elementor-widget-container\">\n\t\t\t\t\t\t\t<div class=\"elementor-gallery__container\">\n\t\t\t\t\t\t\t<a class=\"e-gallery-item elementor-gallery-item elementor-animated-content\" href=\"https:\/\/onevetgroup.pt\/valongo\/wp-content\/uploads\/sites\/24\/2024\/04\/2-2-scaled-e1713020309955.jpg\" data-elementor-open-lightbox=\"yes\" data-elementor-lightbox-slideshow=\"ef6a20a\" data-elementor-lightbox-title=\"2\" data-e-action-hash=\"#elementor-action%3Aaction%3Dlightbox%26settings%3DeyJpZCI6MTk2MzAsInVybCI6Imh0dHBzOlwvXC9vbmV2ZXRncm91cC5wdFwvdmFsb25nb1wvd3AtY29udGVudFwvdXBsb2Fkc1wvc2l0ZXNcLzI0XC8yMDI0XC8wNFwvMi0yLXNjYWxlZC1lMTcxMzAyMDMwOTk1NS5qcGciLCJzbGlkZXNob3ciOiJlZjZhMjBhIn0%3D\">\n\t\t\t\t\t<div class=\"e-gallery-image elementor-gallery-item__image\" data-thumbnail=\"https:\/\/onevetgroup.pt\/valongo\/wp-content\/uploads\/sites\/24\/2024\/04\/2-2-scaled-e1713020309955-848x1024.jpg\" data-width=\"724\" data-height=\"874\" aria-label=\"\" role=\"img\" ><\/div>\n\t\t\t\t\t\t\t\t\t\t\t<div class=\"elementor-gallery-item__overlay\"><\/div>\n\t\t\t\t\t\t\t\t\t\t\t\t\t\t<\/a>\n\t\t\t\t\t\t\t<a class=\"e-gallery-item elementor-gallery-item elementor-animated-content\" href=\"https:\/\/onevetgroup.pt\/valongo\/wp-content\/uploads\/sites\/24\/2024\/04\/1-31-1-1-scaled.jpg\" data-elementor-open-lightbox=\"yes\" data-elementor-lightbox-slideshow=\"ef6a20a\" data-elementor-lightbox-title=\"1-31 (1) (1)\" data-e-action-hash=\"#elementor-action%3Aaction%3Dlightbox%26settings%3DeyJpZCI6MTk2MTEsInVybCI6Imh0dHBzOlwvXC9vbmV2ZXRncm91cC5wdFwvdmFsb25nb1wvd3AtY29udGVudFwvdXBsb2Fkc1wvc2l0ZXNcLzI0XC8yMDI0XC8wNFwvMS0zMS0xLTEtc2NhbGVkLmpwZyIsInNsaWRlc2hvdyI6ImVmNmEyMGEifQ%3D%3D\">\n\t\t\t\t\t<div class=\"e-gallery-image elementor-gallery-item__image\" data-thumbnail=\"https:\/\/onevetgroup.pt\/valongo\/wp-content\/uploads\/sites\/24\/2024\/04\/1-31-1-1-1024x683.jpg\" data-width=\"724\" data-height=\"483\" aria-label=\"\" role=\"img\" ><\/div>\n\t\t\t\t\t\t\t\t\t\t\t<div class=\"elementor-gallery-item__overlay\"><\/div>\n\t\t\t\t\t\t\t\t\t\t\t\t\t\t<\/a>\n\t\t\t\t\t\t\t<a class=\"e-gallery-item elementor-gallery-item elementor-animated-content\" href=\"https:\/\/onevetgroup.pt\/valongo\/wp-content\/uploads\/sites\/24\/2024\/04\/4-2-scaled-e1713020346630.jpg\" data-elementor-open-lightbox=\"yes\" data-elementor-lightbox-slideshow=\"ef6a20a\" data-elementor-lightbox-title=\"4\" data-e-action-hash=\"#elementor-action%3Aaction%3Dlightbox%26settings%3DeyJpZCI6MTk2MzIsInVybCI6Imh0dHBzOlwvXC9vbmV2ZXRncm91cC5wdFwvdmFsb25nb1wvd3AtY29udGVudFwvdXBsb2Fkc1wvc2l0ZXNcLzI0XC8yMDI0XC8wNFwvNC0yLXNjYWxlZC1lMTcxMzAyMDM0NjYzMC5qcGciLCJzbGlkZXNob3ciOiJlZjZhMjBhIn0%3D\">\n\t\t\t\t\t<div class=\"e-gallery-image elementor-gallery-item__image\" data-thumbnail=\"https:\/\/onevetgroup.pt\/valongo\/wp-content\/uploads\/sites\/24\/2024\/04\/4-2-scaled-e1713020346630-851x1024.jpg\" data-width=\"724\" data-height=\"871\" aria-label=\"\" role=\"img\" ><\/div>\n\t\t\t\t\t\t\t\t\t\t\t<div class=\"elementor-gallery-item__overlay\"><\/div>\n\t\t\t\t\t\t\t\t\t\t\t\t\t\t<\/a>\n\t\t\t\t\t\t\t<a class=\"e-gallery-item elementor-gallery-item elementor-animated-content\" href=\"https:\/\/onevetgroup.pt\/valongo\/wp-content\/uploads\/sites\/24\/2024\/04\/1-26-1-scaled.jpg\" data-elementor-open-lightbox=\"yes\" data-elementor-lightbox-slideshow=\"ef6a20a\" data-elementor-lightbox-title=\"1-26 (1)\" data-e-action-hash=\"#elementor-action%3Aaction%3Dlightbox%26settings%3DeyJpZCI6MTk2MDksInVybCI6Imh0dHBzOlwvXC9vbmV2ZXRncm91cC5wdFwvdmFsb25nb1wvd3AtY29udGVudFwvdXBsb2Fkc1wvc2l0ZXNcLzI0XC8yMDI0XC8wNFwvMS0yNi0xLXNjYWxlZC5qcGciLCJzbGlkZXNob3ciOiJlZjZhMjBhIn0%3D\">\n\t\t\t\t\t<div class=\"e-gallery-image elementor-gallery-item__image\" data-thumbnail=\"https:\/\/onevetgroup.pt\/valongo\/wp-content\/uploads\/sites\/24\/2024\/04\/1-26-1-1024x681.jpg\" data-width=\"724\" data-height=\"481\" aria-label=\"\" role=\"img\" ><\/div>\n\t\t\t\t\t\t\t\t\t\t\t<div class=\"elementor-gallery-item__overlay\"><\/div>\n\t\t\t\t\t\t\t\t\t\t\t\t\t\t<\/a>\n\t\t\t\t\t\t\t<a class=\"e-gallery-item elementor-gallery-item elementor-animated-content\" href=\"https:\/\/onevetgroup.pt\/valongo\/wp-content\/uploads\/sites\/24\/2024\/04\/1-2-scaled-e1713020278971.jpg\" data-elementor-open-lightbox=\"yes\" data-elementor-lightbox-slideshow=\"ef6a20a\" data-elementor-lightbox-title=\"1\" data-e-action-hash=\"#elementor-action%3Aaction%3Dlightbox%26settings%3DeyJpZCI6MTk2MjgsInVybCI6Imh0dHBzOlwvXC9vbmV2ZXRncm91cC5wdFwvdmFsb25nb1wvd3AtY29udGVudFwvdXBsb2Fkc1wvc2l0ZXNcLzI0XC8yMDI0XC8wNFwvMS0yLXNjYWxlZC1lMTcxMzAyMDI3ODk3MS5qcGciLCJzbGlkZXNob3ciOiJlZjZhMjBhIn0%3D\">\n\t\t\t\t\t<div class=\"e-gallery-image elementor-gallery-item__image\" data-thumbnail=\"https:\/\/onevetgroup.pt\/valongo\/wp-content\/uploads\/sites\/24\/2024\/04\/1-2-scaled-e1713020278971-759x1024.jpg\" data-width=\"724\" data-height=\"977\" aria-label=\"\" role=\"img\" ><\/div>\n\t\t\t\t\t\t\t\t\t\t\t<div class=\"elementor-gallery-item__overlay\"><\/div>\n\t\t\t\t\t\t\t\t\t\t\t\t\t\t<\/a>\n\t\t\t\t\t\t\t<a class=\"e-gallery-item elementor-gallery-item elementor-animated-content\" href=\"https:\/\/onevetgroup.pt\/valongo\/wp-content\/uploads\/sites\/24\/2024\/04\/1-11-1-1-scaled-e1713020636193.jpg\" data-elementor-open-lightbox=\"yes\" data-elementor-lightbox-slideshow=\"ef6a20a\" data-elementor-lightbox-title=\"1-11 (1) (1)\" data-e-action-hash=\"#elementor-action%3Aaction%3Dlightbox%26settings%3DeyJpZCI6MTk2NDEsInVybCI6Imh0dHBzOlwvXC9vbmV2ZXRncm91cC5wdFwvdmFsb25nb1wvd3AtY29udGVudFwvdXBsb2Fkc1wvc2l0ZXNcLzI0XC8yMDI0XC8wNFwvMS0xMS0xLTEtc2NhbGVkLWUxNzEzMDIwNjM2MTkzLmpwZyIsInNsaWRlc2hvdyI6ImVmNmEyMGEifQ%3D%3D\">\n\t\t\t\t\t<div class=\"e-gallery-image elementor-gallery-item__image\" data-thumbnail=\"https:\/\/onevetgroup.pt\/valongo\/wp-content\/uploads\/sites\/24\/2024\/04\/1-11-1-1-scaled-e1713020636193-859x1024.jpg\" data-width=\"724\" data-height=\"863\" aria-label=\"\" role=\"img\" ><\/div>\n\t\t\t\t\t\t\t\t\t\t\t<div class=\"elementor-gallery-item__overlay\"><\/div>\n\t\t\t\t\t\t\t\t\t\t\t\t\t\t<\/a>\n\t\t\t\t\t<\/div>\n\t\t\t\t\t<\/div>\n\t\t\t\t<\/div>\n\t\t\t\t\t<\/div>\n\t\t<\/div>\n\t\t\t\t\t<\/div>\n\t\t<\/section>\n\t\t\t\t<\/div>\n\t\t","protected":false},"excerpt":{"rendered":"<p>Onevet Cl\u00ednica Veterin\u00e1ria de Valongo com Urg\u00eancias 24h, assegurado pelo Onevet Hospital Veterin\u00e1rio do Porto (HVPO). Ao longo de 25 anos crescemos profissionalmente no setor dos animais de companhia, cuidando da sa\u00fade do seu melhor amigo de 4 patas. A nossa Cl\u00ednica foi fundada em 1996 e desde essa altura que nos dedicamos \u00e0 sa\u00fade &hellip; <\/p>\n","protected":false},"author":1,"featured_media":0,"parent":0,"menu_order":0,"comment_status":"closed","ping_status":"closed","template":"page-fullwidth.php","meta":{"_acf_changed":false,"content-type":"","footnotes":""},"class_list":["post-14008","page","type-page","status-publish","hentry"],"acf":[],"yoast_head":"<!-- This site is optimized with the Yoast SEO plugin v27.4 - https:\/\/yoast.com\/product\/yoast-seo-wordpress\/ -->\n<title>Sobre N\u00f3s - Valongo<\/title>\n<meta name=\"robots\" content=\"index, follow, max-snippet:-1, max-image-preview:large, max-video-preview:-1\" \/>\n<link rel=\"canonical\" href=\"https:\/\/onevetgroup.pt\/valongo\/sobre-nos\/\" \/>\n<meta property=\"og:locale\" content=\"pt_PT\" \/>\n<meta property=\"og:type\" content=\"article\" \/>\n<meta property=\"og:title\" content=\"Sobre N\u00f3s - Valongo\" \/>\n<meta property=\"og:description\" content=\"Onevet Cl\u00ednica Veterin\u00e1ria de Valongo com Urg\u00eancias 24h, assegurado pelo Onevet Hospital Veterin\u00e1rio do Porto (HVPO). Ao longo de 25 anos crescemos profissionalmente no setor dos animais de companhia, cuidando da sa\u00fade do seu melhor amigo de 4 patas. A nossa Cl\u00ednica foi fundada em 1996 e desde essa altura que nos dedicamos \u00e0 sa\u00fade &hellip;\" \/>\n<meta property=\"og:url\" content=\"https:\/\/onevetgroup.pt\/valongo\/sobre-nos\/\" \/>\n<meta property=\"og:site_name\" content=\"Valongo\" \/>\n<meta property=\"article:modified_time\" content=\"2024-04-13T15:04:29+00:00\" \/>\n<meta property=\"og:image\" content=\"https:\/\/onevetgroup.pt\/valongo\/wp-content\/uploads\/sites\/24\/2024\/04\/1-47-1-786x524.jpg\" \/>\n<meta name=\"twitter:card\" content=\"summary_large_image\" \/>\n<meta name=\"twitter:label1\" content=\"Tempo estimado de leitura\" \/>\n\t<meta name=\"twitter:data1\" content=\"2 minutos\" \/>\n<script type=\"application\/ld+json\" class=\"yoast-schema-graph\">{\"@context\":\"https:\\\/\\\/schema.org\",\"@graph\":[{\"@type\":\"WebPage\",\"@id\":\"https:\\\/\\\/onevetgroup.pt\\\/valongo\\\/sobre-nos\\\/\",\"url\":\"https:\\\/\\\/onevetgroup.pt\\\/valongo\\\/sobre-nos\\\/\",\"name\":\"Sobre N\u00f3s - Valongo\",\"isPartOf\":{\"@id\":\"https:\\\/\\\/onevetgroup.pt\\\/valongo\\\/#website\"},\"primaryImageOfPage\":{\"@id\":\"https:\\\/\\\/onevetgroup.pt\\\/valongo\\\/sobre-nos\\\/#primaryimage\"},\"image\":{\"@id\":\"https:\\\/\\\/onevetgroup.pt\\\/valongo\\\/sobre-nos\\\/#primaryimage\"},\"thumbnailUrl\":\"https:\\\/\\\/onevetgroup.pt\\\/valongo\\\/wp-content\\\/uploads\\\/sites\\\/24\\\/2024\\\/04\\\/1-47-1-786x524.jpg\",\"datePublished\":\"2021-02-08T15:28:59+00:00\",\"dateModified\":\"2024-04-13T15:04:29+00:00\",\"breadcrumb\":{\"@id\":\"https:\\\/\\\/onevetgroup.pt\\\/valongo\\\/sobre-nos\\\/#breadcrumb\"},\"inLanguage\":\"pt-PT\",\"potentialAction\":[{\"@type\":\"ReadAction\",\"target\":[\"https:\\\/\\\/onevetgroup.pt\\\/valongo\\\/sobre-nos\\\/\"]}]},{\"@type\":\"ImageObject\",\"inLanguage\":\"pt-PT\",\"@id\":\"https:\\\/\\\/onevetgroup.pt\\\/valongo\\\/sobre-nos\\\/#primaryimage\",\"url\":\"https:\\\/\\\/onevetgroup.pt\\\/valongo\\\/wp-content\\\/uploads\\\/sites\\\/24\\\/2024\\\/04\\\/1-47-1-scaled.jpg\",\"contentUrl\":\"https:\\\/\\\/onevetgroup.pt\\\/valongo\\\/wp-content\\\/uploads\\\/sites\\\/24\\\/2024\\\/04\\\/1-47-1-scaled.jpg\",\"width\":2560,\"height\":1706},{\"@type\":\"BreadcrumbList\",\"@id\":\"https:\\\/\\\/onevetgroup.pt\\\/valongo\\\/sobre-nos\\\/#breadcrumb\",\"itemListElement\":[{\"@type\":\"ListItem\",\"position\":1,\"name\":\"Home\",\"item\":\"https:\\\/\\\/onevetgroup.pt\\\/valongo\\\/\"},{\"@type\":\"ListItem\",\"position\":2,\"name\":\"Sobre N\u00f3s\"}]},{\"@type\":\"WebSite\",\"@id\":\"https:\\\/\\\/onevetgroup.pt\\\/valongo\\\/#website\",\"url\":\"https:\\\/\\\/onevetgroup.pt\\\/valongo\\\/\",\"name\":\"Valongo\",\"description\":\"Your Pets in Good Hands\",\"publisher\":{\"@id\":\"https:\\\/\\\/onevetgroup.pt\\\/valongo\\\/#organization\"},\"potentialAction\":[{\"@type\":\"SearchAction\",\"target\":{\"@type\":\"EntryPoint\",\"urlTemplate\":\"https:\\\/\\\/onevetgroup.pt\\\/valongo\\\/?s={search_term_string}\"},\"query-input\":{\"@type\":\"PropertyValueSpecification\",\"valueRequired\":true,\"valueName\":\"search_term_string\"}}],\"inLanguage\":\"pt-PT\"},{\"@type\":\"Organization\",\"@id\":\"https:\\\/\\\/onevetgroup.pt\\\/valongo\\\/#organization\",\"name\":\"Valongo\",\"url\":\"https:\\\/\\\/onevetgroup.pt\\\/valongo\\\/\",\"logo\":{\"@type\":\"ImageObject\",\"inLanguage\":\"pt-PT\",\"@id\":\"https:\\\/\\\/onevetgroup.pt\\\/valongo\\\/#\\\/schema\\\/logo\\\/image\\\/\",\"url\":\"https:\\\/\\\/onevetgroup.pt\\\/valongo\\\/wp-content\\\/uploads\\\/sites\\\/24\\\/2023\\\/07\\\/cropped-onevet_cvvalongo_horizontal-1-e1689067195353.png\",\"contentUrl\":\"https:\\\/\\\/onevetgroup.pt\\\/valongo\\\/wp-content\\\/uploads\\\/sites\\\/24\\\/2023\\\/07\\\/cropped-onevet_cvvalongo_horizontal-1-e1689067195353.png\",\"width\":225,\"height\":70,\"caption\":\"Valongo\"},\"image\":{\"@id\":\"https:\\\/\\\/onevetgroup.pt\\\/valongo\\\/#\\\/schema\\\/logo\\\/image\\\/\"}}]}<\/script>\n<!-- \/ Yoast SEO plugin. -->","yoast_head_json":{"title":"Sobre N\u00f3s - Valongo","robots":{"index":"index","follow":"follow","max-snippet":"max-snippet:-1","max-image-preview":"max-image-preview:large","max-video-preview":"max-video-preview:-1"},"canonical":"https:\/\/onevetgroup.pt\/valongo\/sobre-nos\/","og_locale":"pt_PT","og_type":"article","og_title":"Sobre N\u00f3s - Valongo","og_description":"Onevet Cl\u00ednica Veterin\u00e1ria de Valongo com Urg\u00eancias 24h, assegurado pelo Onevet Hospital Veterin\u00e1rio do Porto (HVPO). Ao longo de 25 anos crescemos profissionalmente no setor dos animais de companhia, cuidando da sa\u00fade do seu melhor amigo de 4 patas. A nossa Cl\u00ednica foi fundada em 1996 e desde essa altura que nos dedicamos \u00e0 sa\u00fade &hellip;","og_url":"https:\/\/onevetgroup.pt\/valongo\/sobre-nos\/","og_site_name":"Valongo","article_modified_time":"2024-04-13T15:04:29+00:00","og_image":[{"url":"https:\/\/onevetgroup.pt\/valongo\/wp-content\/uploads\/sites\/24\/2024\/04\/1-47-1-786x524.jpg","type":"","width":"","height":""}],"twitter_card":"summary_large_image","twitter_misc":{"Tempo estimado de leitura":"2 minutos"},"schema":{"@context":"https:\/\/schema.org","@graph":[{"@type":"WebPage","@id":"https:\/\/onevetgroup.pt\/valongo\/sobre-nos\/","url":"https:\/\/onevetgroup.pt\/valongo\/sobre-nos\/","name":"Sobre N\u00f3s - Valongo","isPartOf":{"@id":"https:\/\/onevetgroup.pt\/valongo\/#website"},"primaryImageOfPage":{"@id":"https:\/\/onevetgroup.pt\/valongo\/sobre-nos\/#primaryimage"},"image":{"@id":"https:\/\/onevetgroup.pt\/valongo\/sobre-nos\/#primaryimage"},"thumbnailUrl":"https:\/\/onevetgroup.pt\/valongo\/wp-content\/uploads\/sites\/24\/2024\/04\/1-47-1-786x524.jpg","datePublished":"2021-02-08T15:28:59+00:00","dateModified":"2024-04-13T15:04:29+00:00","breadcrumb":{"@id":"https:\/\/onevetgroup.pt\/valongo\/sobre-nos\/#breadcrumb"},"inLanguage":"pt-PT","potentialAction":[{"@type":"ReadAction","target":["https:\/\/onevetgroup.pt\/valongo\/sobre-nos\/"]}]},{"@type":"ImageObject","inLanguage":"pt-PT","@id":"https:\/\/onevetgroup.pt\/valongo\/sobre-nos\/#primaryimage","url":"https:\/\/onevetgroup.pt\/valongo\/wp-content\/uploads\/sites\/24\/2024\/04\/1-47-1-scaled.jpg","contentUrl":"https:\/\/onevetgroup.pt\/valongo\/wp-content\/uploads\/sites\/24\/2024\/04\/1-47-1-scaled.jpg","width":2560,"height":1706},{"@type":"BreadcrumbList","@id":"https:\/\/onevetgroup.pt\/valongo\/sobre-nos\/#breadcrumb","itemListElement":[{"@type":"ListItem","position":1,"name":"Home","item":"https:\/\/onevetgroup.pt\/valongo\/"},{"@type":"ListItem","position":2,"name":"Sobre N\u00f3s"}]},{"@type":"WebSite","@id":"https:\/\/onevetgroup.pt\/valongo\/#website","url":"https:\/\/onevetgroup.pt\/valongo\/","name":"Valongo","description":"Your Pets in Good Hands","publisher":{"@id":"https:\/\/onevetgroup.pt\/valongo\/#organization"},"potentialAction":[{"@type":"SearchAction","target":{"@type":"EntryPoint","urlTemplate":"https:\/\/onevetgroup.pt\/valongo\/?s={search_term_string}"},"query-input":{"@type":"PropertyValueSpecification","valueRequired":true,"valueName":"search_term_string"}}],"inLanguage":"pt-PT"},{"@type":"Organization","@id":"https:\/\/onevetgroup.pt\/valongo\/#organization","name":"Valongo","url":"https:\/\/onevetgroup.pt\/valongo\/","logo":{"@type":"ImageObject","inLanguage":"pt-PT","@id":"https:\/\/onevetgroup.pt\/valongo\/#\/schema\/logo\/image\/","url":"https:\/\/onevetgroup.pt\/valongo\/wp-content\/uploads\/sites\/24\/2023\/07\/cropped-onevet_cvvalongo_horizontal-1-e1689067195353.png","contentUrl":"https:\/\/onevetgroup.pt\/valongo\/wp-content\/uploads\/sites\/24\/2023\/07\/cropped-onevet_cvvalongo_horizontal-1-e1689067195353.png","width":225,"height":70,"caption":"Valongo"},"image":{"@id":"https:\/\/onevetgroup.pt\/valongo\/#\/schema\/logo\/image\/"}}]}},"_links":{"self":[{"href":"https:\/\/onevetgroup.pt\/valongo\/wp-json\/wp\/v2\/pages\/14008","targetHints":{"allow":["GET"]}}],"collection":[{"href":"https:\/\/onevetgroup.pt\/valongo\/wp-json\/wp\/v2\/pages"}],"about":[{"href":"https:\/\/onevetgroup.pt\/valongo\/wp-json\/wp\/v2\/types\/page"}],"author":[{"embeddable":true,"href":"https:\/\/onevetgroup.pt\/valongo\/wp-json\/wp\/v2\/users\/1"}],"replies":[{"embeddable":true,"href":"https:\/\/onevetgroup.pt\/valongo\/wp-json\/wp\/v2\/comments?post=14008"}],"version-history":[{"count":9,"href":"https:\/\/onevetgroup.pt\/valongo\/wp-json\/wp\/v2\/pages\/14008\/revisions"}],"predecessor-version":[{"id":19645,"href":"https:\/\/onevetgroup.pt\/valongo\/wp-json\/wp\/v2\/pages\/14008\/revisions\/19645"}],"wp:attachment":[{"href":"https:\/\/onevetgroup.pt\/valongo\/wp-json\/wp\/v2\/media?parent=14008"}],"curies":[{"name":"wp","href":"https:\/\/api.w.org\/{rel}","templated":true}]}}