{"id":14013,"date":"2021-02-08T15:29:00","date_gmt":"2021-02-08T15:29:00","guid":{"rendered":"http:\/\/onevet.pt\/valongo\/cuidados-de-emergencia-24h\/"},"modified":"2025-11-12T16:48:48","modified_gmt":"2025-11-12T16:48:48","slug":"cuidados-de-emergencia-24h","status":"publish","type":"page","link":"https:\/\/onevetgroup.pt\/valongo\/servicos-veterinarios\/cuidados-de-emergencia-24h\/","title":{"rendered":"Cuidados de Emerg\u00eancia 24H"},"content":{"rendered":"\t\t<div data-elementor-type=\"wp-page\" data-elementor-id=\"14013\" class=\"elementor elementor-14013 elementor-762\" data-elementor-post-type=\"page\">\n\t\t\t\t\t\t<section class=\"elementor-section elementor-top-section elementor-element elementor-element-3b7f1f2 elementor-section-boxed elementor-section-height-default elementor-section-height-default\" data-id=\"3b7f1f2\" data-element_type=\"section\" id=\"main-sec\">\n\t\t\t\t\t\t<div class=\"elementor-container elementor-column-gap-default\">\n\t\t\t\t\t<div class=\"elementor-column elementor-col-100 elementor-top-column elementor-element elementor-element-138c88c\" data-id=\"138c88c\" data-element_type=\"column\">\n\t\t\t<div class=\"elementor-widget-wrap elementor-element-populated\">\n\t\t\t\t\t\t<div class=\"elementor-element elementor-element-ec83cf0 elementor-widget elementor-widget-section_titleleft\" data-id=\"ec83cf0\" data-element_type=\"widget\" data-widget_type=\"section_titleleft.default\">\n\t\t\t\t<div class=\"elementor-widget-container\">\n\t\t\t\t\t        <div class=\"ab_text-title fl-wrap\">\r\n            Na Onevet Cl\u00ednica Veterin\u00e1ria de Valongo prestamos cuidados de hospitaliza\u00e7\u00e3o 24 horas dedicados aos cuidados intensivos do doente.<span class=\"section-separator fl-sec-sep\"><\/span>        <\/div>\r\n        \t\t\t\t<\/div>\n\t\t\t\t<\/div>\n\t\t\t\t\t<\/div>\n\t\t<\/div>\n\t\t\t\t\t<\/div>\n\t\t<\/section>\n\t\t\t\t<section class=\"elementor-section elementor-top-section elementor-element elementor-element-d993722 elementor-section-boxed elementor-section-height-default elementor-section-height-default\" data-id=\"d993722\" data-element_type=\"section\">\n\t\t\t\t\t\t<div class=\"elementor-container elementor-column-gap-wide\">\n\t\t\t\t\t<div class=\"elementor-column elementor-col-50 elementor-top-column elementor-element elementor-element-065811d\" data-id=\"065811d\" data-element_type=\"column\">\n\t\t\t<div class=\"elementor-widget-wrap elementor-element-populated\">\n\t\t\t\t\t\t<div class=\"elementor-element elementor-element-63d99ac elementor-widget elementor-widget-text-editor\" data-id=\"63d99ac\" data-element_type=\"widget\" data-widget_type=\"text-editor.default\">\n\t\t\t\t<div class=\"elementor-widget-container\">\n\t\t\t\t\t\t\t\t\t<p>Estamos comprometidos em minimizar o stress que pode estar associado \u00e0 sua visita de emerg\u00eancia, tanto para si como para o seu animal de estima\u00e7\u00e3o.&nbsp;&nbsp;Oferecemos \u00e1reas independentes e exclusivas para c\u00e3es e gatos, bem como para animais infecciosos.<\/p>\n<p>A nossa equipa inclui veterin\u00e1rios experientes, juntamente com uma equipa de t\u00e9cnicos de veterin\u00e1ria registados e auxiliares de cuidados animais.&nbsp;Estamos bem preparados com os equipamentos mais recentes, juntamente com uma equipa excecionalmente treinada para garantir que o seu animal de estima\u00e7\u00e3o estar\u00e1 em excelentes m\u00e3os.<\/p>\n<p>Os pacientes s\u00e3o constantemente monitorizados pela nossa equipa veterin\u00e1ria. Oferecemos equipamentos de infus\u00e3o constante para terapia de perfus\u00e3o, nutri\u00e7\u00e3o atrav\u00e9s de entuba\u00e7\u00e3o nasoesof\u00e1gica, drenos, cateteres, oxigenoterapia, l\u00e2mpadas quentes e mais.<\/p>\n<p>Alguns dos tratamentos mais comuns que cobrimos s\u00e3o:<\/p>\n<ul>\n<li>Hemorragia grave<\/li>\n<li>Perda de consci\u00eancia<\/li>\n<li>Envenenamento<\/li>\n<\/ul>\n\t\t\t\t\t\t\t\t<\/div>\n\t\t\t\t<\/div>\n\t\t\t\t<div class=\"elementor-element elementor-element-0779fa9 elementor-widget elementor-widget-toggle\" data-id=\"0779fa9\" data-element_type=\"widget\" data-widget_type=\"toggle.default\">\n\t\t\t\t<div class=\"elementor-widget-container\">\n\t\t\t\t\t\t\t<div class=\"elementor-toggle\">\n\t\t\t\t\t\t\t<div class=\"elementor-toggle-item\">\n\t\t\t\t\t<div id=\"elementor-tab-title-7831\" class=\"elementor-tab-title\" data-tab=\"1\" role=\"button\" aria-controls=\"elementor-tab-content-7831\" aria-expanded=\"false\">\n\t\t\t\t\t\t\t\t\t\t\t\t<span class=\"elementor-toggle-icon elementor-toggle-icon-left\" aria-hidden=\"true\">\n\t\t\t\t\t\t\t\t\t\t\t\t\t\t\t<span class=\"elementor-toggle-icon-closed\"><i class=\"fas fa-chevron-down\"><\/i><\/span>\n\t\t\t\t\t\t\t\t<span class=\"elementor-toggle-icon-opened\"><i class=\"elementor-toggle-icon-opened fas fa-chevron-up\"><\/i><\/span>\n\t\t\t\t\t\t\t\t\t\t\t\t\t<\/span>\n\t\t\t\t\t\t\t\t\t\t\t\t<a class=\"elementor-toggle-title\" tabindex=\"0\">Outros tratamentos comuns<\/a>\n\t\t\t\t\t<\/div>\n\n\t\t\t\t\t<div id=\"elementor-tab-content-7831\" class=\"elementor-tab-content elementor-clearfix\" data-tab=\"1\" role=\"region\" aria-labelledby=\"elementor-tab-title-7831\"><ul>\n<li>Vomi\u00e7\u00e3o<\/li>\n<li>Diarreia<\/li>\n<li>Ingest\u00e3o de subst\u00e2ncias estranhas<\/li>\n<li>Incapacidade em urinar<\/li>\n<li>Les\u00f5es oculares<\/li>\n<li>Fraturas \u00f3sseas<\/li>\n<li>Ataques<\/li>\n<\/ul>\n<\/div>\n\t\t\t\t<\/div>\n\t\t\t\t\t\t\t\t<\/div>\n\t\t\t\t\t\t<\/div>\n\t\t\t\t<\/div>\n\t\t\t\t\t<\/div>\n\t\t<\/div>\n\t\t\t\t<div class=\"elementor-column elementor-col-50 elementor-top-column elementor-element elementor-element-2048e61\" data-id=\"2048e61\" data-element_type=\"column\">\n\t\t\t<div class=\"elementor-widget-wrap elementor-element-populated\">\n\t\t\t\t\t\t<div class=\"elementor-element elementor-element-f8cdceb elementor-widget elementor-widget-image\" data-id=\"f8cdceb\" data-element_type=\"widget\" data-widget_type=\"image.default\">\n\t\t\t\t<div class=\"elementor-widget-container\">\n\t\t\t\t\t\t\t\t\t\t\t\t\t\t\t<img fetchpriority=\"high\" width=\"544\" height=\"666\" class=\"attachment-large size-large wp-image-18247 lazy\" alt=\"\" data-src=\"https:\/\/onevetgroup.pt\/valongo\/wp-content\/uploads\/sites\/24\/2022\/07\/Urgenci.jpg\" data-lazy=\"https:\/\/onevetgroup.pt\/valongo\/wp-content\/uploads\/sites\/24\/2022\/07\/Urgenci.jpg\" \/>\t\t\t\t\t\t\t\t\t\t\t\t\t\t\t<\/div>\n\t\t\t\t<\/div>\n\t\t\t\t\t<\/div>\n\t\t<\/div>\n\t\t\t\t\t<\/div>\n\t\t<\/section>\n\t\t\t\t<section class=\"elementor-section elementor-top-section elementor-element elementor-element-c6e8d26 elementor-section-boxed elementor-section-height-default elementor-section-height-default\" data-id=\"c6e8d26\" data-element_type=\"section\">\n\t\t\t\t\t\t<div class=\"elementor-container elementor-column-gap-default\">\n\t\t\t\t\t<div class=\"elementor-column elementor-col-100 elementor-top-column elementor-element elementor-element-d92d362\" data-id=\"d92d362\" data-element_type=\"column\">\n\t\t\t<div class=\"elementor-widget-wrap elementor-element-populated\">\n\t\t\t\t\t\t<div class=\"elementor-element elementor-element-70fb1ad elementor-widget elementor-widget-section_titleleft\" data-id=\"70fb1ad\" data-element_type=\"widget\" data-widget_type=\"section_titleleft.default\">\n\t\t\t\t<div class=\"elementor-widget-container\">\n\t\t\t\t\t        <div class=\"ab_text-title fl-wrap\">\r\n            <h3>Por que raz\u00e3o poder\u00e1 precisar de um servi\u00e7o veterin\u00e1rio de emerg\u00eancia?<\/h3><span class=\"section-separator fl-sec-sep\"><\/span>        <\/div>\r\n        \t\t\t\t<\/div>\n\t\t\t\t<\/div>\n\t\t\t\t\t<\/div>\n\t\t<\/div>\n\t\t\t\t\t<\/div>\n\t\t<\/section>\n\t\t\t\t<section class=\"elementor-section elementor-top-section elementor-element elementor-element-149f379 elementor-section-boxed elementor-section-height-default elementor-section-height-default\" data-id=\"149f379\" data-element_type=\"section\">\n\t\t\t\t\t\t<div class=\"elementor-container elementor-column-gap-wide\">\n\t\t\t\t\t<div class=\"elementor-column elementor-col-50 elementor-top-column elementor-element elementor-element-2a8ea5b\" data-id=\"2a8ea5b\" data-element_type=\"column\">\n\t\t\t<div class=\"elementor-widget-wrap elementor-element-populated\">\n\t\t\t\t\t\t<div class=\"elementor-element elementor-element-01118fc elementor-widget elementor-widget-image\" data-id=\"01118fc\" data-element_type=\"widget\" data-widget_type=\"image.default\">\n\t\t\t\t<div class=\"elementor-widget-container\">\n\t\t\t\t\t\t\t\t\t\t\t\t\t\t\t<img width=\"1005\" height=\"662\" class=\"attachment-full size-full wp-image-18242 lazy\" alt=\"\" data-src=\"https:\/\/onevetgroup.pt\/valongo\/wp-content\/uploads\/sites\/24\/2022\/07\/Urgencia1.jpg\" data-lazy=\"https:\/\/onevetgroup.pt\/valongo\/wp-content\/uploads\/sites\/24\/2022\/07\/Urgencia1.jpg\" \/>\t\t\t\t\t\t\t\t\t\t\t\t\t\t\t<\/div>\n\t\t\t\t<\/div>\n\t\t\t\t\t<\/div>\n\t\t<\/div>\n\t\t\t\t<div class=\"elementor-column elementor-col-50 elementor-top-column elementor-element elementor-element-08b8459\" data-id=\"08b8459\" data-element_type=\"column\">\n\t\t\t<div class=\"elementor-widget-wrap elementor-element-populated\">\n\t\t\t\t\t\t<div class=\"elementor-element elementor-element-e1b240e elementor-widget elementor-widget-text-editor\" data-id=\"e1b240e\" data-element_type=\"widget\" data-widget_type=\"text-editor.default\">\n\t\t\t\t<div class=\"elementor-widget-container\">\n\t\t\t\t\t\t\t\t\t<p>Podem existir muitas raz\u00f5es diferentes para considerar o tratamento de emerg\u00eancia do seu animal de estima\u00e7\u00e3o. Alguns dos sinais de que o seu animal de estima\u00e7\u00e3o pode necessitar de cuidados de emerg\u00eancia incluem:<\/p>\n<ul>\n<li>Dificuldades respirat\u00f3rias<\/li>\n<li>Perda de sangue<\/li>\n<li>Vomi\u00e7\u00e3o cont\u00ednua<\/li>\n<li>Diarreia persistente<\/li>\n<li>Ossos partidos<\/li>\n<li>Perda de consci\u00eancia<\/li>\n<\/ul>\n<p>Qualquer um destes sintomas pode ser grave para o seu animal de estima\u00e7\u00e3o e dever\u00e1 contactar-nos de imediato se acredita que tem em m\u00e3os uma emerg\u00eancia. Por favor n\u00e3o tente lidar com a situa\u00e7\u00e3o por si, a menos que seja necess\u00e1rio aplicar primeiros socorros b\u00e1sicos imediatos ao seu animal de estima\u00e7\u00e3o.<\/p>\n\t\t\t\t\t\t\t\t<\/div>\n\t\t\t\t<\/div>\n\t\t\t\t\t<\/div>\n\t\t<\/div>\n\t\t\t\t\t<\/div>\n\t\t<\/section>\n\t\t\t\t<\/div>\n\t\t","protected":false},"excerpt":{"rendered":"<p>Na prestamos cuidados de hospitaliza\u00e7\u00e3o 24 horas dedicados aos cuidados intensivos do doente. Estamos comprometidos em minimizar o stress que pode estar associado \u00e0 sua visita de emerg\u00eancia, tanto para si como para o seu animal de estima\u00e7\u00e3o.&nbsp;&nbsp;Oferecemos \u00e1reas independentes e exclusivas para c\u00e3es e gatos, bem como para animais infecciosos. A nossa equipa inclui &hellip; <\/p>\n","protected":false},"author":4,"featured_media":0,"parent":14053,"menu_order":0,"comment_status":"closed","ping_status":"closed","template":"page-fullwidth.php","meta":{"_acf_changed":false,"content-type":"","footnotes":""},"class_list":["post-14013","page","type-page","status-publish","hentry"],"acf":[],"yoast_head":"<!-- This site is optimized with the Yoast SEO plugin v26.2 - https:\/\/yoast.com\/wordpress\/plugins\/seo\/ -->\n<title>Cuidados de Emerg\u00eancia 24H - Valongo<\/title>\n<meta name=\"robots\" content=\"index, follow, max-snippet:-1, max-image-preview:large, max-video-preview:-1\" \/>\n<link rel=\"canonical\" href=\"https:\/\/onevetgroup.pt\/valongo\/servicos-veterinarios\/cuidados-de-emergencia-24h\/\" \/>\n<meta property=\"og:locale\" content=\"pt_PT\" \/>\n<meta property=\"og:type\" content=\"article\" \/>\n<meta property=\"og:title\" content=\"Cuidados de Emerg\u00eancia 24H - Valongo\" \/>\n<meta property=\"og:description\" content=\"Na prestamos cuidados de hospitaliza\u00e7\u00e3o 24 horas dedicados aos cuidados intensivos do doente. Estamos comprometidos em minimizar o stress que pode estar associado \u00e0 sua visita de emerg\u00eancia, tanto para si como para o seu animal de estima\u00e7\u00e3o.&nbsp;&nbsp;Oferecemos \u00e1reas independentes e exclusivas para c\u00e3es e gatos, bem como para animais infecciosos. A nossa equipa inclui &hellip;\" \/>\n<meta property=\"og:url\" content=\"https:\/\/onevetgroup.pt\/valongo\/servicos-veterinarios\/cuidados-de-emergencia-24h\/\" \/>\n<meta property=\"og:site_name\" content=\"Valongo\" \/>\n<meta property=\"article:modified_time\" content=\"2025-11-12T16:48:48+00:00\" \/>\n<meta property=\"og:image\" content=\"https:\/\/onevetgroup.pt\/valongo\/wp-content\/uploads\/sites\/24\/2022\/07\/Urgenci.jpg\" \/>\n<meta name=\"twitter:card\" content=\"summary_large_image\" \/>\n<meta name=\"twitter:label1\" content=\"Tempo estimado de leitura\" \/>\n\t<meta name=\"twitter:data1\" content=\"2 minutos\" \/>\n<script type=\"application\/ld+json\" class=\"yoast-schema-graph\">{\"@context\":\"https:\/\/schema.org\",\"@graph\":[{\"@type\":\"WebPage\",\"@id\":\"https:\/\/onevetgroup.pt\/valongo\/servicos-veterinarios\/cuidados-de-emergencia-24h\/\",\"url\":\"https:\/\/onevetgroup.pt\/valongo\/servicos-veterinarios\/cuidados-de-emergencia-24h\/\",\"name\":\"Cuidados de Emerg\u00eancia 24H - Valongo\",\"isPartOf\":{\"@id\":\"https:\/\/onevetgroup.pt\/valongo\/#website\"},\"primaryImageOfPage\":{\"@id\":\"https:\/\/onevetgroup.pt\/valongo\/servicos-veterinarios\/cuidados-de-emergencia-24h\/#primaryimage\"},\"image\":{\"@id\":\"https:\/\/onevetgroup.pt\/valongo\/servicos-veterinarios\/cuidados-de-emergencia-24h\/#primaryimage\"},\"thumbnailUrl\":\"https:\/\/onevetgroup.pt\/valongo\/wp-content\/uploads\/sites\/24\/2022\/07\/Urgenci.jpg\",\"datePublished\":\"2021-02-08T15:29:00+00:00\",\"dateModified\":\"2025-11-12T16:48:48+00:00\",\"breadcrumb\":{\"@id\":\"https:\/\/onevetgroup.pt\/valongo\/servicos-veterinarios\/cuidados-de-emergencia-24h\/#breadcrumb\"},\"inLanguage\":\"pt-PT\",\"potentialAction\":[{\"@type\":\"ReadAction\",\"target\":[\"https:\/\/onevetgroup.pt\/valongo\/servicos-veterinarios\/cuidados-de-emergencia-24h\/\"]}]},{\"@type\":\"ImageObject\",\"inLanguage\":\"pt-PT\",\"@id\":\"https:\/\/onevetgroup.pt\/valongo\/servicos-veterinarios\/cuidados-de-emergencia-24h\/#primaryimage\",\"url\":\"https:\/\/onevetgroup.pt\/valongo\/wp-content\/uploads\/sites\/24\/2022\/07\/Urgenci.jpg\",\"contentUrl\":\"https:\/\/onevetgroup.pt\/valongo\/wp-content\/uploads\/sites\/24\/2022\/07\/Urgenci.jpg\",\"width\":544,\"height\":666},{\"@type\":\"BreadcrumbList\",\"@id\":\"https:\/\/onevetgroup.pt\/valongo\/servicos-veterinarios\/cuidados-de-emergencia-24h\/#breadcrumb\",\"itemListElement\":[{\"@type\":\"ListItem\",\"position\":1,\"name\":\"Home\",\"item\":\"https:\/\/onevetgroup.pt\/valongo\/\"},{\"@type\":\"ListItem\",\"position\":2,\"name\":\"Servi\u00e7os de Cuidados para Animais de Estima\u00e7\u00e3o\",\"item\":\"https:\/\/onevetgroup.pt\/valongo\/servicos-veterinarios\/\"},{\"@type\":\"ListItem\",\"position\":3,\"name\":\"Cuidados de Emerg\u00eancia 24H\"}]},{\"@type\":\"WebSite\",\"@id\":\"https:\/\/onevetgroup.pt\/valongo\/#website\",\"url\":\"https:\/\/onevetgroup.pt\/valongo\/\",\"name\":\"Valongo\",\"description\":\"Your Pets in Good Hands\",\"publisher\":{\"@id\":\"https:\/\/onevetgroup.pt\/valongo\/#organization\"},\"potentialAction\":[{\"@type\":\"SearchAction\",\"target\":{\"@type\":\"EntryPoint\",\"urlTemplate\":\"https:\/\/onevetgroup.pt\/valongo\/?s={search_term_string}\"},\"query-input\":{\"@type\":\"PropertyValueSpecification\",\"valueRequired\":true,\"valueName\":\"search_term_string\"}}],\"inLanguage\":\"pt-PT\"},{\"@type\":\"Organization\",\"@id\":\"https:\/\/onevetgroup.pt\/valongo\/#organization\",\"name\":\"Valongo\",\"url\":\"https:\/\/onevetgroup.pt\/valongo\/\",\"logo\":{\"@type\":\"ImageObject\",\"inLanguage\":\"pt-PT\",\"@id\":\"https:\/\/onevetgroup.pt\/valongo\/#\/schema\/logo\/image\/\",\"url\":\"https:\/\/onevetgroup.pt\/valongo\/wp-content\/uploads\/sites\/24\/2023\/07\/cropped-onevet_cvvalongo_horizontal-1-e1689067195353.png\",\"contentUrl\":\"https:\/\/onevetgroup.pt\/valongo\/wp-content\/uploads\/sites\/24\/2023\/07\/cropped-onevet_cvvalongo_horizontal-1-e1689067195353.png\",\"width\":225,\"height\":70,\"caption\":\"Valongo\"},\"image\":{\"@id\":\"https:\/\/onevetgroup.pt\/valongo\/#\/schema\/logo\/image\/\"}}]}<\/script>\n<!-- \/ Yoast SEO plugin. -->","yoast_head_json":{"title":"Cuidados de Emerg\u00eancia 24H - Valongo","robots":{"index":"index","follow":"follow","max-snippet":"max-snippet:-1","max-image-preview":"max-image-preview:large","max-video-preview":"max-video-preview:-1"},"canonical":"https:\/\/onevetgroup.pt\/valongo\/servicos-veterinarios\/cuidados-de-emergencia-24h\/","og_locale":"pt_PT","og_type":"article","og_title":"Cuidados de Emerg\u00eancia 24H - Valongo","og_description":"Na prestamos cuidados de hospitaliza\u00e7\u00e3o 24 horas dedicados aos cuidados intensivos do doente. Estamos comprometidos em minimizar o stress que pode estar associado \u00e0 sua visita de emerg\u00eancia, tanto para si como para o seu animal de estima\u00e7\u00e3o.&nbsp;&nbsp;Oferecemos \u00e1reas independentes e exclusivas para c\u00e3es e gatos, bem como para animais infecciosos. A nossa equipa inclui &hellip;","og_url":"https:\/\/onevetgroup.pt\/valongo\/servicos-veterinarios\/cuidados-de-emergencia-24h\/","og_site_name":"Valongo","article_modified_time":"2025-11-12T16:48:48+00:00","og_image":[{"url":"https:\/\/onevetgroup.pt\/valongo\/wp-content\/uploads\/sites\/24\/2022\/07\/Urgenci.jpg","type":"","width":"","height":""}],"twitter_card":"summary_large_image","twitter_misc":{"Tempo estimado de leitura":"2 minutos"},"schema":{"@context":"https:\/\/schema.org","@graph":[{"@type":"WebPage","@id":"https:\/\/onevetgroup.pt\/valongo\/servicos-veterinarios\/cuidados-de-emergencia-24h\/","url":"https:\/\/onevetgroup.pt\/valongo\/servicos-veterinarios\/cuidados-de-emergencia-24h\/","name":"Cuidados de Emerg\u00eancia 24H - Valongo","isPartOf":{"@id":"https:\/\/onevetgroup.pt\/valongo\/#website"},"primaryImageOfPage":{"@id":"https:\/\/onevetgroup.pt\/valongo\/servicos-veterinarios\/cuidados-de-emergencia-24h\/#primaryimage"},"image":{"@id":"https:\/\/onevetgroup.pt\/valongo\/servicos-veterinarios\/cuidados-de-emergencia-24h\/#primaryimage"},"thumbnailUrl":"https:\/\/onevetgroup.pt\/valongo\/wp-content\/uploads\/sites\/24\/2022\/07\/Urgenci.jpg","datePublished":"2021-02-08T15:29:00+00:00","dateModified":"2025-11-12T16:48:48+00:00","breadcrumb":{"@id":"https:\/\/onevetgroup.pt\/valongo\/servicos-veterinarios\/cuidados-de-emergencia-24h\/#breadcrumb"},"inLanguage":"pt-PT","potentialAction":[{"@type":"ReadAction","target":["https:\/\/onevetgroup.pt\/valongo\/servicos-veterinarios\/cuidados-de-emergencia-24h\/"]}]},{"@type":"ImageObject","inLanguage":"pt-PT","@id":"https:\/\/onevetgroup.pt\/valongo\/servicos-veterinarios\/cuidados-de-emergencia-24h\/#primaryimage","url":"https:\/\/onevetgroup.pt\/valongo\/wp-content\/uploads\/sites\/24\/2022\/07\/Urgenci.jpg","contentUrl":"https:\/\/onevetgroup.pt\/valongo\/wp-content\/uploads\/sites\/24\/2022\/07\/Urgenci.jpg","width":544,"height":666},{"@type":"BreadcrumbList","@id":"https:\/\/onevetgroup.pt\/valongo\/servicos-veterinarios\/cuidados-de-emergencia-24h\/#breadcrumb","itemListElement":[{"@type":"ListItem","position":1,"name":"Home","item":"https:\/\/onevetgroup.pt\/valongo\/"},{"@type":"ListItem","position":2,"name":"Servi\u00e7os de Cuidados para Animais de Estima\u00e7\u00e3o","item":"https:\/\/onevetgroup.pt\/valongo\/servicos-veterinarios\/"},{"@type":"ListItem","position":3,"name":"Cuidados de Emerg\u00eancia 24H"}]},{"@type":"WebSite","@id":"https:\/\/onevetgroup.pt\/valongo\/#website","url":"https:\/\/onevetgroup.pt\/valongo\/","name":"Valongo","description":"Your Pets in Good Hands","publisher":{"@id":"https:\/\/onevetgroup.pt\/valongo\/#organization"},"potentialAction":[{"@type":"SearchAction","target":{"@type":"EntryPoint","urlTemplate":"https:\/\/onevetgroup.pt\/valongo\/?s={search_term_string}"},"query-input":{"@type":"PropertyValueSpecification","valueRequired":true,"valueName":"search_term_string"}}],"inLanguage":"pt-PT"},{"@type":"Organization","@id":"https:\/\/onevetgroup.pt\/valongo\/#organization","name":"Valongo","url":"https:\/\/onevetgroup.pt\/valongo\/","logo":{"@type":"ImageObject","inLanguage":"pt-PT","@id":"https:\/\/onevetgroup.pt\/valongo\/#\/schema\/logo\/image\/","url":"https:\/\/onevetgroup.pt\/valongo\/wp-content\/uploads\/sites\/24\/2023\/07\/cropped-onevet_cvvalongo_horizontal-1-e1689067195353.png","contentUrl":"https:\/\/onevetgroup.pt\/valongo\/wp-content\/uploads\/sites\/24\/2023\/07\/cropped-onevet_cvvalongo_horizontal-1-e1689067195353.png","width":225,"height":70,"caption":"Valongo"},"image":{"@id":"https:\/\/onevetgroup.pt\/valongo\/#\/schema\/logo\/image\/"}}]}},"_links":{"self":[{"href":"https:\/\/onevetgroup.pt\/valongo\/wp-json\/wp\/v2\/pages\/14013","targetHints":{"allow":["GET"]}}],"collection":[{"href":"https:\/\/onevetgroup.pt\/valongo\/wp-json\/wp\/v2\/pages"}],"about":[{"href":"https:\/\/onevetgroup.pt\/valongo\/wp-json\/wp\/v2\/types\/page"}],"author":[{"embeddable":true,"href":"https:\/\/onevetgroup.pt\/valongo\/wp-json\/wp\/v2\/users\/4"}],"replies":[{"embeddable":true,"href":"https:\/\/onevetgroup.pt\/valongo\/wp-json\/wp\/v2\/comments?post=14013"}],"version-history":[{"count":3,"href":"https:\/\/onevetgroup.pt\/valongo\/wp-json\/wp\/v2\/pages\/14013\/revisions"}],"predecessor-version":[{"id":19814,"href":"https:\/\/onevetgroup.pt\/valongo\/wp-json\/wp\/v2\/pages\/14013\/revisions\/19814"}],"up":[{"embeddable":true,"href":"https:\/\/onevetgroup.pt\/valongo\/wp-json\/wp\/v2\/pages\/14053"}],"wp:attachment":[{"href":"https:\/\/onevetgroup.pt\/valongo\/wp-json\/wp\/v2\/media?parent=14013"}],"curies":[{"name":"wp","href":"https:\/\/api.w.org\/{rel}","templated":true}]}}